{"id":3658,"date":"2020-09-30T18:13:23","date_gmt":"2020-09-30T15:13:23","guid":{"rendered":"https:\/\/www.tugim.org\/beta\/?page_id=3658"},"modified":"2023-08-29T11:57:59","modified_gmt":"2023-08-29T08:57:59","slug":"uyelik-islemleri","status":"publish","type":"page","link":"https:\/\/www.tugim.org\/en\/uyelik-islemleri\/","title":{"rendered":"\u00dcyelik \u0130\u015flemleri"},"content":{"rendered":"<div class=\"fusion-fullwidth fullwidth-box fusion-builder-row-1 fusion-flex-container nonhundred-percent-fullwidth non-hundred-percent-height-scrolling\" style=\"background-color: rgba(255,255,255,0);background-position: left top;background-repeat: no-repeat;border-width: 0px 0px 0px 0px;border-color:#eae9e9;border-style:solid;\" ><div class=\"fusion-builder-row fusion-row fusion-flex-align-items-flex-start\" style=\"max-width:1216.8px;margin-left: calc(-4% \/ 2 );margin-right: calc(-4% \/ 2 );\"><div class=\"fusion-layout-column fusion_builder_column fusion-builder-column-0 fusion_builder_column_1_1 1_1 fusion-flex-column fusion-flex-align-self-flex-start fusion-column-no-min-height\"><div class=\"fusion-column-wrapper fusion-flex-justify-content-flex-start fusion-content-layout-column\" style=\"background-position:left top;background-repeat:no-repeat;-webkit-background-size:cover;-moz-background-size:cover;-o-background-size:cover;background-size:cover;padding: 0px 0px 0px 0px;\"><style type=\"text\/css\">@media only screen and (max-width:1024px) {.fusion-title.fusion-title-1{margin-top:0px!important; margin-right:0px!important;margin-bottom:0px!important;margin-left:0px!important;}}@media only screen and (max-width:850px) {.fusion-title.fusion-title-1{margin-top:0px!important; margin-right:0px!important;margin-bottom:20px!important; margin-left:0px!important;}}<\/style><div class=\"fusion-title title fusion-title-1 fusion-title-center fusion-title-text fusion-title-size-two\" style=\"margin-top:0px;margin-right:0px;margin-bottom:0px;margin-left:0px;\"><div class=\"title-sep-container title-sep-container-left\"><div class=\"title-sep sep-single sep-solid\" style=\"border-color:#e0dede;\"><\/div><\/div><span class=\"awb-title-spacer\"><\/span><h2 class=\"title-heading-center\" style=\"margin:0;\">\u00dcYEL\u0130K \u0130\u015eLEMLER\u0130<\/h2><span class=\"awb-title-spacer\"><\/span><div class=\"title-sep-container title-sep-container-right\"><div class=\"title-sep sep-single sep-solid\" style=\"border-color:#e0dede;\"><\/div><\/div><\/div><div class=\"fusion-separator fusion-full-width-sep\" style=\"align-self: center;margin-left: auto;margin-right: auto;margin-top:30px;margin-bottom:0px;width:100%;\"><div class=\"fusion-separator-border sep-single sep-solid\" style=\"border-color:#0e4290;border-top-width:5px;\"><\/div><\/div><\/div><style type=\"text\/css\">.fusion-body .fusion-builder-column-0{width:100% !important;margin-top : 0px;margin-bottom : 0px;}.fusion-builder-column-0 > .fusion-column-wrapper {padding-top : 0px !important;padding-right : 0px !important;margin-right : 1.92%;padding-bottom : 0px !important;padding-left : 0px !important;margin-left : 1.92%;}@media only screen and (max-width:1024px) {.fusion-body .fusion-builder-column-0{width:100% !important;}.fusion-builder-column-0 > .fusion-column-wrapper {margin-right : 1.92%;margin-left : 1.92%;}}@media only screen and (max-width:850px) {.fusion-body .fusion-builder-column-0{width:100% !important;}.fusion-builder-column-0 > .fusion-column-wrapper {margin-right : 1.92%;margin-left : 1.92%;}}<\/style><\/div><div class=\"fusion-layout-column fusion_builder_column fusion-builder-column-1 fusion_builder_column_1_1 1_1 fusion-flex-column green-border rounded-border\"><div class=\"fusion-column-wrapper fusion-flex-justify-content-flex-start fusion-content-layout-column\" style=\"background-position:left top;background-repeat:no-repeat;-webkit-background-size:cover;-moz-background-size:cover;-o-background-size:cover;background-size:cover;background-color:#ffffff;border-width: 1px 1px 1px 1px;border-color:#e2e2e2;border-style:solid;padding: 4% 6% 3% 6%;\"><div class=\"fusion-builder-row fusion-builder-row-inner fusion-row fusion-flex-align-items-flex-start\" style=\"width:104% !important;max-width:104% !important;margin-left: calc(-4% \/ 2 );margin-right: calc(-4% \/ 2 );\"><div class=\"fusion-layout-column fusion_builder_column_inner fusion-builder-nested-column-0 fusion_builder_column_inner_1_1 1_1 fusion-flex-column fusion-flex-align-self-center\"><div class=\"fusion-column-wrapper fusion-flex-justify-content-flex-start fusion-content-layout-column\" style=\"background-position:left top;background-repeat:no-repeat;-webkit-background-size:cover;-moz-background-size:cover;-o-background-size:cover;background-size:cover;padding: 0px 0px 0px 0px;\"><div class=\"fusion-text fusion-text-1\"><p>Dernek ba\u015fkanl\u0131\u011f\u0131na yaz\u0131l\u0131 olarak yap\u0131lacak \u00fcyelik ba\u015fvurusu, \u0131slak imzal\u0131 olarak resmi posta ile g\u00f6nderilir, dernek y\u00f6netim kurulunca en \u00e7ok otuz g\u00fcn i\u00e7inde \u00fcyeli\u011fe kabul veya iste\u011fin reddi \u015feklinde karara ba\u011flan\u0131r ve sonu\u00e7 yaz\u0131yla ba\u015fvuru sahibine bildirilir. Ba\u015fvurusu kabul edilen \u00fcye, bu ama\u00e7la tutulacak deftere kaydedilir. Yeni bir \u00fcyenin derne\u011fe kabul edilebilmesi i\u00e7in y\u00f6netim kurulunun nitelikli \u00e7o\u011funlu\u011fu (be\u015f \u00fcyenin d\u00f6rd\u00fcn\u00fcn onay\u0131) aran\u0131r.<\/p>\n<p>Derne\u011fin as\u0131l \u00fcyeleri, derne\u011fin kurucular\u0131 ile m\u00fcracaatlar\u0131 \u00fczerine y\u00f6netim kurulunca \u00fcyeli\u011fe kabul edilen ki\u015filerdir.<\/p>\n<p>Derne\u011fe maddi ve manevi bak\u0131mdan \u00f6nemli destek sa\u011flam\u0131\u015f bulunanlar y\u00f6netim kurulu karar\u0131 ile onursal \u00fcye olarak kabul edilebilir.<\/p>\n<p>Derne\u011fin \u015fube say\u0131s\u0131 \u00fc\u00e7ten fazla oldu\u011funda dernek merkezinde kay\u0131tl\u0131 bulunanlar\u0131n \u00fcyelik kay\u0131tlar\u0131 \u015fubelere aktar\u0131l\u0131r. Yeni \u00fcyelik m\u00fcracaatlar\u0131 \u015fubelere yap\u0131l\u0131r. \u00dcyeli\u011fe kabul ve \u00fcyelikten silinme i\u015flemleri \u015fube y\u00f6netim kurullar\u0131 taraf\u0131ndan yap\u0131l\u0131r ve en \u00e7ok otuz g\u00fcn i\u00e7inde bir yaz\u0131yla Genel Merkeze bildirilir.<\/p>\n<p>\u00dcyelik belgesinin ge\u00e7erlili\u011fi 5 sene olup, bu s\u00fcre i\u00e7erisinde belge sahibi g\u00f6zetime tabi tutulur. Belge sahibinin performans\u0131 belge ald\u0131\u011f\u0131 tarihten itibaren 2. y\u0131l ile 3. y\u0131l aras\u0131nda Derne\u011fin belirleyece\u011fi g\u00f6zetim y\u00f6ntemi ile de\u011ferlendirilir.<\/p>\n<p>G\u00f6zetim sonucu performans\u0131 yeterli bulunmayan veya g\u00f6zetimi belge sahibinden kaynaklanan nedenlerle yap\u0131lamayan belge sahibinin belgesi ask\u0131ya al\u0131n\u0131r. Ask\u0131 nedeni ortadan kalkan belge sahibinin belgesinin ge\u00e7erlili\u011fi ge\u00e7erlilik s\u00fcresi sonuna kadar devam eder.<\/p>\n<p>Be\u015f (5) y\u0131ll\u0131k ge\u00e7erlilik s\u00fcresinin sonunda belge sahibinin performans\u0131 a\u015fa\u011f\u0131da tan\u0131mlanan y\u00f6ntemlerden en az biri kullan\u0131larak de\u011ferlendirmeye tabi tutulur.<\/p>\n<ol>\n<li>\u00dcyelik belgesi ge\u00e7erlilik s\u00fcresi i\u00e7inde, en az 200 saatlik mentorluk hizmeti verdi\u011fini (s\u00f6zles\u0327me, fatura, referans belgesi vb.) resmi kay\u0131tlar ve en az 50 saat e\u011fitim, konferans vb. mesleki faaliyete kat\u0131ld\u0131\u011f\u0131n\u0131 sertifika ve\/veya kat\u0131l\u0131m belgeleriyle belgelendirmesi.<\/li>\n<li>Yeterlilik kapsam\u0131nda derne\u011fimiz taraf\u0131ndan tan\u0131mlanan performans s\u0131nav\u0131 (P1) sonucunda ba\u015far\u0131l\u0131 olmas\u0131.<\/li>\n<\/ol>\n<p>De\u011ferlendirme sonucu olumlu olan belge sahibinin, belge ge\u00e7erlilik s\u00fcresi 5 y\u0131l daha uzat\u0131l\u0131r.<\/p>\n<p><strong>Aday \u00dcyelik<\/strong><\/p>\n<p>Derne\u011fe as\u0131l \u00fcye olma \u015fartlar\u0131n\u0131 tam olarak sa\u011flayamayan ki\u015filerdir. Aday \u00dcyeler, \u00fcyeli\u011fin gerektirdi\u011fi her t\u00fcrl\u00fc sorumlu\u011fu \u00fcstlenmek ve Dernek \u0130\u00e7 Y\u00f6netmeli\u011fi\u2019ne uymak \u015fart\u0131yla Y\u00f6netim Kurulu karar\u0131 ile aday \u00fcye olarak kabul edilirler. Aday \u00fcyelerin oy kullanma hakk\u0131 ve Derne\u011fin Y\u00f6netim ve Denetim Kurullar\u0131na se\u00e7ilme hakk\u0131 yoktur. Aday \u00dcyelere, \u00e7al\u0131\u015fma komisyonlar\u0131nda, kongre, sempozyum, panel ve toplant\u0131larda Y\u00f6netim Kurulu karar\u0131 olmak kayd\u0131yla temsil hakk\u0131 verilebilir. \u00dcyeli\u011fi devam eden Aday \u00fcyeler derne\u011fe asil \u00fcye olma \u015fartlar\u0131na haiz olduklar\u0131 tarihten itibaren \u015fahsi ba\u015fvurusu \u00fczerine Y\u00f6netim Kurulu karar\u0131 ile As\u0131l \u00fcyeli\u011fe ge\u00e7er. Aday \u00fcye aidat \u00f6demez, dernek organlar\u0131na se\u00e7ilemez, se\u00e7imlerde oy kullanamaz.<\/p>\n<p><strong>\u00dcyelik Devaml\u0131l\u0131k \u015eart\u0131<\/strong><\/p>\n<p>\u00dcyeler; m\u00fccbir sebep ve\/veya kabul edilebilir bir gerek\u00e7e bildirmeden \u00fcye olduklar\u0131 kurul ve genel kurul \u00e7al\u0131\u015fmalar\u0131na devam etmek zorundad\u0131r. S\u00f6z konusu \u00e7al\u0131\u015fmalara art arda \u00fc\u00e7 kere devams\u0131zl\u0131k yapan \u00fcye i\u00e7in \u00fcyelikten \u00e7\u0131kar\u0131lma \u015fart ve esaslar\u0131 uygulan\u0131r.<\/p>\n<p>\u00dcyeler ayr\u0131ca, dernek taraf\u0131ndan y\u00fcr\u00fct\u00fclen projelerde kendilerine yap\u0131lan g\u00f6revlendirmeler \u00e7er\u00e7evesinde de \u00e7al\u0131\u015fmalar\u0131n\u0131 d\u00fczenli yapmakla y\u00fck\u00fcml\u00fcd\u00fcr. \u00dcye, kendisine tevdi edilen g\u00f6revi kabul edemeyecek bir durumda olursa; bu durumu y\u00f6netim kuruluna, \u00fc\u00e7 i\u015fg\u00fcn\u00fc i\u00e7inde bildirmekle y\u00fck\u00fcml\u00fcd\u00fcr. B\u00f6yle bir durumda y\u00f6netim kurulu, ilgili g\u00f6reve ba\u015fka bir \u00fcye atar.<\/p>\n<\/div><div class=\"fusion-text fusion-text-2\"><p>Mentor \u00fcye ba\u015fvurular\u0131n\u0131z i\u00e7in a\u015fa\u011f\u0131daki linkte yar alan formu doldurarak bize iletmeniz yeterlidir.<\/p>\n<\/div><div ><style>.fusion-button.button-1{border-radius:2px 2px 2px 2px;}<\/style><a class=\"fusion-button button-flat fusion-button-default-size button-default button-1 fusion-button-default-span fusion-button-default-type\" target=\"_blank\" rel=\"noopener noreferrer\" href=\"https:\/\/docs.google.com\/forms\/d\/e\/1FAIpQLScScFIzZ75YNwXxWc9ngn9zMITMhYNXZbZLMQtILwU7LJKIsg\/viewform?usp=sharing\"><span class=\"fusion-button-text\">Mentor \u00dcye Ba\u015fvurusu<\/span><\/a><\/div><\/div><style type=\"text\/css\">.fusion-body .fusion-builder-nested-column-0{width:100% !important;margin-top : 0px;margin-bottom : 0px;}.fusion-builder-nested-column-0 > .fusion-column-wrapper {padding-top : 0px !important;padding-right : 0px !important;margin-right : 1.92%;padding-bottom : 0px !important;padding-left : 0px !important;margin-left : 0px;}@media only screen and (max-width:1024px) {.fusion-body .fusion-builder-nested-column-0{width:75% !important;}.fusion-builder-nested-column-0 > .fusion-column-wrapper {margin-right : 2.56%;margin-left : 0px;}}@media only screen and (max-width:850px) {.fusion-body .fusion-builder-nested-column-0{width:100% !important;}.fusion-builder-nested-column-0 > .fusion-column-wrapper {margin-right : 1.92%;margin-left : 1.92%;}}<\/style><\/div><\/div><\/div><style type=\"text\/css\">.fusion-body .fusion-builder-column-1{width:100% !important;margin-top : 0px;margin-bottom : 40px;}.fusion-builder-column-1 > .fusion-column-wrapper {padding-top : 4% !important;padding-right : 6% !important;margin-right : 1.92%;padding-bottom : 3% !important;padding-left : 6% !important;margin-left : 1.92%;}@media only screen and (max-width:1024px) {.fusion-body .fusion-builder-column-1{width:100% !important;order : 0;}.fusion-builder-column-1 > .fusion-column-wrapper {margin-right : 1.92%;padding-bottom : 16px !important;margin-left : 1.92%;}}@media only screen and (max-width:850px) {.fusion-body .fusion-builder-column-1{width:100% !important;order : 0;}.fusion-builder-column-1 > .fusion-column-wrapper {margin-right : 1.92%;margin-left : 1.92%;}}<\/style><\/div><\/div><style type=\"text\/css\">.fusion-body .fusion-flex-container.fusion-builder-row-1{ padding-top : 0px;margin-top : 0px;padding-right : 0px;padding-bottom : 0px;margin-bottom : 0px;padding-left : 0px;}@media only screen and (max-width:1024px) {.fusion-body .fusion-flex-container.fusion-builder-row-1{ padding-top : 72px;padding-bottom : 60px;}}@media only screen and (max-width:850px) {.fusion-body .fusion-flex-container.fusion-builder-row-1{ padding-bottom : 48px;}}<\/style><\/div>","protected":false},"excerpt":{"rendered":"","protected":false},"author":1,"featured_media":0,"parent":0,"menu_order":1,"comment_status":"closed","ping_status":"closed","template":"","meta":{"footnotes":""},"class_list":["post-3658","page","type-page","status-publish","hentry"],"yoast_head":"<!-- This site is optimized with the Yoast SEO plugin v26.7 - https:\/\/yoast.com\/wordpress\/plugins\/seo\/ -->\n<title>\u00dcyelik \u0130\u015flemleri | T\u00dcG\u0130M - T\u00fcm Giri\u015fimci ve \u0130\u015f Mentorlar\u0131 Derne\u011fi<\/title>\n<meta name=\"description\" content=\"T\u00fcm Giri\u015fimci ve \u0130\u015f Mentorlar\u0131 Derne\u011fi - TUG\u0130M&#039; e \u00fcye olmak i\u00e7in yap\u0131lmas\u0131 gereken i\u015flemlerin detaylar\u0131na bu sayfadan ula\u015fabilirsiniz.\" \/>\n<meta name=\"robots\" content=\"index, follow, max-snippet:-1, max-image-preview:large, max-video-preview:-1\" \/>\n<link rel=\"canonical\" href=\"https:\/\/www.tugim.org\/en\/uyelik-islemleri\/\" \/>\n<meta property=\"og:locale\" content=\"en_US\" \/>\n<meta property=\"og:type\" content=\"article\" \/>\n<meta property=\"og:title\" content=\"\u00dcyelik \u0130\u015flemleri | T\u00dcG\u0130M - T\u00fcm Giri\u015fimci ve \u0130\u015f Mentorlar\u0131 Derne\u011fi\" \/>\n<meta property=\"og:description\" content=\"T\u00fcm Giri\u015fimci ve \u0130\u015f Mentorlar\u0131 Derne\u011fi - TUG\u0130M&#039; e \u00fcye olmak i\u00e7in yap\u0131lmas\u0131 gereken i\u015flemlerin detaylar\u0131na bu sayfadan ula\u015fabilirsiniz.\" \/>\n<meta property=\"og:url\" content=\"https:\/\/www.tugim.org\/en\/uyelik-islemleri\/\" \/>\n<meta property=\"og:site_name\" content=\"T\u00dcG\u0130M\" \/>\n<meta property=\"article:modified_time\" content=\"2023-08-29T08:57:59+00:00\" \/>\n<meta property=\"og:image\" content=\"https:\/\/www.tugim.org\/wp-content\/uploads\/2020\/04\/tugim-kay\u0131t-2.jpg\" \/>\n\t<meta property=\"og:image:width\" content=\"1920\" \/>\n\t<meta property=\"og:image:height\" content=\"1080\" \/>\n\t<meta property=\"og:image:type\" content=\"image\/jpeg\" \/>\n<meta name=\"twitter:card\" content=\"summary_large_image\" \/>\n<meta name=\"twitter:label1\" content=\"Est. reading time\" \/>\n\t<meta name=\"twitter:data1\" content=\"6 minutes\" \/>\n<script type=\"application\/ld+json\" class=\"yoast-schema-graph\">{\"@context\":\"https:\/\/schema.org\",\"@graph\":[{\"@type\":\"WebPage\",\"@id\":\"https:\/\/www.tugim.org\/uyelik-islemleri\/\",\"url\":\"https:\/\/www.tugim.org\/uyelik-islemleri\/\",\"name\":\"\u00dcyelik \u0130\u015flemleri | T\u00dcG\u0130M - T\u00fcm Giri\u015fimci ve \u0130\u015f Mentorlar\u0131 Derne\u011fi\",\"isPartOf\":{\"@id\":\"https:\/\/www.tugim.org\/#website\"},\"datePublished\":\"2020-09-30T15:13:23+00:00\",\"dateModified\":\"2023-08-29T08:57:59+00:00\",\"description\":\"T\u00fcm Giri\u015fimci ve \u0130\u015f Mentorlar\u0131 Derne\u011fi - TUG\u0130M' e \u00fcye olmak i\u00e7in yap\u0131lmas\u0131 gereken i\u015flemlerin detaylar\u0131na bu sayfadan ula\u015fabilirsiniz.\",\"breadcrumb\":{\"@id\":\"https:\/\/www.tugim.org\/uyelik-islemleri\/#breadcrumb\"},\"inLanguage\":\"en-US\",\"potentialAction\":[{\"@type\":\"ReadAction\",\"target\":[\"https:\/\/www.tugim.org\/uyelik-islemleri\/\"]}]},{\"@type\":\"BreadcrumbList\",\"@id\":\"https:\/\/www.tugim.org\/uyelik-islemleri\/#breadcrumb\",\"itemListElement\":[{\"@type\":\"ListItem\",\"position\":1,\"name\":\"Ana sayfa\",\"item\":\"https:\/\/www.tugim.org\/\"},{\"@type\":\"ListItem\",\"position\":2,\"name\":\"\u00dcyelik \u0130\u015flemleri\"}]},{\"@type\":\"WebSite\",\"@id\":\"https:\/\/www.tugim.org\/#website\",\"url\":\"https:\/\/www.tugim.org\/\",\"name\":\"T\u00dcG\u0130M\",\"description\":\"T\u00fcm Giri\u015fimci Ve \u0130\u015f Mentorlar\u0131 Derne\u011fi\",\"publisher\":{\"@id\":\"https:\/\/www.tugim.org\/#organization\"},\"potentialAction\":[{\"@type\":\"SearchAction\",\"target\":{\"@type\":\"EntryPoint\",\"urlTemplate\":\"https:\/\/www.tugim.org\/?s={search_term_string}\"},\"query-input\":{\"@type\":\"PropertyValueSpecification\",\"valueRequired\":true,\"valueName\":\"search_term_string\"}}],\"inLanguage\":\"en-US\"},{\"@type\":\"Organization\",\"@id\":\"https:\/\/www.tugim.org\/#organization\",\"name\":\"T\u00fcm Giri\u015fimci ve \u0130\u015f Mentorlar\u0131 Derne\u011fi\",\"url\":\"https:\/\/www.tugim.org\/\",\"logo\":{\"@type\":\"ImageObject\",\"inLanguage\":\"en-US\",\"@id\":\"https:\/\/www.tugim.org\/#\/schema\/logo\/image\/\",\"url\":\"https:\/\/www.tugim.org\/wp-content\/uploads\/2019\/02\/Tugim-girisimcilik-mentorluk-tubitak-mentoru-startup-e1584278111902.png\",\"contentUrl\":\"https:\/\/www.tugim.org\/wp-content\/uploads\/2019\/02\/Tugim-girisimcilik-mentorluk-tubitak-mentoru-startup-e1584278111902.png\",\"width\":150,\"height\":40,\"caption\":\"T\u00fcm Giri\u015fimci ve \u0130\u015f Mentorlar\u0131 Derne\u011fi\"},\"image\":{\"@id\":\"https:\/\/www.tugim.org\/#\/schema\/logo\/image\/\"},\"sameAs\":[\"https:\/\/www.linkedin.com\/company\/tugim-org\/\"]}]}<\/script>\n<!-- \/ Yoast SEO plugin. -->","yoast_head_json":{"title":"\u00dcyelik \u0130\u015flemleri | T\u00dcG\u0130M - T\u00fcm Giri\u015fimci ve \u0130\u015f Mentorlar\u0131 Derne\u011fi","description":"T\u00fcm Giri\u015fimci ve \u0130\u015f Mentorlar\u0131 Derne\u011fi - TUG\u0130M' e \u00fcye olmak i\u00e7in yap\u0131lmas\u0131 gereken i\u015flemlerin detaylar\u0131na bu sayfadan ula\u015fabilirsiniz.","robots":{"index":"index","follow":"follow","max-snippet":"max-snippet:-1","max-image-preview":"max-image-preview:large","max-video-preview":"max-video-preview:-1"},"canonical":"https:\/\/www.tugim.org\/en\/uyelik-islemleri\/","og_locale":"en_US","og_type":"article","og_title":"\u00dcyelik \u0130\u015flemleri | T\u00dcG\u0130M - T\u00fcm Giri\u015fimci ve \u0130\u015f Mentorlar\u0131 Derne\u011fi","og_description":"T\u00fcm Giri\u015fimci ve \u0130\u015f Mentorlar\u0131 Derne\u011fi - TUG\u0130M' e \u00fcye olmak i\u00e7in yap\u0131lmas\u0131 gereken i\u015flemlerin detaylar\u0131na bu sayfadan ula\u015fabilirsiniz.","og_url":"https:\/\/www.tugim.org\/en\/uyelik-islemleri\/","og_site_name":"T\u00dcG\u0130M","article_modified_time":"2023-08-29T08:57:59+00:00","og_image":[{"width":1920,"height":1080,"url":"https:\/\/www.tugim.org\/wp-content\/uploads\/2020\/04\/tugim-kay\u0131t-2.jpg","type":"image\/jpeg"}],"twitter_card":"summary_large_image","twitter_misc":{"Est. reading time":"6 minutes"},"schema":{"@context":"https:\/\/schema.org","@graph":[{"@type":"WebPage","@id":"https:\/\/www.tugim.org\/uyelik-islemleri\/","url":"https:\/\/www.tugim.org\/uyelik-islemleri\/","name":"\u00dcyelik \u0130\u015flemleri | T\u00dcG\u0130M - T\u00fcm Giri\u015fimci ve \u0130\u015f Mentorlar\u0131 Derne\u011fi","isPartOf":{"@id":"https:\/\/www.tugim.org\/#website"},"datePublished":"2020-09-30T15:13:23+00:00","dateModified":"2023-08-29T08:57:59+00:00","description":"T\u00fcm Giri\u015fimci ve \u0130\u015f Mentorlar\u0131 Derne\u011fi - TUG\u0130M' e \u00fcye olmak i\u00e7in yap\u0131lmas\u0131 gereken i\u015flemlerin detaylar\u0131na bu sayfadan ula\u015fabilirsiniz.","breadcrumb":{"@id":"https:\/\/www.tugim.org\/uyelik-islemleri\/#breadcrumb"},"inLanguage":"en-US","potentialAction":[{"@type":"ReadAction","target":["https:\/\/www.tugim.org\/uyelik-islemleri\/"]}]},{"@type":"BreadcrumbList","@id":"https:\/\/www.tugim.org\/uyelik-islemleri\/#breadcrumb","itemListElement":[{"@type":"ListItem","position":1,"name":"Ana sayfa","item":"https:\/\/www.tugim.org\/"},{"@type":"ListItem","position":2,"name":"\u00dcyelik \u0130\u015flemleri"}]},{"@type":"WebSite","@id":"https:\/\/www.tugim.org\/#website","url":"https:\/\/www.tugim.org\/","name":"T\u00dcG\u0130M","description":"T\u00fcm Giri\u015fimci Ve \u0130\u015f Mentorlar\u0131 Derne\u011fi","publisher":{"@id":"https:\/\/www.tugim.org\/#organization"},"potentialAction":[{"@type":"SearchAction","target":{"@type":"EntryPoint","urlTemplate":"https:\/\/www.tugim.org\/?s={search_term_string}"},"query-input":{"@type":"PropertyValueSpecification","valueRequired":true,"valueName":"search_term_string"}}],"inLanguage":"en-US"},{"@type":"Organization","@id":"https:\/\/www.tugim.org\/#organization","name":"T\u00fcm Giri\u015fimci ve \u0130\u015f Mentorlar\u0131 Derne\u011fi","url":"https:\/\/www.tugim.org\/","logo":{"@type":"ImageObject","inLanguage":"en-US","@id":"https:\/\/www.tugim.org\/#\/schema\/logo\/image\/","url":"https:\/\/www.tugim.org\/wp-content\/uploads\/2019\/02\/Tugim-girisimcilik-mentorluk-tubitak-mentoru-startup-e1584278111902.png","contentUrl":"https:\/\/www.tugim.org\/wp-content\/uploads\/2019\/02\/Tugim-girisimcilik-mentorluk-tubitak-mentoru-startup-e1584278111902.png","width":150,"height":40,"caption":"T\u00fcm Giri\u015fimci ve \u0130\u015f Mentorlar\u0131 Derne\u011fi"},"image":{"@id":"https:\/\/www.tugim.org\/#\/schema\/logo\/image\/"},"sameAs":["https:\/\/www.linkedin.com\/company\/tugim-org\/"]}]}},"_links":{"self":[{"href":"https:\/\/www.tugim.org\/en\/wp-json\/wp\/v2\/pages\/3658","targetHints":{"allow":["GET"]}}],"collection":[{"href":"https:\/\/www.tugim.org\/en\/wp-json\/wp\/v2\/pages"}],"about":[{"href":"https:\/\/www.tugim.org\/en\/wp-json\/wp\/v2\/types\/page"}],"author":[{"embeddable":true,"href":"https:\/\/www.tugim.org\/en\/wp-json\/wp\/v2\/users\/1"}],"replies":[{"embeddable":true,"href":"https:\/\/www.tugim.org\/en\/wp-json\/wp\/v2\/comments?post=3658"}],"version-history":[{"count":0,"href":"https:\/\/www.tugim.org\/en\/wp-json\/wp\/v2\/pages\/3658\/revisions"}],"wp:attachment":[{"href":"https:\/\/www.tugim.org\/en\/wp-json\/wp\/v2\/media?parent=3658"}],"curies":[{"name":"wp","href":"https:\/\/api.w.org\/{rel}","templated":true}]}}