{"id":3742,"date":"2020-10-19T17:05:12","date_gmt":"2020-10-19T14:05:12","guid":{"rendered":"https:\/\/www.tugim.org\/beta\/?page_id=3742"},"modified":"2023-08-29T17:12:30","modified_gmt":"2023-08-29T14:12:30","slug":"ileri-girisimci-mentorlugu","status":"publish","type":"page","link":"https:\/\/www.tugim.org\/en\/ileri-girisimci-mentorlugu\/","title":{"rendered":"\u0130leri Giri\u015fimci Mentorlu\u011fu"},"content":{"rendered":"<div class=\"fusion-fullwidth fullwidth-box fusion-builder-row-1 fusion-flex-container nonhundred-percent-fullwidth non-hundred-percent-height-scrolling\" style=\"background-color: rgba(255,255,255,0);background-position: left top;background-repeat: no-repeat;border-width: 0px 0px 0px 0px;border-color:#eae9e9;border-style:solid;\" ><div class=\"fusion-builder-row fusion-row fusion-flex-align-items-flex-start\" style=\"max-width:1216.8px;margin-left: calc(-4% \/ 2 );margin-right: calc(-4% \/ 2 );\"><div class=\"fusion-layout-column fusion_builder_column fusion-builder-column-0 fusion_builder_column_1_1 1_1 fusion-flex-column fusion-flex-align-self-flex-start fusion-column-no-min-height\"><div class=\"fusion-column-wrapper fusion-flex-justify-content-flex-start fusion-content-layout-column\" style=\"background-position:left top;background-repeat:no-repeat;-webkit-background-size:cover;-moz-background-size:cover;-o-background-size:cover;background-size:cover;padding: 0px 0px 0px 0px;\"><style type=\"text\/css\">@media only screen and (max-width:1024px) {.fusion-title.fusion-title-1{margin-top:0px!important; margin-right:0px!important;margin-bottom:0px!important;margin-left:0px!important;}}@media only screen and (max-width:850px) {.fusion-title.fusion-title-1{margin-top:0px!important; margin-right:0px!important;margin-bottom:20px!important; margin-left:0px!important;}}<\/style><div class=\"fusion-title title fusion-title-1 fusion-title-center fusion-title-text fusion-title-size-two\" style=\"margin-top:0px;margin-right:0px;margin-bottom:0px;margin-left:0px;\"><div class=\"title-sep-container title-sep-container-left\"><div class=\"title-sep sep-single sep-solid\" style=\"border-color:#e0dede;\"><\/div><\/div><span class=\"awb-title-spacer\"><\/span><h2 class=\"title-heading-center\" style=\"margin:0;\">\u0130LER\u0130 G\u0130R\u0130\u015e\u0130MC\u0130 MENTORLU\u011eU<\/h2><span class=\"awb-title-spacer\"><\/span><div class=\"title-sep-container title-sep-container-right\"><div class=\"title-sep sep-single sep-solid\" style=\"border-color:#e0dede;\"><\/div><\/div><\/div><div class=\"fusion-separator fusion-full-width-sep\" style=\"align-self: center;margin-left: auto;margin-right: auto;margin-top:30px;margin-bottom:0px;width:100%;\"><div class=\"fusion-separator-border sep-single sep-solid\" style=\"border-color:#0e4290;border-top-width:5px;\"><\/div><\/div><\/div><style type=\"text\/css\">.fusion-body .fusion-builder-column-0{width:100% !important;margin-top : 0px;margin-bottom : 0px;}.fusion-builder-column-0 > .fusion-column-wrapper {padding-top : 0px !important;padding-right : 0px !important;margin-right : 1.92%;padding-bottom : 0px !important;padding-left : 0px !important;margin-left : 1.92%;}@media only screen and (max-width:1024px) {.fusion-body .fusion-builder-column-0{width:100% !important;}.fusion-builder-column-0 > .fusion-column-wrapper {margin-right : 1.92%;margin-left : 1.92%;}}@media only screen and (max-width:850px) {.fusion-body .fusion-builder-column-0{width:100% !important;}.fusion-builder-column-0 > .fusion-column-wrapper {margin-right : 1.92%;margin-left : 1.92%;}}<\/style><\/div><div class=\"fusion-layout-column fusion_builder_column fusion-builder-column-1 fusion_builder_column_1_1 1_1 fusion-flex-column green-border rounded-border\"><div class=\"fusion-column-wrapper fusion-flex-justify-content-flex-start fusion-content-layout-column\" style=\"background-position:left top;background-repeat:no-repeat;-webkit-background-size:cover;-moz-background-size:cover;-o-background-size:cover;background-size:cover;background-color:#ffffff;border-width: 1px 1px 1px 1px;border-color:#e2e2e2;border-style:solid;padding: 4% 6% 3% 6%;\"><div class=\"fusion-builder-row fusion-builder-row-inner fusion-row fusion-flex-align-items-flex-start\" style=\"width:104% !important;max-width:104% !important;margin-left: calc(-4% \/ 2 );margin-right: calc(-4% \/ 2 );\"><div class=\"fusion-layout-column fusion_builder_column_inner fusion-builder-nested-column-0 fusion_builder_column_inner_1_2 1_2 fusion-flex-column fusion-flex-align-self-center\"><div class=\"fusion-column-wrapper fusion-flex-justify-content-center fusion-content-layout-column\" style=\"background-position:left top;background-repeat:no-repeat;-webkit-background-size:cover;-moz-background-size:cover;-o-background-size:cover;background-size:cover;padding: 0px 0px 0px 0px;\"><div style=\"text-align:center;\"><span class=\"fusion-imageframe imageframe-none imageframe-1 hover-type-none\"><img decoding=\"async\" width=\"401\" height=\"535\" title=\"\u0130LER\u0130 G\u0130R\u0130\u015e\u0130MC\u0130 MENTORLUGU\" src=\"https:\/\/www.tugim.org\/wp-content\/uploads\/2023\/08\/ILERI-GIRISIMCI-MENTORLUGU.webp\" alt class=\"img-responsive wp-image-5030\" srcset=\"https:\/\/www.tugim.org\/wp-content\/uploads\/2023\/08\/ILERI-GIRISIMCI-MENTORLUGU-9x12.webp 9w, https:\/\/www.tugim.org\/wp-content\/uploads\/2023\/08\/ILERI-GIRISIMCI-MENTORLUGU-200x267.webp 200w, https:\/\/www.tugim.org\/wp-content\/uploads\/2023\/08\/ILERI-GIRISIMCI-MENTORLUGU-225x300.webp 225w, https:\/\/www.tugim.org\/wp-content\/uploads\/2023\/08\/ILERI-GIRISIMCI-MENTORLUGU.webp 401w\" sizes=\"(max-width: 1024px) 100vw, (max-width: 850px) 100vw, 401px\" \/><\/span><\/div><\/div><style type=\"text\/css\">.fusion-body .fusion-builder-nested-column-0{width:50% !important;margin-top : 0px;margin-bottom : 20px;}.fusion-builder-nested-column-0 > .fusion-column-wrapper {padding-top : 0px !important;padding-right : 0px !important;margin-right : 0px;padding-bottom : 0px !important;padding-left : 0px !important;margin-left : 3.84%;}@media only screen and (max-width:1024px) {.fusion-body .fusion-builder-nested-column-0{width:25% !important;order : 0;}.fusion-builder-nested-column-0 > .fusion-column-wrapper {margin-right : 0px;margin-left : 7.68%;}}@media only screen and (max-width:850px) {.fusion-body .fusion-builder-nested-column-0{width:100% !important;order : 0;}.fusion-builder-nested-column-0 > .fusion-column-wrapper {margin-right : 1.92%;margin-left : 1.92%;}}<\/style><\/div><div class=\"fusion-layout-column fusion_builder_column_inner fusion-builder-nested-column-1 fusion_builder_column_inner_1_2 1_2 fusion-flex-column fusion-flex-align-self-center\"><div class=\"fusion-column-wrapper fusion-flex-justify-content-flex-start fusion-content-layout-column\" style=\"background-position:left top;background-repeat:no-repeat;-webkit-background-size:cover;-moz-background-size:cover;-o-background-size:cover;background-size:cover;padding: 0px 0px 0px 0px;\"><div class=\"fusion-text fusion-text-1\"><p>T\u00fcm Giri\u015fimci ve \u0130\u015f Mentorlar\u0131 Derne\u011fi olarak , \u0130leri Giri\u015fimci Mentorlu\u011fu Program\u0131 kapsam\u0131nda \u015firket kurulu\u015flar\u0131n\u0131 tamamlam\u0131\u015f\u00a0 Giri\u015fimlere, S\u00fcrd\u00fcr\u00fclebilirlik, B\u00fcy\u00fcme, M\u00fc\u015fteri Edinme ve Yeni Pazarlara Ula\u015fma, Globale A\u00e7\u0131lma, Yat\u0131r\u0131m\u00a0 konular\u0131nda mentorluk deste\u011fi sa\u011flanmakt\u0131r. Bu kapsamda \u00dcniversitelerin Teknoloji Transfer Ofisleri, Teknoparklar, \u00d6zel sekt\u00f6r taraf\u0131ndan y\u00fcr\u00fct\u00fclen h\u0131zland\u0131rma programlar\u0131 ile proje bazl\u0131 \u00e7al\u0131\u015fmalar y\u00fcr\u00fct\u00fclmektedir. \u0130leri Giri\u015fimci Mentorlu\u011fu modelimiz 4 ana b\u00f6l\u00fcmden olu\u015fmaktad\u0131r:<\/p>\n<p><strong>\u0130\u015f Fikri Validasyonu: <\/strong>Giri\u015fimin i\u015f fikri, \u0130htiya\u00e7\/sorun, \u00e7\u00f6z\u00fcm,de\u011fer \u00f6nerisini g\u00f6zden ge\u00e7irme.<\/p>\n<p><strong>Hedefler ve KPI:<\/strong> Pazar b\u00fcy\u00fckl\u00fc\u011f\u00fc ve Pazar pay\u0131 \u00e7al\u0131\u015fmas\u0131, 3 y\u0131ll\u0131k hedeflerin ayl\u0131k bazda belirlenmesi, hedeflere ula\u015fmak i\u00e7in gerekli kritik ba\u015far\u0131 fakt\u00f6rlerinin belirlenmesi.<\/p>\n<p><strong>Pazarlama Plan\u0131:<\/strong> M\u00fc\u015fteri tan\u0131m\u0131, segmentasyon ve kanal e\u015flemesi, m\u00fc\u015fteri edinme, m\u00fc\u015fteri tutundurma, m\u00fc\u015fteri ili\u015fki y\u00f6netimi konular\u0131nda yol haritas\u0131n\u0131n \u00e7\u0131kar\u0131lmas\u0131.<\/p>\n<p><strong>Finansal Tablo:<\/strong> Gelir Modeli, Maliyet yap\u0131s\u0131, Nakit ak\u0131\u015f\u0131, Finansal tablolar\u0131n haz\u0131rlanmas\u0131, \u015firket de\u011ferlemesinin, 3 y\u0131ll\u0131k d\u00f6nemi kapsayacak \u015fekilde ayl\u0131k bazda haz\u0131rlanmas\u0131.<\/p>\n<\/div><\/div><style type=\"text\/css\">.fusion-body .fusion-builder-nested-column-1{width:50% !important;margin-top : 0px;margin-bottom : 0px;}.fusion-builder-nested-column-1 > .fusion-column-wrapper {padding-top : 0px !important;padding-right : 0px !important;margin-right : 3.84%;padding-bottom : 0px !important;padding-left : 0px !important;margin-left : 0px;}@media only screen and (max-width:1024px) {.fusion-body .fusion-builder-nested-column-1{width:75% !important;order : 0;}.fusion-builder-nested-column-1 > .fusion-column-wrapper {margin-right : 2.56%;margin-left : 0px;}}@media only screen and (max-width:850px) {.fusion-body .fusion-builder-nested-column-1{width:100% !important;order : 0;}.fusion-builder-nested-column-1 > .fusion-column-wrapper {margin-right : 1.92%;margin-left : 1.92%;}}<\/style><\/div><\/div><\/div><style type=\"text\/css\">.fusion-body .fusion-builder-column-1{width:100% !important;margin-top : 0px;margin-bottom : 40px;}.fusion-builder-column-1 > .fusion-column-wrapper {padding-top : 4% !important;padding-right : 6% !important;margin-right : 1.92%;padding-bottom : 3% !important;padding-left : 6% !important;margin-left : 1.92%;}@media only screen and (max-width:1024px) {.fusion-body .fusion-builder-column-1{width:100% !important;order : 0;}.fusion-builder-column-1 > .fusion-column-wrapper {margin-right : 1.92%;padding-bottom : 16px !important;margin-left : 1.92%;}}@media only screen and (max-width:850px) {.fusion-body .fusion-builder-column-1{width:100% !important;order : 0;}.fusion-builder-column-1 > .fusion-column-wrapper {margin-right : 1.92%;margin-left : 1.92%;}}<\/style><\/div><\/div><style type=\"text\/css\">.fusion-body .fusion-flex-container.fusion-builder-row-1{ padding-top : 0px;margin-top : 0px;padding-right : 0px;padding-bottom : 0px;margin-bottom : 0px;padding-left : 0px;}@media only screen and (max-width:1024px) {.fusion-body .fusion-flex-container.fusion-builder-row-1{ padding-top : 72px;padding-bottom : 60px;}}@media only screen and (max-width:850px) {.fusion-body .fusion-flex-container.fusion-builder-row-1{ padding-bottom : 48px;}}<\/style><\/div>","protected":false},"excerpt":{"rendered":"","protected":false},"author":1,"featured_media":0,"parent":0,"menu_order":1,"comment_status":"closed","ping_status":"closed","template":"","meta":{"footnotes":""},"class_list":["post-3742","page","type-page","status-publish","hentry"],"yoast_head":"<!-- This site is optimized with the Yoast SEO plugin v26.7 - https:\/\/yoast.com\/wordpress\/plugins\/seo\/ -->\n<title>\u0130leri Giri\u015fimci Mentorlu\u011fu | T\u00dcG\u0130M - T\u00fcm Giri\u015fimci ve \u0130\u015f Mentorlar\u0131 Derne\u011fi<\/title>\n<meta name=\"description\" content=\"\u0130leri Giri\u015fimci Mentorlu\u011fu. \u015eirket kurulu\u015flar\u0131n\u0131 tamamlam\u0131\u015f giri\u015fimlere, s\u00fcrd\u00fcr\u00fclebilirlik, yat\u0131r\u0131m gibi konularda mentorluk deste\u011fi sa\u011flanmakt\u0131r\" \/>\n<meta name=\"robots\" content=\"index, follow, max-snippet:-1, max-image-preview:large, max-video-preview:-1\" \/>\n<link rel=\"canonical\" href=\"https:\/\/www.tugim.org\/en\/ileri-girisimci-mentorlugu\/\" \/>\n<meta property=\"og:locale\" content=\"en_US\" \/>\n<meta property=\"og:type\" content=\"article\" \/>\n<meta property=\"og:title\" content=\"\u0130leri Giri\u015fimci Mentorlu\u011fu | T\u00dcG\u0130M - T\u00fcm Giri\u015fimci ve \u0130\u015f Mentorlar\u0131 Derne\u011fi\" \/>\n<meta property=\"og:description\" content=\"\u0130leri Giri\u015fimci Mentorlu\u011fu. \u015eirket kurulu\u015flar\u0131n\u0131 tamamlam\u0131\u015f giri\u015fimlere, s\u00fcrd\u00fcr\u00fclebilirlik, yat\u0131r\u0131m gibi konularda mentorluk deste\u011fi sa\u011flanmakt\u0131r\" \/>\n<meta property=\"og:url\" content=\"https:\/\/www.tugim.org\/en\/ileri-girisimci-mentorlugu\/\" \/>\n<meta property=\"og:site_name\" content=\"T\u00dcG\u0130M\" \/>\n<meta property=\"article:modified_time\" content=\"2023-08-29T14:12:30+00:00\" \/>\n<meta property=\"og:image\" content=\"https:\/\/www.tugim.org\/wp-content\/uploads\/2020\/04\/tugim-kay\u0131t-2.jpg\" \/>\n\t<meta property=\"og:image:width\" content=\"1920\" \/>\n\t<meta property=\"og:image:height\" content=\"1080\" \/>\n\t<meta property=\"og:image:type\" content=\"image\/jpeg\" \/>\n<meta name=\"twitter:card\" content=\"summary_large_image\" \/>\n<meta name=\"twitter:label1\" content=\"Est. reading time\" \/>\n\t<meta name=\"twitter:data1\" content=\"5 minutes\" \/>\n<script type=\"application\/ld+json\" class=\"yoast-schema-graph\">{\"@context\":\"https:\/\/schema.org\",\"@graph\":[{\"@type\":\"WebPage\",\"@id\":\"https:\/\/www.tugim.org\/ileri-girisimci-mentorlugu\/\",\"url\":\"https:\/\/www.tugim.org\/ileri-girisimci-mentorlugu\/\",\"name\":\"\u0130leri Giri\u015fimci Mentorlu\u011fu | T\u00dcG\u0130M - T\u00fcm Giri\u015fimci ve \u0130\u015f Mentorlar\u0131 Derne\u011fi\",\"isPartOf\":{\"@id\":\"https:\/\/www.tugim.org\/#website\"},\"datePublished\":\"2020-10-19T14:05:12+00:00\",\"dateModified\":\"2023-08-29T14:12:30+00:00\",\"description\":\"\u0130leri Giri\u015fimci Mentorlu\u011fu. \u015eirket kurulu\u015flar\u0131n\u0131 tamamlam\u0131\u015f giri\u015fimlere, s\u00fcrd\u00fcr\u00fclebilirlik, yat\u0131r\u0131m gibi konularda mentorluk deste\u011fi sa\u011flanmakt\u0131r\",\"breadcrumb\":{\"@id\":\"https:\/\/www.tugim.org\/ileri-girisimci-mentorlugu\/#breadcrumb\"},\"inLanguage\":\"en-US\",\"potentialAction\":[{\"@type\":\"ReadAction\",\"target\":[\"https:\/\/www.tugim.org\/ileri-girisimci-mentorlugu\/\"]}]},{\"@type\":\"BreadcrumbList\",\"@id\":\"https:\/\/www.tugim.org\/ileri-girisimci-mentorlugu\/#breadcrumb\",\"itemListElement\":[{\"@type\":\"ListItem\",\"position\":1,\"name\":\"Ana sayfa\",\"item\":\"https:\/\/www.tugim.org\/\"},{\"@type\":\"ListItem\",\"position\":2,\"name\":\"\u0130leri Giri\u015fimci Mentorlu\u011fu\"}]},{\"@type\":\"WebSite\",\"@id\":\"https:\/\/www.tugim.org\/#website\",\"url\":\"https:\/\/www.tugim.org\/\",\"name\":\"T\u00dcG\u0130M\",\"description\":\"T\u00fcm Giri\u015fimci Ve \u0130\u015f Mentorlar\u0131 Derne\u011fi\",\"publisher\":{\"@id\":\"https:\/\/www.tugim.org\/#organization\"},\"potentialAction\":[{\"@type\":\"SearchAction\",\"target\":{\"@type\":\"EntryPoint\",\"urlTemplate\":\"https:\/\/www.tugim.org\/?s={search_term_string}\"},\"query-input\":{\"@type\":\"PropertyValueSpecification\",\"valueRequired\":true,\"valueName\":\"search_term_string\"}}],\"inLanguage\":\"en-US\"},{\"@type\":\"Organization\",\"@id\":\"https:\/\/www.tugim.org\/#organization\",\"name\":\"T\u00fcm Giri\u015fimci ve \u0130\u015f Mentorlar\u0131 Derne\u011fi\",\"url\":\"https:\/\/www.tugim.org\/\",\"logo\":{\"@type\":\"ImageObject\",\"inLanguage\":\"en-US\",\"@id\":\"https:\/\/www.tugim.org\/#\/schema\/logo\/image\/\",\"url\":\"https:\/\/www.tugim.org\/wp-content\/uploads\/2019\/02\/Tugim-girisimcilik-mentorluk-tubitak-mentoru-startup-e1584278111902.png\",\"contentUrl\":\"https:\/\/www.tugim.org\/wp-content\/uploads\/2019\/02\/Tugim-girisimcilik-mentorluk-tubitak-mentoru-startup-e1584278111902.png\",\"width\":150,\"height\":40,\"caption\":\"T\u00fcm Giri\u015fimci ve \u0130\u015f Mentorlar\u0131 Derne\u011fi\"},\"image\":{\"@id\":\"https:\/\/www.tugim.org\/#\/schema\/logo\/image\/\"},\"sameAs\":[\"https:\/\/www.linkedin.com\/company\/tugim-org\/\"]}]}<\/script>\n<!-- \/ Yoast SEO plugin. -->","yoast_head_json":{"title":"\u0130leri Giri\u015fimci Mentorlu\u011fu | T\u00dcG\u0130M - T\u00fcm Giri\u015fimci ve \u0130\u015f Mentorlar\u0131 Derne\u011fi","description":"\u0130leri Giri\u015fimci Mentorlu\u011fu. \u015eirket kurulu\u015flar\u0131n\u0131 tamamlam\u0131\u015f giri\u015fimlere, s\u00fcrd\u00fcr\u00fclebilirlik, yat\u0131r\u0131m gibi konularda mentorluk deste\u011fi sa\u011flanmakt\u0131r","robots":{"index":"index","follow":"follow","max-snippet":"max-snippet:-1","max-image-preview":"max-image-preview:large","max-video-preview":"max-video-preview:-1"},"canonical":"https:\/\/www.tugim.org\/en\/ileri-girisimci-mentorlugu\/","og_locale":"en_US","og_type":"article","og_title":"\u0130leri Giri\u015fimci Mentorlu\u011fu | T\u00dcG\u0130M - T\u00fcm Giri\u015fimci ve \u0130\u015f Mentorlar\u0131 Derne\u011fi","og_description":"\u0130leri Giri\u015fimci Mentorlu\u011fu. \u015eirket kurulu\u015flar\u0131n\u0131 tamamlam\u0131\u015f giri\u015fimlere, s\u00fcrd\u00fcr\u00fclebilirlik, yat\u0131r\u0131m gibi konularda mentorluk deste\u011fi sa\u011flanmakt\u0131r","og_url":"https:\/\/www.tugim.org\/en\/ileri-girisimci-mentorlugu\/","og_site_name":"T\u00dcG\u0130M","article_modified_time":"2023-08-29T14:12:30+00:00","og_image":[{"width":1920,"height":1080,"url":"https:\/\/www.tugim.org\/wp-content\/uploads\/2020\/04\/tugim-kay\u0131t-2.jpg","type":"image\/jpeg"}],"twitter_card":"summary_large_image","twitter_misc":{"Est. reading time":"5 minutes"},"schema":{"@context":"https:\/\/schema.org","@graph":[{"@type":"WebPage","@id":"https:\/\/www.tugim.org\/ileri-girisimci-mentorlugu\/","url":"https:\/\/www.tugim.org\/ileri-girisimci-mentorlugu\/","name":"\u0130leri Giri\u015fimci Mentorlu\u011fu | T\u00dcG\u0130M - T\u00fcm Giri\u015fimci ve \u0130\u015f Mentorlar\u0131 Derne\u011fi","isPartOf":{"@id":"https:\/\/www.tugim.org\/#website"},"datePublished":"2020-10-19T14:05:12+00:00","dateModified":"2023-08-29T14:12:30+00:00","description":"\u0130leri Giri\u015fimci Mentorlu\u011fu. \u015eirket kurulu\u015flar\u0131n\u0131 tamamlam\u0131\u015f giri\u015fimlere, s\u00fcrd\u00fcr\u00fclebilirlik, yat\u0131r\u0131m gibi konularda mentorluk deste\u011fi sa\u011flanmakt\u0131r","breadcrumb":{"@id":"https:\/\/www.tugim.org\/ileri-girisimci-mentorlugu\/#breadcrumb"},"inLanguage":"en-US","potentialAction":[{"@type":"ReadAction","target":["https:\/\/www.tugim.org\/ileri-girisimci-mentorlugu\/"]}]},{"@type":"BreadcrumbList","@id":"https:\/\/www.tugim.org\/ileri-girisimci-mentorlugu\/#breadcrumb","itemListElement":[{"@type":"ListItem","position":1,"name":"Ana sayfa","item":"https:\/\/www.tugim.org\/"},{"@type":"ListItem","position":2,"name":"\u0130leri Giri\u015fimci Mentorlu\u011fu"}]},{"@type":"WebSite","@id":"https:\/\/www.tugim.org\/#website","url":"https:\/\/www.tugim.org\/","name":"T\u00dcG\u0130M","description":"T\u00fcm Giri\u015fimci Ve \u0130\u015f Mentorlar\u0131 Derne\u011fi","publisher":{"@id":"https:\/\/www.tugim.org\/#organization"},"potentialAction":[{"@type":"SearchAction","target":{"@type":"EntryPoint","urlTemplate":"https:\/\/www.tugim.org\/?s={search_term_string}"},"query-input":{"@type":"PropertyValueSpecification","valueRequired":true,"valueName":"search_term_string"}}],"inLanguage":"en-US"},{"@type":"Organization","@id":"https:\/\/www.tugim.org\/#organization","name":"T\u00fcm Giri\u015fimci ve \u0130\u015f Mentorlar\u0131 Derne\u011fi","url":"https:\/\/www.tugim.org\/","logo":{"@type":"ImageObject","inLanguage":"en-US","@id":"https:\/\/www.tugim.org\/#\/schema\/logo\/image\/","url":"https:\/\/www.tugim.org\/wp-content\/uploads\/2019\/02\/Tugim-girisimcilik-mentorluk-tubitak-mentoru-startup-e1584278111902.png","contentUrl":"https:\/\/www.tugim.org\/wp-content\/uploads\/2019\/02\/Tugim-girisimcilik-mentorluk-tubitak-mentoru-startup-e1584278111902.png","width":150,"height":40,"caption":"T\u00fcm Giri\u015fimci ve \u0130\u015f Mentorlar\u0131 Derne\u011fi"},"image":{"@id":"https:\/\/www.tugim.org\/#\/schema\/logo\/image\/"},"sameAs":["https:\/\/www.linkedin.com\/company\/tugim-org\/"]}]}},"_links":{"self":[{"href":"https:\/\/www.tugim.org\/en\/wp-json\/wp\/v2\/pages\/3742","targetHints":{"allow":["GET"]}}],"collection":[{"href":"https:\/\/www.tugim.org\/en\/wp-json\/wp\/v2\/pages"}],"about":[{"href":"https:\/\/www.tugim.org\/en\/wp-json\/wp\/v2\/types\/page"}],"author":[{"embeddable":true,"href":"https:\/\/www.tugim.org\/en\/wp-json\/wp\/v2\/users\/1"}],"replies":[{"embeddable":true,"href":"https:\/\/www.tugim.org\/en\/wp-json\/wp\/v2\/comments?post=3742"}],"version-history":[{"count":0,"href":"https:\/\/www.tugim.org\/en\/wp-json\/wp\/v2\/pages\/3742\/revisions"}],"wp:attachment":[{"href":"https:\/\/www.tugim.org\/en\/wp-json\/wp\/v2\/media?parent=3742"}],"curies":[{"name":"wp","href":"https:\/\/api.w.org\/{rel}","templated":true}]}}