{"id":3747,"date":"2020-10-19T17:25:24","date_gmt":"2020-10-19T14:25:24","guid":{"rendered":"https:\/\/www.tugim.org\/beta\/?page_id=3747"},"modified":"2023-08-29T17:18:23","modified_gmt":"2023-08-29T14:18:23","slug":"kobi-mentorlugu","status":"publish","type":"page","link":"https:\/\/www.tugim.org\/en\/kobi-mentorlugu\/","title":{"rendered":"Kobi Mentorlu\u011fu"},"content":{"rendered":"<div class=\"fusion-fullwidth fullwidth-box fusion-builder-row-1 fusion-flex-container nonhundred-percent-fullwidth non-hundred-percent-height-scrolling\" style=\"background-color: rgba(255,255,255,0);background-position: left top;background-repeat: no-repeat;border-width: 0px 0px 0px 0px;border-color:#eae9e9;border-style:solid;\" ><div class=\"fusion-builder-row fusion-row fusion-flex-align-items-flex-start\" style=\"max-width:1216.8px;margin-left: calc(-4% \/ 2 );margin-right: calc(-4% \/ 2 );\"><div class=\"fusion-layout-column fusion_builder_column fusion-builder-column-0 fusion_builder_column_1_1 1_1 fusion-flex-column fusion-flex-align-self-flex-start fusion-column-no-min-height\"><div class=\"fusion-column-wrapper fusion-flex-justify-content-flex-start fusion-content-layout-column\" style=\"background-position:left top;background-repeat:no-repeat;-webkit-background-size:cover;-moz-background-size:cover;-o-background-size:cover;background-size:cover;padding: 0px 0px 0px 0px;\"><style type=\"text\/css\">@media only screen and (max-width:1024px) {.fusion-title.fusion-title-1{margin-top:0px!important; margin-right:0px!important;margin-bottom:0px!important;margin-left:0px!important;}}@media only screen and (max-width:850px) {.fusion-title.fusion-title-1{margin-top:0px!important; margin-right:0px!important;margin-bottom:20px!important; margin-left:0px!important;}}<\/style><div class=\"fusion-title title fusion-title-1 fusion-title-center fusion-title-text fusion-title-size-two\" style=\"margin-top:0px;margin-right:0px;margin-bottom:0px;margin-left:0px;\"><div class=\"title-sep-container title-sep-container-left\"><div class=\"title-sep sep-single sep-solid\" style=\"border-color:#e0dede;\"><\/div><\/div><span class=\"awb-title-spacer\"><\/span><h2 class=\"title-heading-center\" style=\"margin:0;\">KOB\u0130 MENTORLU\u011eU<\/h2><span class=\"awb-title-spacer\"><\/span><div class=\"title-sep-container title-sep-container-right\"><div class=\"title-sep sep-single sep-solid\" style=\"border-color:#e0dede;\"><\/div><\/div><\/div><div class=\"fusion-separator fusion-full-width-sep\" style=\"align-self: center;margin-left: auto;margin-right: auto;margin-top:30px;margin-bottom:0px;width:100%;\"><div class=\"fusion-separator-border sep-single sep-solid\" style=\"border-color:#0e4290;border-top-width:5px;\"><\/div><\/div><\/div><style type=\"text\/css\">.fusion-body .fusion-builder-column-0{width:100% !important;margin-top : 0px;margin-bottom : 0px;}.fusion-builder-column-0 > .fusion-column-wrapper {padding-top : 0px !important;padding-right : 0px !important;margin-right : 1.92%;padding-bottom : 0px !important;padding-left : 0px !important;margin-left : 1.92%;}@media only screen and (max-width:1024px) {.fusion-body .fusion-builder-column-0{width:100% !important;}.fusion-builder-column-0 > .fusion-column-wrapper {margin-right : 1.92%;margin-left : 1.92%;}}@media only screen and (max-width:850px) {.fusion-body .fusion-builder-column-0{width:100% !important;}.fusion-builder-column-0 > .fusion-column-wrapper {margin-right : 1.92%;margin-left : 1.92%;}}<\/style><\/div><div class=\"fusion-layout-column fusion_builder_column fusion-builder-column-1 fusion_builder_column_1_1 1_1 fusion-flex-column green-border rounded-border\"><div class=\"fusion-column-wrapper fusion-flex-justify-content-flex-start fusion-content-layout-column\" style=\"background-position:left top;background-repeat:no-repeat;-webkit-background-size:cover;-moz-background-size:cover;-o-background-size:cover;background-size:cover;background-color:#ffffff;border-width: 1px 1px 1px 1px;border-color:#e2e2e2;border-style:solid;padding: 4% 6% 3% 6%;\"><div class=\"fusion-builder-row fusion-builder-row-inner fusion-row fusion-flex-align-items-flex-start\" style=\"width:104% !important;max-width:104% !important;margin-left: calc(-4% \/ 2 );margin-right: calc(-4% \/ 2 );\"><div class=\"fusion-layout-column fusion_builder_column_inner fusion-builder-nested-column-0 fusion_builder_column_inner_1_2 1_2 fusion-flex-column fusion-flex-align-self-center\"><div class=\"fusion-column-wrapper fusion-flex-justify-content-center fusion-content-layout-column\" style=\"background-position:left top;background-repeat:no-repeat;-webkit-background-size:cover;-moz-background-size:cover;-o-background-size:cover;background-size:cover;padding: 0px 0px 0px 0px;\"><div style=\"text-align:center;\"><span class=\"fusion-imageframe imageframe-none imageframe-1 hover-type-none\"><img decoding=\"async\" width=\"401\" height=\"535\" title=\"KOB\u0130 MENTORLUGU\" src=\"https:\/\/www.tugim.org\/wp-content\/uploads\/2023\/08\/KOBI-MENTORLUGU.webp\" alt class=\"img-responsive wp-image-5033\" srcset=\"https:\/\/www.tugim.org\/wp-content\/uploads\/2023\/08\/KOBI-MENTORLUGU-9x12.webp 9w, https:\/\/www.tugim.org\/wp-content\/uploads\/2023\/08\/KOBI-MENTORLUGU-200x267.webp 200w, https:\/\/www.tugim.org\/wp-content\/uploads\/2023\/08\/KOBI-MENTORLUGU-225x300.webp 225w, https:\/\/www.tugim.org\/wp-content\/uploads\/2023\/08\/KOBI-MENTORLUGU.webp 401w\" sizes=\"(max-width: 1024px) 100vw, (max-width: 850px) 100vw, 401px\" \/><\/span><\/div><\/div><style type=\"text\/css\">.fusion-body .fusion-builder-nested-column-0{width:50% !important;margin-top : 0px;margin-bottom : 20px;}.fusion-builder-nested-column-0 > .fusion-column-wrapper {padding-top : 0px !important;padding-right : 0px !important;margin-right : 0px;padding-bottom : 0px !important;padding-left : 0px !important;margin-left : 3.84%;}@media only screen and (max-width:1024px) {.fusion-body .fusion-builder-nested-column-0{width:25% !important;order : 0;}.fusion-builder-nested-column-0 > .fusion-column-wrapper {margin-right : 0px;margin-left : 7.68%;}}@media only screen and (max-width:850px) {.fusion-body .fusion-builder-nested-column-0{width:100% !important;order : 0;}.fusion-builder-nested-column-0 > .fusion-column-wrapper {margin-right : 1.92%;margin-left : 1.92%;}}<\/style><\/div><div class=\"fusion-layout-column fusion_builder_column_inner fusion-builder-nested-column-1 fusion_builder_column_inner_1_2 1_2 fusion-flex-column fusion-flex-align-self-center\"><div class=\"fusion-column-wrapper fusion-flex-justify-content-flex-start fusion-content-layout-column\" style=\"background-position:left top;background-repeat:no-repeat;-webkit-background-size:cover;-moz-background-size:cover;-o-background-size:cover;background-size:cover;padding: 0px 0px 0px 0px;\"><div class=\"fusion-text fusion-text-1\"><p>KOB\u0130\u2019lerin de\u011fi\u015fime uyum sa\u011flamalar\u0131, durabilmeleri ve ayakta kalabilmeleri i\u00e7in daima kendilerini yenilemeleri gereklili\u011finden yola \u00e7\u0131k\u0131larak her firmaya \u00f6zel uygulanan program neticesinde firman\u0131n yenilik\u00e7i, Ar-Ge ve dijital altyap\u0131s\u0131 g\u00fc\u00e7l\u00fc nitelikli KOB\u0130 olmas\u0131 hedeflenmektedir.<\/p>\n<p><strong>Mentorluk S\u00fcre\u00e7 Analizinin Yap\u0131lmas\u0131: <\/strong>Kobi\u2019 nin organizasyon yap\u0131s\u0131 ve b\u00fcy\u00fckl\u00fc\u011f\u00fcne uygun olarak ihtiya\u00e7lar\u0131n\u0131n belirlenmesi ve buna uygun yol haritas\u0131n\u0131n d\u00fczenlenmesi. Burada finans, pazarlama-sat\u0131\u015f, ar-ge\/inovasyon, m\u00fc\u015fteri yap\u0131s\u0131, \u00fcr\u00fcn a\u011fac\u0131, maliyet-kar analizi, fikri m\u00fclkiyet ve dijital altyap\u0131 analizi \u00f6ng\u00f6r\u00fclmektedir.<\/p>\n<p><strong>Kurumsalla\u015fma Stratejisinin belirlenmesi:<\/strong> Kobi ve kobi vasf\u0131ndaki aile \u015firketlerinin organizasyon yap\u0131s\u0131na uygun kurumsalla\u015fmaya adaptasyonu, kurumsal kimlik kart\u0131n\u0131n olu\u015fturulmas\u0131 ve yol haritas\u0131n\u0131n belirlenmesi.<\/p>\n<p><strong>A<\/strong><strong>RGE-\u0130novasyon:<\/strong> Altyap\u0131 ve kabiliyetlerin analizini incelenerek fikirden \u00fcr\u00fcne tasar\u0131m, kavram olu\u015fturma, dizayn ve \u00fcretim s\u00fcre\u00e7lerinde g\u00f6rev alacak organizasyonun olu\u015fturulmas\u0131. Proje olu\u015fturma, proje y\u00f6netimi \u00e7al\u0131\u015fmalar\u0131, hibe mekanizmalar\u0131na y\u00f6nelik proje yazma ve sunum tekniklerinin geli\u015ftirilmesi.<\/p>\n<p><strong>Pazarlama-sat\u0131\u015f:<\/strong> Ayl\u0131k ve y\u0131ll\u0131k bazda stratejilerin belirlenmesine y\u00f6nelik \u00e7al\u0131\u015fmalar (m\u00fc\u015fteri segmentinin incelenmesi, m\u00fc\u015fteri de\u011fer \u00f6nerisi belirlenmesi, pazarlama-sat\u0131\u015f ekibinin\u00a0 kabiliyetlerinin geli\u015ftirilmesi)<\/p>\n<p><strong>Dijitalle\u015fme-End\u00fcstri 4.0 uyumlulu\u011fu:<\/strong> Dijital altyap\u0131n\u0131n olu\u015fturulmas\u0131nda yol haritas\u0131n\u0131n \u00e7\u0131kar\u0131lmas\u0131, \u00fcretim firmalar\u0131n\u0131n End\u00fcstri 4.0\u2019a y\u00f6nelik \u00e7al\u0131\u015fmalar\u0131nda strateji eylem plan\u0131n\u0131n olu\u015fturulmas\u0131.<\/p>\n<p><strong>Fikri Haklar Y\u00f6netimi:<\/strong> Fikri m\u00fclkiyet hakk\u0131 do\u011furacak bulu\u015f, icat, inovatif \u00fcr\u00fcnler, tasar\u0131m tescili, entegre devre topografyas\u0131 konular\u0131nda Faydal\u0131 model, patent s\u00fcre\u00e7leri hakk\u0131nda firman\u0131n yol haritas\u0131 veya gelecek planlar\u0131n\u0131n olu\u015fturulmas\u0131.<\/p>\n<p><strong>\u0130nsan kaynaklar\u0131:<\/strong> Mevcut veya ihtiya\u00e7 duyulan insan kayna\u011f\u0131n\u0131n do\u011fru ve etkin y\u00f6netilmesi, kabiliyetlerinin geli\u015ftirilmesine y\u00f6nelik eylem planlar\u0131n\u0131n olu\u015fturulmas\u0131.<\/p>\n<\/div><\/div><style type=\"text\/css\">.fusion-body .fusion-builder-nested-column-1{width:50% !important;margin-top : 0px;margin-bottom : 0px;}.fusion-builder-nested-column-1 > .fusion-column-wrapper {padding-top : 0px !important;padding-right : 0px !important;margin-right : 3.84%;padding-bottom : 0px !important;padding-left : 0px !important;margin-left : 0px;}@media only screen and (max-width:1024px) {.fusion-body .fusion-builder-nested-column-1{width:75% !important;order : 0;}.fusion-builder-nested-column-1 > .fusion-column-wrapper {margin-right : 2.56%;margin-left : 0px;}}@media only screen and (max-width:850px) {.fusion-body .fusion-builder-nested-column-1{width:100% !important;order : 0;}.fusion-builder-nested-column-1 > .fusion-column-wrapper {margin-right : 1.92%;margin-left : 1.92%;}}<\/style><\/div><\/div><\/div><style type=\"text\/css\">.fusion-body .fusion-builder-column-1{width:100% !important;margin-top : 0px;margin-bottom : 40px;}.fusion-builder-column-1 > .fusion-column-wrapper {padding-top : 4% !important;padding-right : 6% !important;margin-right : 1.92%;padding-bottom : 3% !important;padding-left : 6% !important;margin-left : 1.92%;}@media only screen and (max-width:1024px) {.fusion-body .fusion-builder-column-1{width:100% !important;order : 0;}.fusion-builder-column-1 > .fusion-column-wrapper {margin-right : 1.92%;padding-bottom : 16px !important;margin-left : 1.92%;}}@media only screen and (max-width:850px) {.fusion-body .fusion-builder-column-1{width:100% !important;order : 0;}.fusion-builder-column-1 > .fusion-column-wrapper {margin-right : 1.92%;margin-left : 1.92%;}}<\/style><\/div><\/div><style type=\"text\/css\">.fusion-body .fusion-flex-container.fusion-builder-row-1{ padding-top : 0px;margin-top : 0px;padding-right : 0px;padding-bottom : 0px;margin-bottom : 0px;padding-left : 0px;}@media only screen and (max-width:1024px) {.fusion-body .fusion-flex-container.fusion-builder-row-1{ padding-top : 72px;padding-bottom : 60px;}}@media only screen and (max-width:850px) {.fusion-body .fusion-flex-container.fusion-builder-row-1{ padding-bottom : 48px;}}<\/style><\/div>","protected":false},"excerpt":{"rendered":"","protected":false},"author":1,"featured_media":0,"parent":0,"menu_order":4,"comment_status":"closed","ping_status":"closed","template":"","meta":{"footnotes":""},"class_list":["post-3747","page","type-page","status-publish","hentry"],"yoast_head":"<!-- This site is optimized with the Yoast SEO plugin v26.7 - https:\/\/yoast.com\/wordpress\/plugins\/seo\/ -->\n<title>Kobi Mentorlu\u011fu | T\u00dcG\u0130M - T\u00fcm Giri\u015fimci ve \u0130\u015f Mentorlar\u0131 Derne\u011fi<\/title>\n<meta name=\"description\" content=\"Kobi Mentorlu\u011fu, KOB\u0130\u2019lerin de\u011fi\u015fime uyum sa\u011flamalar\u0131 i\u00e7in firmaya \u00f6zel uygulanan program neticesinde firman\u0131n nitelikli KOB\u0130 olmas\u0131 hedeflenmektedir.\" \/>\n<meta name=\"robots\" content=\"index, follow, max-snippet:-1, max-image-preview:large, max-video-preview:-1\" \/>\n<link rel=\"canonical\" href=\"https:\/\/www.tugim.org\/en\/kobi-mentorlugu\/\" \/>\n<meta property=\"og:locale\" content=\"en_US\" \/>\n<meta property=\"og:type\" content=\"article\" \/>\n<meta property=\"og:title\" content=\"Kobi Mentorlu\u011fu | T\u00dcG\u0130M - T\u00fcm Giri\u015fimci ve \u0130\u015f Mentorlar\u0131 Derne\u011fi\" \/>\n<meta property=\"og:description\" content=\"Kobi Mentorlu\u011fu, KOB\u0130\u2019lerin de\u011fi\u015fime uyum sa\u011flamalar\u0131 i\u00e7in firmaya \u00f6zel uygulanan program neticesinde firman\u0131n nitelikli KOB\u0130 olmas\u0131 hedeflenmektedir.\" \/>\n<meta property=\"og:url\" content=\"https:\/\/www.tugim.org\/en\/kobi-mentorlugu\/\" \/>\n<meta property=\"og:site_name\" content=\"T\u00dcG\u0130M\" \/>\n<meta property=\"article:modified_time\" content=\"2023-08-29T14:18:23+00:00\" \/>\n<meta property=\"og:image\" content=\"https:\/\/www.tugim.org\/wp-content\/uploads\/2020\/04\/tugim-kay\u0131t-2.jpg\" \/>\n\t<meta property=\"og:image:width\" content=\"1920\" \/>\n\t<meta property=\"og:image:height\" content=\"1080\" \/>\n\t<meta property=\"og:image:type\" content=\"image\/jpeg\" \/>\n<meta name=\"twitter:card\" content=\"summary_large_image\" \/>\n<meta name=\"twitter:label1\" content=\"Est. reading time\" \/>\n\t<meta name=\"twitter:data1\" content=\"6 minutes\" \/>\n<script type=\"application\/ld+json\" class=\"yoast-schema-graph\">{\"@context\":\"https:\/\/schema.org\",\"@graph\":[{\"@type\":\"WebPage\",\"@id\":\"https:\/\/www.tugim.org\/kobi-mentorlugu\/\",\"url\":\"https:\/\/www.tugim.org\/kobi-mentorlugu\/\",\"name\":\"Kobi Mentorlu\u011fu | T\u00dcG\u0130M - T\u00fcm Giri\u015fimci ve \u0130\u015f Mentorlar\u0131 Derne\u011fi\",\"isPartOf\":{\"@id\":\"https:\/\/www.tugim.org\/#website\"},\"datePublished\":\"2020-10-19T14:25:24+00:00\",\"dateModified\":\"2023-08-29T14:18:23+00:00\",\"description\":\"Kobi Mentorlu\u011fu, KOB\u0130\u2019lerin de\u011fi\u015fime uyum sa\u011flamalar\u0131 i\u00e7in firmaya \u00f6zel uygulanan program neticesinde firman\u0131n nitelikli KOB\u0130 olmas\u0131 hedeflenmektedir.\",\"breadcrumb\":{\"@id\":\"https:\/\/www.tugim.org\/kobi-mentorlugu\/#breadcrumb\"},\"inLanguage\":\"en-US\",\"potentialAction\":[{\"@type\":\"ReadAction\",\"target\":[\"https:\/\/www.tugim.org\/kobi-mentorlugu\/\"]}]},{\"@type\":\"BreadcrumbList\",\"@id\":\"https:\/\/www.tugim.org\/kobi-mentorlugu\/#breadcrumb\",\"itemListElement\":[{\"@type\":\"ListItem\",\"position\":1,\"name\":\"Ana sayfa\",\"item\":\"https:\/\/www.tugim.org\/\"},{\"@type\":\"ListItem\",\"position\":2,\"name\":\"Kobi Mentorlu\u011fu\"}]},{\"@type\":\"WebSite\",\"@id\":\"https:\/\/www.tugim.org\/#website\",\"url\":\"https:\/\/www.tugim.org\/\",\"name\":\"T\u00dcG\u0130M\",\"description\":\"T\u00fcm Giri\u015fimci Ve \u0130\u015f Mentorlar\u0131 Derne\u011fi\",\"publisher\":{\"@id\":\"https:\/\/www.tugim.org\/#organization\"},\"potentialAction\":[{\"@type\":\"SearchAction\",\"target\":{\"@type\":\"EntryPoint\",\"urlTemplate\":\"https:\/\/www.tugim.org\/?s={search_term_string}\"},\"query-input\":{\"@type\":\"PropertyValueSpecification\",\"valueRequired\":true,\"valueName\":\"search_term_string\"}}],\"inLanguage\":\"en-US\"},{\"@type\":\"Organization\",\"@id\":\"https:\/\/www.tugim.org\/#organization\",\"name\":\"T\u00fcm Giri\u015fimci ve \u0130\u015f Mentorlar\u0131 Derne\u011fi\",\"url\":\"https:\/\/www.tugim.org\/\",\"logo\":{\"@type\":\"ImageObject\",\"inLanguage\":\"en-US\",\"@id\":\"https:\/\/www.tugim.org\/#\/schema\/logo\/image\/\",\"url\":\"https:\/\/www.tugim.org\/wp-content\/uploads\/2019\/02\/Tugim-girisimcilik-mentorluk-tubitak-mentoru-startup-e1584278111902.png\",\"contentUrl\":\"https:\/\/www.tugim.org\/wp-content\/uploads\/2019\/02\/Tugim-girisimcilik-mentorluk-tubitak-mentoru-startup-e1584278111902.png\",\"width\":150,\"height\":40,\"caption\":\"T\u00fcm Giri\u015fimci ve \u0130\u015f Mentorlar\u0131 Derne\u011fi\"},\"image\":{\"@id\":\"https:\/\/www.tugim.org\/#\/schema\/logo\/image\/\"},\"sameAs\":[\"https:\/\/www.linkedin.com\/company\/tugim-org\/\"]}]}<\/script>\n<!-- \/ Yoast SEO plugin. -->","yoast_head_json":{"title":"Kobi Mentorlu\u011fu | T\u00dcG\u0130M - T\u00fcm Giri\u015fimci ve \u0130\u015f Mentorlar\u0131 Derne\u011fi","description":"Kobi Mentorlu\u011fu, KOB\u0130\u2019lerin de\u011fi\u015fime uyum sa\u011flamalar\u0131 i\u00e7in firmaya \u00f6zel uygulanan program neticesinde firman\u0131n nitelikli KOB\u0130 olmas\u0131 hedeflenmektedir.","robots":{"index":"index","follow":"follow","max-snippet":"max-snippet:-1","max-image-preview":"max-image-preview:large","max-video-preview":"max-video-preview:-1"},"canonical":"https:\/\/www.tugim.org\/en\/kobi-mentorlugu\/","og_locale":"en_US","og_type":"article","og_title":"Kobi Mentorlu\u011fu | T\u00dcG\u0130M - T\u00fcm Giri\u015fimci ve \u0130\u015f Mentorlar\u0131 Derne\u011fi","og_description":"Kobi Mentorlu\u011fu, KOB\u0130\u2019lerin de\u011fi\u015fime uyum sa\u011flamalar\u0131 i\u00e7in firmaya \u00f6zel uygulanan program neticesinde firman\u0131n nitelikli KOB\u0130 olmas\u0131 hedeflenmektedir.","og_url":"https:\/\/www.tugim.org\/en\/kobi-mentorlugu\/","og_site_name":"T\u00dcG\u0130M","article_modified_time":"2023-08-29T14:18:23+00:00","og_image":[{"width":1920,"height":1080,"url":"https:\/\/www.tugim.org\/wp-content\/uploads\/2020\/04\/tugim-kay\u0131t-2.jpg","type":"image\/jpeg"}],"twitter_card":"summary_large_image","twitter_misc":{"Est. reading time":"6 minutes"},"schema":{"@context":"https:\/\/schema.org","@graph":[{"@type":"WebPage","@id":"https:\/\/www.tugim.org\/kobi-mentorlugu\/","url":"https:\/\/www.tugim.org\/kobi-mentorlugu\/","name":"Kobi Mentorlu\u011fu | T\u00dcG\u0130M - T\u00fcm Giri\u015fimci ve \u0130\u015f Mentorlar\u0131 Derne\u011fi","isPartOf":{"@id":"https:\/\/www.tugim.org\/#website"},"datePublished":"2020-10-19T14:25:24+00:00","dateModified":"2023-08-29T14:18:23+00:00","description":"Kobi Mentorlu\u011fu, KOB\u0130\u2019lerin de\u011fi\u015fime uyum sa\u011flamalar\u0131 i\u00e7in firmaya \u00f6zel uygulanan program neticesinde firman\u0131n nitelikli KOB\u0130 olmas\u0131 hedeflenmektedir.","breadcrumb":{"@id":"https:\/\/www.tugim.org\/kobi-mentorlugu\/#breadcrumb"},"inLanguage":"en-US","potentialAction":[{"@type":"ReadAction","target":["https:\/\/www.tugim.org\/kobi-mentorlugu\/"]}]},{"@type":"BreadcrumbList","@id":"https:\/\/www.tugim.org\/kobi-mentorlugu\/#breadcrumb","itemListElement":[{"@type":"ListItem","position":1,"name":"Ana sayfa","item":"https:\/\/www.tugim.org\/"},{"@type":"ListItem","position":2,"name":"Kobi Mentorlu\u011fu"}]},{"@type":"WebSite","@id":"https:\/\/www.tugim.org\/#website","url":"https:\/\/www.tugim.org\/","name":"T\u00dcG\u0130M","description":"T\u00fcm Giri\u015fimci Ve \u0130\u015f Mentorlar\u0131 Derne\u011fi","publisher":{"@id":"https:\/\/www.tugim.org\/#organization"},"potentialAction":[{"@type":"SearchAction","target":{"@type":"EntryPoint","urlTemplate":"https:\/\/www.tugim.org\/?s={search_term_string}"},"query-input":{"@type":"PropertyValueSpecification","valueRequired":true,"valueName":"search_term_string"}}],"inLanguage":"en-US"},{"@type":"Organization","@id":"https:\/\/www.tugim.org\/#organization","name":"T\u00fcm Giri\u015fimci ve \u0130\u015f Mentorlar\u0131 Derne\u011fi","url":"https:\/\/www.tugim.org\/","logo":{"@type":"ImageObject","inLanguage":"en-US","@id":"https:\/\/www.tugim.org\/#\/schema\/logo\/image\/","url":"https:\/\/www.tugim.org\/wp-content\/uploads\/2019\/02\/Tugim-girisimcilik-mentorluk-tubitak-mentoru-startup-e1584278111902.png","contentUrl":"https:\/\/www.tugim.org\/wp-content\/uploads\/2019\/02\/Tugim-girisimcilik-mentorluk-tubitak-mentoru-startup-e1584278111902.png","width":150,"height":40,"caption":"T\u00fcm Giri\u015fimci ve \u0130\u015f Mentorlar\u0131 Derne\u011fi"},"image":{"@id":"https:\/\/www.tugim.org\/#\/schema\/logo\/image\/"},"sameAs":["https:\/\/www.linkedin.com\/company\/tugim-org\/"]}]}},"_links":{"self":[{"href":"https:\/\/www.tugim.org\/en\/wp-json\/wp\/v2\/pages\/3747","targetHints":{"allow":["GET"]}}],"collection":[{"href":"https:\/\/www.tugim.org\/en\/wp-json\/wp\/v2\/pages"}],"about":[{"href":"https:\/\/www.tugim.org\/en\/wp-json\/wp\/v2\/types\/page"}],"author":[{"embeddable":true,"href":"https:\/\/www.tugim.org\/en\/wp-json\/wp\/v2\/users\/1"}],"replies":[{"embeddable":true,"href":"https:\/\/www.tugim.org\/en\/wp-json\/wp\/v2\/comments?post=3747"}],"version-history":[{"count":0,"href":"https:\/\/www.tugim.org\/en\/wp-json\/wp\/v2\/pages\/3747\/revisions"}],"wp:attachment":[{"href":"https:\/\/www.tugim.org\/en\/wp-json\/wp\/v2\/media?parent=3747"}],"curies":[{"name":"wp","href":"https:\/\/api.w.org\/{rel}","templated":true}]}}