{"id":3752,"date":"2020-10-19T17:44:32","date_gmt":"2020-10-19T14:44:32","guid":{"rendered":"https:\/\/www.tugim.org\/beta\/?page_id=3752"},"modified":"2023-08-29T17:20:41","modified_gmt":"2023-08-29T14:20:41","slug":"kurum-ici-mentorluk","status":"publish","type":"page","link":"https:\/\/www.tugim.org\/en\/kurum-ici-mentorluk\/","title":{"rendered":"Kurum \u0130\u00e7i Mentorluk"},"content":{"rendered":"<div class=\"fusion-fullwidth fullwidth-box fusion-builder-row-1 fusion-flex-container nonhundred-percent-fullwidth non-hundred-percent-height-scrolling\" style=\"background-color: rgba(255,255,255,0);background-position: left top;background-repeat: no-repeat;border-width: 0px 0px 0px 0px;border-color:#eae9e9;border-style:solid;\" ><div class=\"fusion-builder-row fusion-row fusion-flex-align-items-flex-start\" style=\"max-width:1216.8px;margin-left: calc(-4% \/ 2 );margin-right: calc(-4% \/ 2 );\"><div class=\"fusion-layout-column fusion_builder_column fusion-builder-column-0 fusion_builder_column_1_1 1_1 fusion-flex-column fusion-flex-align-self-flex-start fusion-column-no-min-height\"><div class=\"fusion-column-wrapper fusion-flex-justify-content-flex-start fusion-content-layout-column\" style=\"background-position:left top;background-repeat:no-repeat;-webkit-background-size:cover;-moz-background-size:cover;-o-background-size:cover;background-size:cover;padding: 0px 0px 0px 0px;\"><style type=\"text\/css\">@media only screen and (max-width:1024px) {.fusion-title.fusion-title-1{margin-top:0px!important; margin-right:0px!important;margin-bottom:0px!important;margin-left:0px!important;}}@media only screen and (max-width:850px) {.fusion-title.fusion-title-1{margin-top:0px!important; margin-right:0px!important;margin-bottom:20px!important; margin-left:0px!important;}}<\/style><div class=\"fusion-title title fusion-title-1 fusion-title-center fusion-title-text fusion-title-size-two\" style=\"margin-top:0px;margin-right:0px;margin-bottom:0px;margin-left:0px;\"><div class=\"title-sep-container title-sep-container-left\"><div class=\"title-sep sep-single sep-solid\" style=\"border-color:#e0dede;\"><\/div><\/div><span class=\"awb-title-spacer\"><\/span><h2 class=\"title-heading-center\" style=\"margin:0;\">KURUM \u0130\u00c7\u0130 MENTORLUK<\/h2><span class=\"awb-title-spacer\"><\/span><div class=\"title-sep-container title-sep-container-right\"><div class=\"title-sep sep-single sep-solid\" style=\"border-color:#e0dede;\"><\/div><\/div><\/div><div class=\"fusion-separator fusion-full-width-sep\" style=\"align-self: center;margin-left: auto;margin-right: auto;margin-top:30px;margin-bottom:0px;width:100%;\"><div class=\"fusion-separator-border sep-single sep-solid\" style=\"border-color:#0e4290;border-top-width:5px;\"><\/div><\/div><\/div><style type=\"text\/css\">.fusion-body .fusion-builder-column-0{width:100% !important;margin-top : 0px;margin-bottom : 0px;}.fusion-builder-column-0 > .fusion-column-wrapper {padding-top : 0px !important;padding-right : 0px !important;margin-right : 1.92%;padding-bottom : 0px !important;padding-left : 0px !important;margin-left : 1.92%;}@media only screen and (max-width:1024px) {.fusion-body .fusion-builder-column-0{width:100% !important;}.fusion-builder-column-0 > .fusion-column-wrapper {margin-right : 1.92%;margin-left : 1.92%;}}@media only screen and (max-width:850px) {.fusion-body .fusion-builder-column-0{width:100% !important;}.fusion-builder-column-0 > .fusion-column-wrapper {margin-right : 1.92%;margin-left : 1.92%;}}<\/style><\/div><div class=\"fusion-layout-column fusion_builder_column fusion-builder-column-1 fusion_builder_column_1_1 1_1 fusion-flex-column green-border rounded-border\"><div class=\"fusion-column-wrapper fusion-flex-justify-content-flex-start fusion-content-layout-column\" style=\"background-position:left top;background-repeat:no-repeat;-webkit-background-size:cover;-moz-background-size:cover;-o-background-size:cover;background-size:cover;background-color:#ffffff;border-width: 1px 1px 1px 1px;border-color:#e2e2e2;border-style:solid;padding: 4% 6% 3% 6%;\"><div class=\"fusion-builder-row fusion-builder-row-inner fusion-row fusion-flex-align-items-flex-start\" style=\"width:104% !important;max-width:104% !important;margin-left: calc(-4% \/ 2 );margin-right: calc(-4% \/ 2 );\"><div class=\"fusion-layout-column fusion_builder_column_inner fusion-builder-nested-column-0 fusion_builder_column_inner_1_2 1_2 fusion-flex-column fusion-flex-align-self-center\"><div class=\"fusion-column-wrapper fusion-flex-justify-content-center fusion-content-layout-column\" style=\"background-position:left top;background-repeat:no-repeat;-webkit-background-size:cover;-moz-background-size:cover;-o-background-size:cover;background-size:cover;padding: 0px 0px 0px 0px;\"><div style=\"text-align:center;\"><span class=\"fusion-imageframe imageframe-none imageframe-1 hover-type-none\"><img decoding=\"async\" width=\"401\" height=\"535\" title=\"KURUM \u0130\u00c7\u0130 MENTORLUK\" src=\"https:\/\/www.tugim.org\/wp-content\/uploads\/2023\/08\/KURUM-ICI-MENTORLUK.webp\" alt class=\"img-responsive wp-image-5036\" srcset=\"https:\/\/www.tugim.org\/wp-content\/uploads\/2023\/08\/KURUM-ICI-MENTORLUK-9x12.webp 9w, https:\/\/www.tugim.org\/wp-content\/uploads\/2023\/08\/KURUM-ICI-MENTORLUK-200x267.webp 200w, https:\/\/www.tugim.org\/wp-content\/uploads\/2023\/08\/KURUM-ICI-MENTORLUK-225x300.webp 225w, https:\/\/www.tugim.org\/wp-content\/uploads\/2023\/08\/KURUM-ICI-MENTORLUK.webp 401w\" sizes=\"(max-width: 1024px) 100vw, (max-width: 850px) 100vw, 401px\" \/><\/span><\/div><\/div><style type=\"text\/css\">.fusion-body .fusion-builder-nested-column-0{width:50% !important;margin-top : 0px;margin-bottom : 20px;}.fusion-builder-nested-column-0 > .fusion-column-wrapper {padding-top : 0px !important;padding-right : 0px !important;margin-right : 0px;padding-bottom : 0px !important;padding-left : 0px !important;margin-left : 3.84%;}@media only screen and (max-width:1024px) {.fusion-body .fusion-builder-nested-column-0{width:25% !important;order : 0;}.fusion-builder-nested-column-0 > .fusion-column-wrapper {margin-right : 0px;margin-left : 7.68%;}}@media only screen and (max-width:850px) {.fusion-body .fusion-builder-nested-column-0{width:100% !important;order : 0;}.fusion-builder-nested-column-0 > .fusion-column-wrapper {margin-right : 1.92%;margin-left : 1.92%;}}<\/style><\/div><div class=\"fusion-layout-column fusion_builder_column_inner fusion-builder-nested-column-1 fusion_builder_column_inner_1_2 1_2 fusion-flex-column fusion-flex-align-self-center\"><div class=\"fusion-column-wrapper fusion-flex-justify-content-flex-start fusion-content-layout-column\" style=\"background-position:left top;background-repeat:no-repeat;-webkit-background-size:cover;-moz-background-size:cover;-o-background-size:cover;background-size:cover;padding: 0px 0px 0px 0px;\"><div class=\"fusion-text fusion-text-1\"><p>T\u00fcm Giri\u015fimci ve \u0130\u015f Mentorlar\u0131 Derne\u011fi olarak, Kurumsal haf\u0131za kavram\u0131n\u0131n \u00f6neminin g\u00fcn\u00fcm\u00fcz \u00e7al\u0131\u015fma ko\u015fullar\u0131nda \u00f6neminin fark\u0131ndal\u0131\u011f\u0131yla hareket etmekteyiz. Bu kapsamda kurumsal firmalar\u0131n ihtiya\u00e7lar\u0131n\u0131 belirleyerek, mentor-menti ili\u015fkisinin kurulmas\u0131nda, mentorluk s\u00fcre\u00e7lerinin yap\u0131land\u0131r\u0131lmas\u0131na, Supervise anlay\u0131\u015f\u0131yla kurulan mentorluk s\u00fcrecinde s\u00fcpervizor mentor deste\u011fi sa\u011flayan bir anlay\u0131\u015f\u0131m\u0131z bulunmaktad\u0131r.<br \/>\nKurumi\u00e7i mentorluk modeli, kurum i\u00e7erisinde kariyer yol haritas\u0131 olu\u015fturma ve ki\u015fisel geli\u015fimi hedeflemektedir. Bu kapsamda Kurum bilgisinin, k\u00fclt\u00fcr\u00fcn\u00fcn, kurumsal haf\u0131zas\u0131n\u0131n ve deneyimlerinin sistem i\u00e7inde aktar\u0131m\u0131 sa\u011flanmaktad\u0131r.<br \/>\nKurum i\u00e7i mentorluk sistemi bulunan \u015firketlerde klasik mentorluk anlay\u0131\u015f\u0131na ek olarak tersine mentorluk (junior=&gt;senior) deste\u011fi de sa\u011flayarak, kurum k\u00fclt\u00fcr\u00fcn\u00fcn yeni nesil ileti\u015fim s\u00fcre\u00e7lerine adaptasyonunu sa\u011flayarak i\u015f ortam\u0131ndaki farkl\u0131 ku\u015faklar\u0131n aras\u0131ndaki senkranizasyonu sa\u011flamay\u0131 hedeflemekteyiz.<br \/>\nKurumi\u00e7i mentorluk modelini kurum ihtiya\u00e7lar\u0131n\u0131 analiz edip kurum de\u011ferlerini baz alarak projelendirmekteyiz.<br \/>\nKurum i\u00e7i mentorluk modelimizin ana mod\u00fclleri a\u015fa\u011f\u0131da yer almaktad\u0131r.<\/p>\n<ul>\n<li>Program\u0131n Tasar\u0131m\u0131: Kurumun ihtiya\u00e7 analizinin yap\u0131lmas\u0131, mevcut durumun \u00e7\u0131kar\u0131lmas\u0131( Assesment), KPI ve hedeflerin belirlenmesi, yol haritas\u0131n\u0131n olu\u015fturulmas\u0131,<\/li>\n<li>Program\u0131n Lansman ve \u0130leti\u015fim Planlamas\u0131: Kurumi\u00e7i ileti\u015fim mesaj\u0131n\u0131n ve mottosunun \u00a0belirlenmesi, ileti\u015fim tarih ve frekanslar\u0131n\u0131n belirlenmesi, \u0130leti\u015fim Kanallar\u0131n\u0131n Belirlenmesi,<\/li>\n<li>Program Kat\u0131l\u0131mc\u0131lar\u0131n\u0131n Belirlenmesi: Mentor-Menti E\u015fle\u015ftirmesi , Supervizor Atama, G\u00f6r\u00fc\u015fme zaman ve s\u0131kl\u0131klar\u0131n\u0131n \u00a0Belirlenmesi, S\u00fcre\u00e7 ajandas\u0131n\u0131n Olu\u015fturulmas\u0131,<\/li>\n<li>Program E\u011fitimlerinin Planlanmas\u0131: Program tasar\u0131m\u0131 yap\u0131l\u0131rken belirlenen e\u011fitimlerin i\u00e7eriklerinin ve \u00e7\u0131kt\u0131lar\u0131n\u0131n belirlenmesi, takviminin olu\u015fturulmas\u0131,<\/li>\n<li>Program\u0131n Takibi ve De\u011ferlendirilmesi: Mentor, Mentii, Supervisor raporlar\u0131n\u0131n format\u0131n\u0131n belirlenmesi ve takibi, Geli\u015fim \u00e7izelge formatlar\u0131n\u0131n haz\u0131rlanmas\u0131 ve takibi,<\/li>\n<li>Program\u0131n Sonu\u00e7 Raporunun Payla\u015f\u0131lmas\u0131: Program\u0131n tamamlanmas\u0131 sonras\u0131nda kat\u0131l\u0131mc\u0131lar\u0131n geli\u015fimini ve geribildirimleri kapsayan raporun haz\u0131rlanmas\u0131 ve \u00f6zet format\u0131n\u0131n Kurumi\u00e7i ile Payla\u015f\u0131lmas\u0131.<\/li>\n<\/ul>\n<\/div><\/div><style type=\"text\/css\">.fusion-body .fusion-builder-nested-column-1{width:50% !important;margin-top : 0px;margin-bottom : 0px;}.fusion-builder-nested-column-1 > .fusion-column-wrapper {padding-top : 0px !important;padding-right : 0px !important;margin-right : 3.84%;padding-bottom : 0px !important;padding-left : 0px !important;margin-left : 0px;}@media only screen and (max-width:1024px) {.fusion-body .fusion-builder-nested-column-1{width:75% !important;order : 0;}.fusion-builder-nested-column-1 > .fusion-column-wrapper {margin-right : 2.56%;margin-left : 0px;}}@media only screen and (max-width:850px) {.fusion-body .fusion-builder-nested-column-1{width:100% !important;order : 0;}.fusion-builder-nested-column-1 > .fusion-column-wrapper {margin-right : 1.92%;margin-left : 1.92%;}}<\/style><\/div><\/div><\/div><style type=\"text\/css\">.fusion-body .fusion-builder-column-1{width:100% !important;margin-top : 0px;margin-bottom : 40px;}.fusion-builder-column-1 > .fusion-column-wrapper {padding-top : 4% !important;padding-right : 6% !important;margin-right : 1.92%;padding-bottom : 3% !important;padding-left : 6% !important;margin-left : 1.92%;}@media only screen and (max-width:1024px) {.fusion-body .fusion-builder-column-1{width:100% !important;order : 0;}.fusion-builder-column-1 > .fusion-column-wrapper {margin-right : 1.92%;padding-bottom : 16px !important;margin-left : 1.92%;}}@media only screen and (max-width:850px) {.fusion-body .fusion-builder-column-1{width:100% !important;order : 0;}.fusion-builder-column-1 > .fusion-column-wrapper {margin-right : 1.92%;margin-left : 1.92%;}}<\/style><\/div><\/div><style type=\"text\/css\">.fusion-body .fusion-flex-container.fusion-builder-row-1{ padding-top : 0px;margin-top : 0px;padding-right : 0px;padding-bottom : 0px;margin-bottom : 0px;padding-left : 0px;}@media only screen and (max-width:1024px) {.fusion-body .fusion-flex-container.fusion-builder-row-1{ padding-top : 72px;padding-bottom : 60px;}}@media only screen and (max-width:850px) {.fusion-body .fusion-flex-container.fusion-builder-row-1{ padding-bottom : 48px;}}<\/style><\/div>","protected":false},"excerpt":{"rendered":"","protected":false},"author":1,"featured_media":0,"parent":0,"menu_order":4,"comment_status":"closed","ping_status":"closed","template":"","meta":{"footnotes":""},"class_list":["post-3752","page","type-page","status-publish","hentry"],"yoast_head":"<!-- This site is optimized with the Yoast SEO plugin v26.7 - https:\/\/yoast.com\/wordpress\/plugins\/seo\/ -->\n<title>Kurum \u0130\u00e7i Mentorluk | T\u00dcG\u0130M - T\u00fcm Giri\u015fimci ve \u0130\u015f Mentorlar\u0131 Derne\u011fi<\/title>\n<meta name=\"description\" content=\"Kurum i\u00e7i mentorluk modeli, kurum i\u00e7erisinde kariyer yol haritas\u0131 olu\u015fturma ve ki\u015fisel geli\u015fimi hedeflemektedir. Kurumsal firmalar\u0131n ihtiya\u00e7lar\u0131n\u0131 belirleyerek...\" \/>\n<meta name=\"robots\" content=\"index, follow, max-snippet:-1, max-image-preview:large, max-video-preview:-1\" \/>\n<link rel=\"canonical\" href=\"https:\/\/www.tugim.org\/en\/kurum-ici-mentorluk\/\" \/>\n<meta property=\"og:locale\" content=\"en_US\" \/>\n<meta property=\"og:type\" content=\"article\" \/>\n<meta property=\"og:title\" content=\"Kurum \u0130\u00e7i Mentorluk | T\u00dcG\u0130M - T\u00fcm Giri\u015fimci ve \u0130\u015f Mentorlar\u0131 Derne\u011fi\" \/>\n<meta property=\"og:description\" content=\"Kurum i\u00e7i mentorluk modeli, kurum i\u00e7erisinde kariyer yol haritas\u0131 olu\u015fturma ve ki\u015fisel geli\u015fimi hedeflemektedir. Kurumsal firmalar\u0131n ihtiya\u00e7lar\u0131n\u0131 belirleyerek...\" \/>\n<meta property=\"og:url\" content=\"https:\/\/www.tugim.org\/en\/kurum-ici-mentorluk\/\" \/>\n<meta property=\"og:site_name\" content=\"T\u00dcG\u0130M\" \/>\n<meta property=\"article:modified_time\" content=\"2023-08-29T14:20:41+00:00\" \/>\n<meta property=\"og:image\" content=\"https:\/\/www.tugim.org\/wp-content\/uploads\/2020\/04\/tugim-kay\u0131t-2.jpg\" \/>\n\t<meta property=\"og:image:width\" content=\"1920\" \/>\n\t<meta property=\"og:image:height\" content=\"1080\" \/>\n\t<meta property=\"og:image:type\" content=\"image\/jpeg\" \/>\n<meta name=\"twitter:card\" content=\"summary_large_image\" \/>\n<meta name=\"twitter:label1\" content=\"Est. reading time\" \/>\n\t<meta name=\"twitter:data1\" content=\"6 minutes\" \/>\n<script type=\"application\/ld+json\" class=\"yoast-schema-graph\">{\"@context\":\"https:\/\/schema.org\",\"@graph\":[{\"@type\":\"WebPage\",\"@id\":\"https:\/\/www.tugim.org\/kurum-ici-mentorluk\/\",\"url\":\"https:\/\/www.tugim.org\/kurum-ici-mentorluk\/\",\"name\":\"Kurum \u0130\u00e7i Mentorluk | T\u00dcG\u0130M - T\u00fcm Giri\u015fimci ve \u0130\u015f Mentorlar\u0131 Derne\u011fi\",\"isPartOf\":{\"@id\":\"https:\/\/www.tugim.org\/#website\"},\"datePublished\":\"2020-10-19T14:44:32+00:00\",\"dateModified\":\"2023-08-29T14:20:41+00:00\",\"description\":\"Kurum i\u00e7i mentorluk modeli, kurum i\u00e7erisinde kariyer yol haritas\u0131 olu\u015fturma ve ki\u015fisel geli\u015fimi hedeflemektedir. Kurumsal firmalar\u0131n ihtiya\u00e7lar\u0131n\u0131 belirleyerek...\",\"breadcrumb\":{\"@id\":\"https:\/\/www.tugim.org\/kurum-ici-mentorluk\/#breadcrumb\"},\"inLanguage\":\"en-US\",\"potentialAction\":[{\"@type\":\"ReadAction\",\"target\":[\"https:\/\/www.tugim.org\/kurum-ici-mentorluk\/\"]}]},{\"@type\":\"BreadcrumbList\",\"@id\":\"https:\/\/www.tugim.org\/kurum-ici-mentorluk\/#breadcrumb\",\"itemListElement\":[{\"@type\":\"ListItem\",\"position\":1,\"name\":\"Ana sayfa\",\"item\":\"https:\/\/www.tugim.org\/\"},{\"@type\":\"ListItem\",\"position\":2,\"name\":\"Kurum \u0130\u00e7i Mentorluk\"}]},{\"@type\":\"WebSite\",\"@id\":\"https:\/\/www.tugim.org\/#website\",\"url\":\"https:\/\/www.tugim.org\/\",\"name\":\"T\u00dcG\u0130M\",\"description\":\"T\u00fcm Giri\u015fimci Ve \u0130\u015f Mentorlar\u0131 Derne\u011fi\",\"publisher\":{\"@id\":\"https:\/\/www.tugim.org\/#organization\"},\"potentialAction\":[{\"@type\":\"SearchAction\",\"target\":{\"@type\":\"EntryPoint\",\"urlTemplate\":\"https:\/\/www.tugim.org\/?s={search_term_string}\"},\"query-input\":{\"@type\":\"PropertyValueSpecification\",\"valueRequired\":true,\"valueName\":\"search_term_string\"}}],\"inLanguage\":\"en-US\"},{\"@type\":\"Organization\",\"@id\":\"https:\/\/www.tugim.org\/#organization\",\"name\":\"T\u00fcm Giri\u015fimci ve \u0130\u015f Mentorlar\u0131 Derne\u011fi\",\"url\":\"https:\/\/www.tugim.org\/\",\"logo\":{\"@type\":\"ImageObject\",\"inLanguage\":\"en-US\",\"@id\":\"https:\/\/www.tugim.org\/#\/schema\/logo\/image\/\",\"url\":\"https:\/\/www.tugim.org\/wp-content\/uploads\/2019\/02\/Tugim-girisimcilik-mentorluk-tubitak-mentoru-startup-e1584278111902.png\",\"contentUrl\":\"https:\/\/www.tugim.org\/wp-content\/uploads\/2019\/02\/Tugim-girisimcilik-mentorluk-tubitak-mentoru-startup-e1584278111902.png\",\"width\":150,\"height\":40,\"caption\":\"T\u00fcm Giri\u015fimci ve \u0130\u015f Mentorlar\u0131 Derne\u011fi\"},\"image\":{\"@id\":\"https:\/\/www.tugim.org\/#\/schema\/logo\/image\/\"},\"sameAs\":[\"https:\/\/www.linkedin.com\/company\/tugim-org\/\"]}]}<\/script>\n<!-- \/ Yoast SEO plugin. -->","yoast_head_json":{"title":"Kurum \u0130\u00e7i Mentorluk | T\u00dcG\u0130M - T\u00fcm Giri\u015fimci ve \u0130\u015f Mentorlar\u0131 Derne\u011fi","description":"Kurum i\u00e7i mentorluk modeli, kurum i\u00e7erisinde kariyer yol haritas\u0131 olu\u015fturma ve ki\u015fisel geli\u015fimi hedeflemektedir. Kurumsal firmalar\u0131n ihtiya\u00e7lar\u0131n\u0131 belirleyerek...","robots":{"index":"index","follow":"follow","max-snippet":"max-snippet:-1","max-image-preview":"max-image-preview:large","max-video-preview":"max-video-preview:-1"},"canonical":"https:\/\/www.tugim.org\/en\/kurum-ici-mentorluk\/","og_locale":"en_US","og_type":"article","og_title":"Kurum \u0130\u00e7i Mentorluk | T\u00dcG\u0130M - T\u00fcm Giri\u015fimci ve \u0130\u015f Mentorlar\u0131 Derne\u011fi","og_description":"Kurum i\u00e7i mentorluk modeli, kurum i\u00e7erisinde kariyer yol haritas\u0131 olu\u015fturma ve ki\u015fisel geli\u015fimi hedeflemektedir. Kurumsal firmalar\u0131n ihtiya\u00e7lar\u0131n\u0131 belirleyerek...","og_url":"https:\/\/www.tugim.org\/en\/kurum-ici-mentorluk\/","og_site_name":"T\u00dcG\u0130M","article_modified_time":"2023-08-29T14:20:41+00:00","og_image":[{"width":1920,"height":1080,"url":"https:\/\/www.tugim.org\/wp-content\/uploads\/2020\/04\/tugim-kay\u0131t-2.jpg","type":"image\/jpeg"}],"twitter_card":"summary_large_image","twitter_misc":{"Est. reading time":"6 minutes"},"schema":{"@context":"https:\/\/schema.org","@graph":[{"@type":"WebPage","@id":"https:\/\/www.tugim.org\/kurum-ici-mentorluk\/","url":"https:\/\/www.tugim.org\/kurum-ici-mentorluk\/","name":"Kurum \u0130\u00e7i Mentorluk | T\u00dcG\u0130M - T\u00fcm Giri\u015fimci ve \u0130\u015f Mentorlar\u0131 Derne\u011fi","isPartOf":{"@id":"https:\/\/www.tugim.org\/#website"},"datePublished":"2020-10-19T14:44:32+00:00","dateModified":"2023-08-29T14:20:41+00:00","description":"Kurum i\u00e7i mentorluk modeli, kurum i\u00e7erisinde kariyer yol haritas\u0131 olu\u015fturma ve ki\u015fisel geli\u015fimi hedeflemektedir. Kurumsal firmalar\u0131n ihtiya\u00e7lar\u0131n\u0131 belirleyerek...","breadcrumb":{"@id":"https:\/\/www.tugim.org\/kurum-ici-mentorluk\/#breadcrumb"},"inLanguage":"en-US","potentialAction":[{"@type":"ReadAction","target":["https:\/\/www.tugim.org\/kurum-ici-mentorluk\/"]}]},{"@type":"BreadcrumbList","@id":"https:\/\/www.tugim.org\/kurum-ici-mentorluk\/#breadcrumb","itemListElement":[{"@type":"ListItem","position":1,"name":"Ana sayfa","item":"https:\/\/www.tugim.org\/"},{"@type":"ListItem","position":2,"name":"Kurum \u0130\u00e7i Mentorluk"}]},{"@type":"WebSite","@id":"https:\/\/www.tugim.org\/#website","url":"https:\/\/www.tugim.org\/","name":"T\u00dcG\u0130M","description":"T\u00fcm Giri\u015fimci Ve \u0130\u015f Mentorlar\u0131 Derne\u011fi","publisher":{"@id":"https:\/\/www.tugim.org\/#organization"},"potentialAction":[{"@type":"SearchAction","target":{"@type":"EntryPoint","urlTemplate":"https:\/\/www.tugim.org\/?s={search_term_string}"},"query-input":{"@type":"PropertyValueSpecification","valueRequired":true,"valueName":"search_term_string"}}],"inLanguage":"en-US"},{"@type":"Organization","@id":"https:\/\/www.tugim.org\/#organization","name":"T\u00fcm Giri\u015fimci ve \u0130\u015f Mentorlar\u0131 Derne\u011fi","url":"https:\/\/www.tugim.org\/","logo":{"@type":"ImageObject","inLanguage":"en-US","@id":"https:\/\/www.tugim.org\/#\/schema\/logo\/image\/","url":"https:\/\/www.tugim.org\/wp-content\/uploads\/2019\/02\/Tugim-girisimcilik-mentorluk-tubitak-mentoru-startup-e1584278111902.png","contentUrl":"https:\/\/www.tugim.org\/wp-content\/uploads\/2019\/02\/Tugim-girisimcilik-mentorluk-tubitak-mentoru-startup-e1584278111902.png","width":150,"height":40,"caption":"T\u00fcm Giri\u015fimci ve \u0130\u015f Mentorlar\u0131 Derne\u011fi"},"image":{"@id":"https:\/\/www.tugim.org\/#\/schema\/logo\/image\/"},"sameAs":["https:\/\/www.linkedin.com\/company\/tugim-org\/"]}]}},"_links":{"self":[{"href":"https:\/\/www.tugim.org\/en\/wp-json\/wp\/v2\/pages\/3752","targetHints":{"allow":["GET"]}}],"collection":[{"href":"https:\/\/www.tugim.org\/en\/wp-json\/wp\/v2\/pages"}],"about":[{"href":"https:\/\/www.tugim.org\/en\/wp-json\/wp\/v2\/types\/page"}],"author":[{"embeddable":true,"href":"https:\/\/www.tugim.org\/en\/wp-json\/wp\/v2\/users\/1"}],"replies":[{"embeddable":true,"href":"https:\/\/www.tugim.org\/en\/wp-json\/wp\/v2\/comments?post=3752"}],"version-history":[{"count":0,"href":"https:\/\/www.tugim.org\/en\/wp-json\/wp\/v2\/pages\/3752\/revisions"}],"wp:attachment":[{"href":"https:\/\/www.tugim.org\/en\/wp-json\/wp\/v2\/media?parent=3752"}],"curies":[{"name":"wp","href":"https:\/\/api.w.org\/{rel}","templated":true}]}}