{"id":3763,"date":"2020-10-19T18:39:18","date_gmt":"2020-10-19T15:39:18","guid":{"rendered":"https:\/\/www.tugim.org\/beta\/?page_id=3763"},"modified":"2023-08-29T19:05:20","modified_gmt":"2023-08-29T16:05:20","slug":"egitimlerimiz","status":"publish","type":"page","link":"https:\/\/www.tugim.org\/en\/egitimlerimiz\/","title":{"rendered":"E\u011fitimlerimiz"},"content":{"rendered":"<div class=\"fusion-fullwidth fullwidth-box fusion-builder-row-1 fusion-flex-container nonhundred-percent-fullwidth non-hundred-percent-height-scrolling\" style=\"background-color: rgba(255,255,255,0);background-position: left top;background-repeat: no-repeat;border-width: 0px 0px 0px 0px;border-color:#eae9e9;border-style:solid;\" ><div class=\"fusion-builder-row fusion-row fusion-flex-align-items-flex-start\" style=\"max-width:1216.8px;margin-left: calc(-4% \/ 2 );margin-right: calc(-4% \/ 2 );\"><div class=\"fusion-layout-column fusion_builder_column fusion-builder-column-0 fusion_builder_column_1_1 1_1 fusion-flex-column fusion-flex-align-self-flex-start fusion-column-no-min-height\"><div class=\"fusion-column-wrapper fusion-flex-justify-content-flex-start fusion-content-layout-column\" style=\"background-position:left top;background-repeat:no-repeat;-webkit-background-size:cover;-moz-background-size:cover;-o-background-size:cover;background-size:cover;padding: 0px 0px 0px 0px;\"><style type=\"text\/css\">@media only screen and (max-width:1024px) {.fusion-title.fusion-title-1{margin-top:0px!important; margin-right:0px!important;margin-bottom:0px!important;margin-left:0px!important;}}@media only screen and (max-width:850px) {.fusion-title.fusion-title-1{margin-top:0px!important; margin-right:0px!important;margin-bottom:20px!important; margin-left:0px!important;}}<\/style><div class=\"fusion-title title fusion-title-1 fusion-title-center fusion-title-text fusion-title-size-two\" style=\"margin-top:0px;margin-right:0px;margin-bottom:0px;margin-left:0px;\"><div class=\"title-sep-container title-sep-container-left\"><div class=\"title-sep sep-single sep-solid\" style=\"border-color:#e0dede;\"><\/div><\/div><span class=\"awb-title-spacer\"><\/span><h2 class=\"title-heading-center\" style=\"margin:0;\">T\u00dcG\u0130M E\u011e\u0130T\u0130M PORTF\u00d6Y\u00dc<\/h2><span class=\"awb-title-spacer\"><\/span><div class=\"title-sep-container title-sep-container-right\"><div class=\"title-sep sep-single sep-solid\" style=\"border-color:#e0dede;\"><\/div><\/div><\/div><div class=\"fusion-separator fusion-full-width-sep\" style=\"align-self: center;margin-left: auto;margin-right: auto;margin-top:30px;margin-bottom:0px;width:100%;\"><div class=\"fusion-separator-border sep-single sep-solid\" style=\"border-color:#0e4290;border-top-width:5px;\"><\/div><\/div><\/div><style type=\"text\/css\">.fusion-body .fusion-builder-column-0{width:100% !important;margin-top : 0px;margin-bottom : 0px;}.fusion-builder-column-0 > .fusion-column-wrapper {padding-top : 0px !important;padding-right : 0px !important;margin-right : 1.92%;padding-bottom : 0px !important;padding-left : 0px !important;margin-left : 1.92%;}@media only screen and (max-width:1024px) {.fusion-body .fusion-builder-column-0{width:100% !important;}.fusion-builder-column-0 > .fusion-column-wrapper {margin-right : 1.92%;margin-left : 1.92%;}}@media only screen and (max-width:850px) {.fusion-body .fusion-builder-column-0{width:100% !important;}.fusion-builder-column-0 > .fusion-column-wrapper {margin-right : 1.92%;margin-left : 1.92%;}}<\/style><\/div><div class=\"fusion-layout-column fusion_builder_column fusion-builder-column-1 fusion_builder_column_1_1 1_1 fusion-flex-column green-border rounded-border\"><div class=\"fusion-column-wrapper fusion-flex-justify-content-flex-start fusion-content-layout-column\" style=\"background-position:left top;background-repeat:no-repeat;-webkit-background-size:cover;-moz-background-size:cover;-o-background-size:cover;background-size:cover;background-color:#ffffff;border-width: 1px 1px 1px 1px;border-color:#e2e2e2;border-style:solid;padding: 4% 6% 3% 6%;\"><div class=\"fusion-builder-row fusion-builder-row-inner fusion-row fusion-flex-align-items-flex-start\" style=\"width:104% !important;max-width:104% !important;margin-left: calc(-4% \/ 2 );margin-right: calc(-4% \/ 2 );\"><div class=\"fusion-layout-column fusion_builder_column_inner fusion-builder-nested-column-0 fusion_builder_column_inner_1_2 1_2 fusion-flex-column fusion-flex-align-self-center\"><div class=\"fusion-column-wrapper fusion-flex-justify-content-center fusion-content-layout-column\" style=\"background-position:left top;background-repeat:no-repeat;-webkit-background-size:cover;-moz-background-size:cover;-o-background-size:cover;background-size:cover;padding: 0px 0px 0px 0px;\"><div style=\"text-align:center;\"><span class=\"fusion-imageframe imageframe-none imageframe-1 hover-type-none\"><img decoding=\"async\" width=\"401\" height=\"535\" title=\"T\u00dcG\u0130M E\u011e\u0130T\u0130M PORTF\u00d6Y\u00dc\" src=\"https:\/\/www.tugim.org\/wp-content\/uploads\/2023\/08\/TUGIM-EGITIM-PORTFOYU.webp\" alt class=\"img-responsive wp-image-5046\" srcset=\"https:\/\/www.tugim.org\/wp-content\/uploads\/2023\/08\/TUGIM-EGITIM-PORTFOYU-9x12.webp 9w, https:\/\/www.tugim.org\/wp-content\/uploads\/2023\/08\/TUGIM-EGITIM-PORTFOYU-200x267.webp 200w, https:\/\/www.tugim.org\/wp-content\/uploads\/2023\/08\/TUGIM-EGITIM-PORTFOYU-225x300.webp 225w, https:\/\/www.tugim.org\/wp-content\/uploads\/2023\/08\/TUGIM-EGITIM-PORTFOYU.webp 401w\" sizes=\"(max-width: 1024px) 100vw, (max-width: 850px) 100vw, 401px\" \/><\/span><\/div><\/div><style type=\"text\/css\">.fusion-body .fusion-builder-nested-column-0{width:50% !important;margin-top : 0px;margin-bottom : 20px;}.fusion-builder-nested-column-0 > .fusion-column-wrapper {padding-top : 0px !important;padding-right : 0px !important;margin-right : 0px;padding-bottom : 0px !important;padding-left : 0px !important;margin-left : 3.84%;}@media only screen and (max-width:1024px) {.fusion-body .fusion-builder-nested-column-0{width:25% !important;order : 0;}.fusion-builder-nested-column-0 > .fusion-column-wrapper {margin-right : 0px;margin-left : 7.68%;}}@media only screen and (max-width:850px) {.fusion-body .fusion-builder-nested-column-0{width:100% !important;order : 0;}.fusion-builder-nested-column-0 > .fusion-column-wrapper {margin-right : 1.92%;margin-left : 1.92%;}}<\/style><\/div><div class=\"fusion-layout-column fusion_builder_column_inner fusion-builder-nested-column-1 fusion_builder_column_inner_1_2 1_2 fusion-flex-column fusion-flex-align-self-center\"><div class=\"fusion-column-wrapper fusion-flex-justify-content-flex-start fusion-content-layout-column\" style=\"background-position:left top;background-repeat:no-repeat;-webkit-background-size:cover;-moz-background-size:cover;-o-background-size:cover;background-size:cover;padding: 0px 0px 0px 0px;\"><div class=\"fusion-text fusion-text-1\"><p style=\"text-align: left;\">*<em> Portf\u00f6y en s\u0131k verilen e\u011fitimlerden olu\u015fturulmu\u015ftur. <\/em><em>Kurumlar\u0131n ihtiya\u00e7lar\u0131 do\u011frultusunda ek konularda e\u011fitim planlanabilmektedir.<\/em><\/p>\n<\/div><ul class=\"fusion-checklist fusion-checklist-1\" style=\"font-size:14px;line-height:23.8px;\"><li style=\"background-color:rgba(255,255,255,0);\" class=\"fusion-li-item\"><span style=\"height:23.8px;width:23.8px;margin-right:9.8px;\" class=\"icon-wrapper circle-no\"><i class=\"fusion-li-icon fa-check-square fas\" style=\"color:#0e4290;\" aria-hidden=\"true\"><\/i><\/span><div class=\"fusion-li-item-content\" style=\"margin-left:33.6px;color:#666666;\">\n<p>Giri\u015fimcilik ve destek S\u00fcre\u00e7leri<\/p>\n<\/div><\/li><li style=\"background-color:rgba(255,255,255,0);\" class=\"fusion-li-item\"><span style=\"height:23.8px;width:23.8px;margin-right:9.8px;\" class=\"icon-wrapper circle-no\"><i class=\"fusion-li-icon fa-check-square fas\" style=\"color:#0e4290;\" aria-hidden=\"true\"><\/i><\/span><div class=\"fusion-li-item-content\" style=\"margin-left:33.6px;color:#666666;\">Sunum teknikleri \u2013 Pitching<\/div><\/li><li style=\"background-color:rgba(255,255,255,0);\" class=\"fusion-li-item\"><span style=\"height:23.8px;width:23.8px;margin-right:9.8px;\" class=\"icon-wrapper circle-no\"><i class=\"fusion-li-icon fa-check-square fas\" style=\"color:#0e4290;\" aria-hidden=\"true\"><\/i><\/span><div class=\"fusion-li-item-content\" style=\"margin-left:33.6px;color:#666666;\">Yenilik\u00e7ilik ve inovasyon<\/div><\/li><li style=\"background-color:rgba(255,255,255,0);\" class=\"fusion-li-item\"><span style=\"height:23.8px;width:23.8px;margin-right:9.8px;\" class=\"icon-wrapper circle-no\"><i class=\"fusion-li-icon fa-check-square fas\" style=\"color:#0e4290;\" aria-hidden=\"true\"><\/i><\/span><div class=\"fusion-li-item-content\" style=\"margin-left:33.6px;color:#666666;\">M\u00fc\u015fteri Deneyimi Tasar\u0131m\u0131<\/div><\/li><li style=\"background-color:rgba(255,255,255,0);\" class=\"fusion-li-item\"><span style=\"height:23.8px;width:23.8px;margin-right:9.8px;\" class=\"icon-wrapper circle-no\"><i class=\"fusion-li-icon fa-check-square fas\" style=\"color:#0e4290;\" aria-hidden=\"true\"><\/i><\/span><div class=\"fusion-li-item-content\" style=\"margin-left:33.6px;color:#666666;\">Fikri M\u00fclkiyet Haklar\u0131<\/div><\/li><li style=\"background-color:rgba(255,255,255,0);\" class=\"fusion-li-item\"><span style=\"height:23.8px;width:23.8px;margin-right:9.8px;\" class=\"icon-wrapper circle-no\"><i class=\"fusion-li-icon fa-check-square fas\" style=\"color:#0e4290;\" aria-hidden=\"true\"><\/i><\/span><div class=\"fusion-li-item-content\" style=\"margin-left:33.6px;color:#666666;\">Stratejik Y\u00f6netim ve Liderlik<\/div><\/li><li style=\"background-color:rgba(255,255,255,0);\" class=\"fusion-li-item\"><span style=\"height:23.8px;width:23.8px;margin-right:9.8px;\" class=\"icon-wrapper circle-no\"><i class=\"fusion-li-icon fa-check-square fas\" style=\"color:#0e4290;\" aria-hidden=\"true\"><\/i><\/span><div class=\"fusion-li-item-content\" style=\"margin-left:33.6px;color:#666666;\">M\u00fc\u015fteri segmentasyonu, Kanallar, Pazar Analizi<\/div><\/li><li style=\"background-color:rgba(255,255,255,0);\" class=\"fusion-li-item\"><span style=\"height:23.8px;width:23.8px;margin-right:9.8px;\" class=\"icon-wrapper circle-no\"><i class=\"fusion-li-icon fa-check-square fas\" style=\"color:#0e4290;\" aria-hidden=\"true\"><\/i><\/span><div class=\"fusion-li-item-content\" style=\"margin-left:33.6px;color:#666666;\">Finansal y\u00f6netim, Gelir modeli, Nakit ak\u0131\u015f\u0131 ve Vergi<\/div><\/li><li style=\"background-color:rgba(255,255,255,0);\" class=\"fusion-li-item\"><span style=\"height:23.8px;width:23.8px;margin-right:9.8px;\" class=\"icon-wrapper circle-no\"><i class=\"fusion-li-icon fa-check-square fas\" style=\"color:#0e4290;\" aria-hidden=\"true\"><\/i><\/span><div class=\"fusion-li-item-content\" style=\"margin-left:33.6px;color:#666666;\">Uluslararas\u0131 Pazarlara Giri\u015f, B\u00fcy\u00fcme Stratejisi, \u00c7\u0131k\u0131\u015f stratejisi<\/div><\/li><li style=\"background-color:rgba(255,255,255,0);\" class=\"fusion-li-item\"><span style=\"height:23.8px;width:23.8px;margin-right:9.8px;\" class=\"icon-wrapper circle-no\"><i class=\"fusion-li-icon fa-check-square fas\" style=\"color:#0e4290;\" aria-hidden=\"true\"><\/i><\/span><div class=\"fusion-li-item-content\" style=\"margin-left:33.6px;color:#666666;\">Yat\u0131r\u0131m Alma ve \u015eirket De\u011ferlemesi<\/div><\/li><li style=\"background-color:rgba(255,255,255,0);\" class=\"fusion-li-item\"><span style=\"height:23.8px;width:23.8px;margin-right:9.8px;\" class=\"icon-wrapper circle-no\"><i class=\"fusion-li-icon fa-check-square fas\" style=\"color:#0e4290;\" aria-hidden=\"true\"><\/i><\/span><div class=\"fusion-li-item-content\" style=\"margin-left:33.6px;color:#666666;\">Kamu Destekleri, ve Destek Projesi Haz\u0131rlama<\/div><\/li><li style=\"background-color:rgba(255,255,255,0);\" class=\"fusion-li-item\"><span style=\"height:23.8px;width:23.8px;margin-right:9.8px;\" class=\"icon-wrapper circle-no\"><i class=\"fusion-li-icon fa-check-square fas\" style=\"color:#0e4290;\" aria-hidden=\"true\"><\/i><\/span><div class=\"fusion-li-item-content\" style=\"margin-left:33.6px;color:#666666;\">\u0130\u015f modeli \u2013 Kanvas \u2013 SWOT<\/div><\/li><li style=\"background-color:rgba(255,255,255,0);\" class=\"fusion-li-item\"><span style=\"height:23.8px;width:23.8px;margin-right:9.8px;\" class=\"icon-wrapper circle-no\"><i class=\"fusion-li-icon fa-check-square fas\" style=\"color:#0e4290;\" aria-hidden=\"true\"><\/i><\/span><div class=\"fusion-li-item-content\" style=\"margin-left:33.6px;color:#666666;\">Proje y\u00f6netimi<\/div><\/li><li style=\"background-color:rgba(255,255,255,0);\" class=\"fusion-li-item\"><span style=\"height:23.8px;width:23.8px;margin-right:9.8px;\" class=\"icon-wrapper circle-no\"><i class=\"fusion-li-icon fa-check-square fas\" style=\"color:#0e4290;\" aria-hidden=\"true\"><\/i><\/span><div class=\"fusion-li-item-content\" style=\"margin-left:33.6px;color:#666666;\">\u00dcr\u00fcn ve Teknoloji Yol Haritas\u0131 Haz\u0131rlama<\/div><\/li><li style=\"background-color:rgba(255,255,255,0);\" class=\"fusion-li-item\"><span style=\"height:23.8px;width:23.8px;margin-right:9.8px;\" class=\"icon-wrapper circle-no\"><i class=\"fusion-li-icon fa-check-square fas\" style=\"color:#0e4290;\" aria-hidden=\"true\"><\/i><\/span><div class=\"fusion-li-item-content\" style=\"margin-left:33.6px;color:#666666;\">Pazarlama ve Sat\u0131\u015f<\/div><\/li><\/ul><\/div><style type=\"text\/css\">.fusion-body .fusion-builder-nested-column-1{width:50% !important;margin-top : 0px;margin-bottom : 0px;}.fusion-builder-nested-column-1 > .fusion-column-wrapper {padding-top : 0px !important;padding-right : 0px !important;margin-right : 3.84%;padding-bottom : 0px !important;padding-left : 0px !important;margin-left : 0px;}@media only screen and (max-width:1024px) {.fusion-body .fusion-builder-nested-column-1{width:75% !important;order : 0;}.fusion-builder-nested-column-1 > .fusion-column-wrapper {margin-right : 2.56%;margin-left : 0px;}}@media only screen and (max-width:850px) {.fusion-body .fusion-builder-nested-column-1{width:100% !important;order : 0;}.fusion-builder-nested-column-1 > .fusion-column-wrapper {margin-right : 1.92%;margin-left : 1.92%;}}<\/style><\/div><\/div><\/div><style type=\"text\/css\">.fusion-body .fusion-builder-column-1{width:100% !important;margin-top : 0px;margin-bottom : 40px;}.fusion-builder-column-1 > .fusion-column-wrapper {padding-top : 4% !important;padding-right : 6% !important;margin-right : 1.92%;padding-bottom : 3% !important;padding-left : 6% !important;margin-left : 1.92%;}@media only screen and (max-width:1024px) {.fusion-body .fusion-builder-column-1{width:100% !important;order : 0;}.fusion-builder-column-1 > .fusion-column-wrapper {margin-right : 1.92%;padding-bottom : 16px !important;margin-left : 1.92%;}}@media only screen and (max-width:850px) {.fusion-body .fusion-builder-column-1{width:100% !important;order : 0;}.fusion-builder-column-1 > .fusion-column-wrapper {margin-right : 1.92%;margin-left : 1.92%;}}<\/style><\/div><\/div><style type=\"text\/css\">.fusion-body .fusion-flex-container.fusion-builder-row-1{ padding-top : 0px;margin-top : 0px;padding-right : 0px;padding-bottom : 0px;margin-bottom : 0px;padding-left : 0px;}@media only screen and (max-width:1024px) {.fusion-body .fusion-flex-container.fusion-builder-row-1{ padding-top : 72px;padding-bottom : 60px;}}@media only screen and (max-width:850px) {.fusion-body .fusion-flex-container.fusion-builder-row-1{ padding-bottom : 48px;}}<\/style><\/div>","protected":false},"excerpt":{"rendered":"","protected":false},"author":1,"featured_media":0,"parent":0,"menu_order":1,"comment_status":"closed","ping_status":"closed","template":"","meta":{"footnotes":""},"class_list":["post-3763","page","type-page","status-publish","hentry"],"yoast_head":"<!-- This site is optimized with the Yoast SEO plugin v26.7 - https:\/\/yoast.com\/wordpress\/plugins\/seo\/ -->\n<title>E\u011fitimlerimiz | T\u00dcG\u0130M - T\u00fcm Giri\u015fimci ve \u0130\u015f Mentorlar\u0131 Derne\u011fi<\/title>\n<meta name=\"description\" content=\"T\u00fcm Giri\u015fimci ve \u0130\u015f Mentorlar\u0131 Derne\u011fi - T\u00dcG\u0130M E\u011fitim Portf\u00f6y\u00fcne buradan ula\u015fabilirsiniz. E\u011fitimlerimiz: Giri\u015fimcilik, Yenilik\u00e7ilik ...\" \/>\n<meta name=\"robots\" content=\"index, follow, max-snippet:-1, max-image-preview:large, max-video-preview:-1\" \/>\n<link rel=\"canonical\" href=\"https:\/\/www.tugim.org\/en\/egitimlerimiz\/\" \/>\n<meta property=\"og:locale\" content=\"en_US\" \/>\n<meta property=\"og:type\" content=\"article\" \/>\n<meta property=\"og:title\" content=\"E\u011fitimlerimiz | T\u00dcG\u0130M - T\u00fcm Giri\u015fimci ve \u0130\u015f Mentorlar\u0131 Derne\u011fi\" \/>\n<meta property=\"og:description\" content=\"T\u00fcm Giri\u015fimci ve \u0130\u015f Mentorlar\u0131 Derne\u011fi - T\u00dcG\u0130M E\u011fitim Portf\u00f6y\u00fcne buradan ula\u015fabilirsiniz. E\u011fitimlerimiz: Giri\u015fimcilik, Yenilik\u00e7ilik ...\" \/>\n<meta property=\"og:url\" content=\"https:\/\/www.tugim.org\/en\/egitimlerimiz\/\" \/>\n<meta property=\"og:site_name\" content=\"T\u00dcG\u0130M\" \/>\n<meta property=\"article:modified_time\" content=\"2023-08-29T16:05:20+00:00\" \/>\n<meta property=\"og:image\" content=\"https:\/\/www.tugim.org\/wp-content\/uploads\/2020\/04\/tugim-kay\u0131t-2.jpg\" \/>\n\t<meta property=\"og:image:width\" content=\"1920\" \/>\n\t<meta property=\"og:image:height\" content=\"1080\" \/>\n\t<meta property=\"og:image:type\" content=\"image\/jpeg\" \/>\n<meta name=\"twitter:card\" content=\"summary_large_image\" \/>\n<meta name=\"twitter:label1\" content=\"Est. reading time\" \/>\n\t<meta name=\"twitter:data1\" content=\"5 minutes\" \/>\n<script type=\"application\/ld+json\" class=\"yoast-schema-graph\">{\"@context\":\"https:\/\/schema.org\",\"@graph\":[{\"@type\":\"WebPage\",\"@id\":\"https:\/\/www.tugim.org\/egitimlerimiz\/\",\"url\":\"https:\/\/www.tugim.org\/egitimlerimiz\/\",\"name\":\"E\u011fitimlerimiz | T\u00dcG\u0130M - T\u00fcm Giri\u015fimci ve \u0130\u015f Mentorlar\u0131 Derne\u011fi\",\"isPartOf\":{\"@id\":\"https:\/\/www.tugim.org\/#website\"},\"datePublished\":\"2020-10-19T15:39:18+00:00\",\"dateModified\":\"2023-08-29T16:05:20+00:00\",\"description\":\"T\u00fcm Giri\u015fimci ve \u0130\u015f Mentorlar\u0131 Derne\u011fi - T\u00dcG\u0130M E\u011fitim Portf\u00f6y\u00fcne buradan ula\u015fabilirsiniz. E\u011fitimlerimiz: Giri\u015fimcilik, Yenilik\u00e7ilik ...\",\"breadcrumb\":{\"@id\":\"https:\/\/www.tugim.org\/egitimlerimiz\/#breadcrumb\"},\"inLanguage\":\"en-US\",\"potentialAction\":[{\"@type\":\"ReadAction\",\"target\":[\"https:\/\/www.tugim.org\/egitimlerimiz\/\"]}]},{\"@type\":\"BreadcrumbList\",\"@id\":\"https:\/\/www.tugim.org\/egitimlerimiz\/#breadcrumb\",\"itemListElement\":[{\"@type\":\"ListItem\",\"position\":1,\"name\":\"Ana sayfa\",\"item\":\"https:\/\/www.tugim.org\/\"},{\"@type\":\"ListItem\",\"position\":2,\"name\":\"E\u011fitimlerimiz\"}]},{\"@type\":\"WebSite\",\"@id\":\"https:\/\/www.tugim.org\/#website\",\"url\":\"https:\/\/www.tugim.org\/\",\"name\":\"T\u00dcG\u0130M\",\"description\":\"T\u00fcm Giri\u015fimci Ve \u0130\u015f Mentorlar\u0131 Derne\u011fi\",\"publisher\":{\"@id\":\"https:\/\/www.tugim.org\/#organization\"},\"potentialAction\":[{\"@type\":\"SearchAction\",\"target\":{\"@type\":\"EntryPoint\",\"urlTemplate\":\"https:\/\/www.tugim.org\/?s={search_term_string}\"},\"query-input\":{\"@type\":\"PropertyValueSpecification\",\"valueRequired\":true,\"valueName\":\"search_term_string\"}}],\"inLanguage\":\"en-US\"},{\"@type\":\"Organization\",\"@id\":\"https:\/\/www.tugim.org\/#organization\",\"name\":\"T\u00fcm Giri\u015fimci ve \u0130\u015f Mentorlar\u0131 Derne\u011fi\",\"url\":\"https:\/\/www.tugim.org\/\",\"logo\":{\"@type\":\"ImageObject\",\"inLanguage\":\"en-US\",\"@id\":\"https:\/\/www.tugim.org\/#\/schema\/logo\/image\/\",\"url\":\"https:\/\/www.tugim.org\/wp-content\/uploads\/2019\/02\/Tugim-girisimcilik-mentorluk-tubitak-mentoru-startup-e1584278111902.png\",\"contentUrl\":\"https:\/\/www.tugim.org\/wp-content\/uploads\/2019\/02\/Tugim-girisimcilik-mentorluk-tubitak-mentoru-startup-e1584278111902.png\",\"width\":150,\"height\":40,\"caption\":\"T\u00fcm Giri\u015fimci ve \u0130\u015f Mentorlar\u0131 Derne\u011fi\"},\"image\":{\"@id\":\"https:\/\/www.tugim.org\/#\/schema\/logo\/image\/\"},\"sameAs\":[\"https:\/\/www.linkedin.com\/company\/tugim-org\/\"]}]}<\/script>\n<!-- \/ Yoast SEO plugin. -->","yoast_head_json":{"title":"E\u011fitimlerimiz | T\u00dcG\u0130M - T\u00fcm Giri\u015fimci ve \u0130\u015f Mentorlar\u0131 Derne\u011fi","description":"T\u00fcm Giri\u015fimci ve \u0130\u015f Mentorlar\u0131 Derne\u011fi - T\u00dcG\u0130M E\u011fitim Portf\u00f6y\u00fcne buradan ula\u015fabilirsiniz. E\u011fitimlerimiz: Giri\u015fimcilik, Yenilik\u00e7ilik ...","robots":{"index":"index","follow":"follow","max-snippet":"max-snippet:-1","max-image-preview":"max-image-preview:large","max-video-preview":"max-video-preview:-1"},"canonical":"https:\/\/www.tugim.org\/en\/egitimlerimiz\/","og_locale":"en_US","og_type":"article","og_title":"E\u011fitimlerimiz | T\u00dcG\u0130M - T\u00fcm Giri\u015fimci ve \u0130\u015f Mentorlar\u0131 Derne\u011fi","og_description":"T\u00fcm Giri\u015fimci ve \u0130\u015f Mentorlar\u0131 Derne\u011fi - T\u00dcG\u0130M E\u011fitim Portf\u00f6y\u00fcne buradan ula\u015fabilirsiniz. E\u011fitimlerimiz: Giri\u015fimcilik, Yenilik\u00e7ilik ...","og_url":"https:\/\/www.tugim.org\/en\/egitimlerimiz\/","og_site_name":"T\u00dcG\u0130M","article_modified_time":"2023-08-29T16:05:20+00:00","og_image":[{"width":1920,"height":1080,"url":"https:\/\/www.tugim.org\/wp-content\/uploads\/2020\/04\/tugim-kay\u0131t-2.jpg","type":"image\/jpeg"}],"twitter_card":"summary_large_image","twitter_misc":{"Est. reading time":"5 minutes"},"schema":{"@context":"https:\/\/schema.org","@graph":[{"@type":"WebPage","@id":"https:\/\/www.tugim.org\/egitimlerimiz\/","url":"https:\/\/www.tugim.org\/egitimlerimiz\/","name":"E\u011fitimlerimiz | T\u00dcG\u0130M - T\u00fcm Giri\u015fimci ve \u0130\u015f Mentorlar\u0131 Derne\u011fi","isPartOf":{"@id":"https:\/\/www.tugim.org\/#website"},"datePublished":"2020-10-19T15:39:18+00:00","dateModified":"2023-08-29T16:05:20+00:00","description":"T\u00fcm Giri\u015fimci ve \u0130\u015f Mentorlar\u0131 Derne\u011fi - T\u00dcG\u0130M E\u011fitim Portf\u00f6y\u00fcne buradan ula\u015fabilirsiniz. E\u011fitimlerimiz: Giri\u015fimcilik, Yenilik\u00e7ilik ...","breadcrumb":{"@id":"https:\/\/www.tugim.org\/egitimlerimiz\/#breadcrumb"},"inLanguage":"en-US","potentialAction":[{"@type":"ReadAction","target":["https:\/\/www.tugim.org\/egitimlerimiz\/"]}]},{"@type":"BreadcrumbList","@id":"https:\/\/www.tugim.org\/egitimlerimiz\/#breadcrumb","itemListElement":[{"@type":"ListItem","position":1,"name":"Ana sayfa","item":"https:\/\/www.tugim.org\/"},{"@type":"ListItem","position":2,"name":"E\u011fitimlerimiz"}]},{"@type":"WebSite","@id":"https:\/\/www.tugim.org\/#website","url":"https:\/\/www.tugim.org\/","name":"T\u00dcG\u0130M","description":"T\u00fcm Giri\u015fimci Ve \u0130\u015f Mentorlar\u0131 Derne\u011fi","publisher":{"@id":"https:\/\/www.tugim.org\/#organization"},"potentialAction":[{"@type":"SearchAction","target":{"@type":"EntryPoint","urlTemplate":"https:\/\/www.tugim.org\/?s={search_term_string}"},"query-input":{"@type":"PropertyValueSpecification","valueRequired":true,"valueName":"search_term_string"}}],"inLanguage":"en-US"},{"@type":"Organization","@id":"https:\/\/www.tugim.org\/#organization","name":"T\u00fcm Giri\u015fimci ve \u0130\u015f Mentorlar\u0131 Derne\u011fi","url":"https:\/\/www.tugim.org\/","logo":{"@type":"ImageObject","inLanguage":"en-US","@id":"https:\/\/www.tugim.org\/#\/schema\/logo\/image\/","url":"https:\/\/www.tugim.org\/wp-content\/uploads\/2019\/02\/Tugim-girisimcilik-mentorluk-tubitak-mentoru-startup-e1584278111902.png","contentUrl":"https:\/\/www.tugim.org\/wp-content\/uploads\/2019\/02\/Tugim-girisimcilik-mentorluk-tubitak-mentoru-startup-e1584278111902.png","width":150,"height":40,"caption":"T\u00fcm Giri\u015fimci ve \u0130\u015f Mentorlar\u0131 Derne\u011fi"},"image":{"@id":"https:\/\/www.tugim.org\/#\/schema\/logo\/image\/"},"sameAs":["https:\/\/www.linkedin.com\/company\/tugim-org\/"]}]}},"_links":{"self":[{"href":"https:\/\/www.tugim.org\/en\/wp-json\/wp\/v2\/pages\/3763","targetHints":{"allow":["GET"]}}],"collection":[{"href":"https:\/\/www.tugim.org\/en\/wp-json\/wp\/v2\/pages"}],"about":[{"href":"https:\/\/www.tugim.org\/en\/wp-json\/wp\/v2\/types\/page"}],"author":[{"embeddable":true,"href":"https:\/\/www.tugim.org\/en\/wp-json\/wp\/v2\/users\/1"}],"replies":[{"embeddable":true,"href":"https:\/\/www.tugim.org\/en\/wp-json\/wp\/v2\/comments?post=3763"}],"version-history":[{"count":0,"href":"https:\/\/www.tugim.org\/en\/wp-json\/wp\/v2\/pages\/3763\/revisions"}],"wp:attachment":[{"href":"https:\/\/www.tugim.org\/en\/wp-json\/wp\/v2\/media?parent=3763"}],"curies":[{"name":"wp","href":"https:\/\/api.w.org\/{rel}","templated":true}]}}