{"id":3814,"date":"2020-10-21T01:12:09","date_gmt":"2020-10-20T22:12:09","guid":{"rendered":"https:\/\/www.tugim.org\/beta\/?page_id=3814"},"modified":"2021-09-10T20:30:23","modified_gmt":"2021-09-10T17:30:23","slug":"calisma-gruplari","status":"publish","type":"page","link":"https:\/\/www.tugim.org\/en\/calisma-gruplari\/","title":{"rendered":"\u00c7al\u0131\u015fma Gruplar\u0131"},"content":{"rendered":"<div class=\"fusion-fullwidth fullwidth-box fusion-builder-row-1 fusion-flex-container nonhundred-percent-fullwidth non-hundred-percent-height-scrolling\" style=\"background-color: rgba(255,255,255,0);background-position: left top;background-repeat: no-repeat;border-width: 0px 0px 0px 0px;border-color:#eae9e9;border-style:solid;\" ><div class=\"fusion-builder-row fusion-row fusion-flex-align-items-flex-start\" style=\"max-width:1216.8px;margin-left: calc(-4% \/ 2 );margin-right: calc(-4% \/ 2 );\"><div class=\"fusion-layout-column fusion_builder_column fusion-builder-column-0 fusion_builder_column_1_1 1_1 fusion-flex-column fusion-flex-align-self-flex-start fusion-column-no-min-height\"><div class=\"fusion-column-wrapper fusion-flex-justify-content-flex-start fusion-content-layout-column\" style=\"background-position:left top;background-repeat:no-repeat;-webkit-background-size:cover;-moz-background-size:cover;-o-background-size:cover;background-size:cover;padding: 0px 0px 0px 0px;\"><style type=\"text\/css\">@media only screen and (max-width:1024px) {.fusion-title.fusion-title-1{margin-top:0px!important; margin-right:0px!important;margin-bottom:0px!important;margin-left:0px!important;}}@media only screen and (max-width:850px) {.fusion-title.fusion-title-1{margin-top:0px!important; margin-right:0px!important;margin-bottom:20px!important; margin-left:0px!important;}}<\/style><div class=\"fusion-title title fusion-title-1 fusion-title-center fusion-title-text fusion-title-size-two\" style=\"margin-top:0px;margin-right:0px;margin-bottom:0px;margin-left:0px;\"><div class=\"title-sep-container title-sep-container-left\"><div class=\"title-sep sep-single sep-solid\" style=\"border-color:#e0dede;\"><\/div><\/div><span class=\"awb-title-spacer\"><\/span><h2 class=\"title-heading-center\" style=\"margin:0;\">T\u00dcG\u0130M \u00c7ALI\u015eMA GRUPLARI<\/h2><span class=\"awb-title-spacer\"><\/span><div class=\"title-sep-container title-sep-container-right\"><div class=\"title-sep sep-single sep-solid\" style=\"border-color:#e0dede;\"><\/div><\/div><\/div><div class=\"fusion-separator fusion-full-width-sep\" style=\"align-self: center;margin-left: auto;margin-right: auto;margin-top:30px;margin-bottom:0px;width:100%;\"><div class=\"fusion-separator-border sep-single sep-solid\" style=\"border-color:#0e4290;border-top-width:5px;\"><\/div><\/div><\/div><style type=\"text\/css\">.fusion-body .fusion-builder-column-0{width:100% !important;margin-top : 0px;margin-bottom : 0px;}.fusion-builder-column-0 > .fusion-column-wrapper {padding-top : 0px !important;padding-right : 0px !important;margin-right : 1.92%;padding-bottom : 0px !important;padding-left : 0px !important;margin-left : 1.92%;}@media only screen and (max-width:1024px) {.fusion-body .fusion-builder-column-0{width:100% !important;order : 0;}.fusion-builder-column-0 > .fusion-column-wrapper {margin-right : 1.92%;margin-left : 1.92%;}}@media only screen and (max-width:850px) {.fusion-body .fusion-builder-column-0{width:100% !important;order : 0;}.fusion-builder-column-0 > .fusion-column-wrapper {margin-right : 1.92%;margin-left : 1.92%;}}<\/style><\/div><div class=\"fusion-layout-column fusion_builder_column fusion-builder-column-1 fusion_builder_column_1_1 1_1 fusion-flex-column\"><div class=\"fusion-column-wrapper fusion-flex-justify-content-flex-start fusion-content-layout-column\" style=\"background-position:left top;background-repeat:no-repeat;-webkit-background-size:cover;-moz-background-size:cover;-o-background-size:cover;background-size:cover;background-color:#ffffff;border-width: 1px 1px 1px 1px;border-color:#e2e2e2;border-style:solid;padding: 4% 3% 3% 3%;\">\n<div class=\"table-1\">\n<table style=\"height: 642px;\" width=\"1134\">\n<thead>\n<tr>\n<th align=\"left\">\u00c7al\u0131\u015fma Grubunun Ad\u0131<\/th>\n<th align=\"left\">Misyonu<\/th>\n<th align=\"left\">\u00c7al\u0131\u015fma Grubu YK Sponsoru<\/th>\n<th align=\"left\">\u0130leti\u015fim<\/th>\n<\/tr>\n<\/thead>\n<tbody>\n<tr>\n<td align=\"left\">Mentorluk<br \/>\nMesleki Yeterlilik<br \/>\n\u00c7al\u0131\u015fma Grubu<\/td>\n<td align=\"left\">T\u00fcrkiye\u2019de Mentorlu\u011fun Meslek olarak kabul edilmesi i\u00e7in<br \/>\nstandartlar\u0131n\u0131n ve yetkinliklerinin belirlenerek Mesleki Yeterlilik<br \/>\nKurumuna tescil ettirmek<\/td>\n<td align=\"left\">Meltem \u00c7ORA<\/td>\n<td align=\"left\">meltem.cora@tugim.org<\/td>\n<\/tr>\n<tr>\n<td align=\"left\">\u0130\u015f Geli\u015ftirme-<br \/>\nKurumsal Firmalar<\/td>\n<td align=\"left\">\u00d6zel Sekt\u00f6r Firmalar\u0131 taraf\u0131ndan y\u00fcr\u00fcl\u00fcten Giri\u015fimcilik, Kurum<br \/>\ni\u00e7i mentorluk ve ters mentorluk proramlar\u0131nda \u00e7\u00f6z\u00fcm orta\u011f\u0131 olmak<\/td>\n<td align=\"left\">Meltem \u00c7ORA<br \/>\nAhmet Hadi ERTU\u011eRUL<\/td>\n<td align=\"left\">meltem.cora@tugim.org<\/td>\n<\/tr>\n<tr>\n<td align=\"left\">\u0130\u015f Geli\u015ftirme-<br \/>\nKamu<\/td>\n<td align=\"left\">Kamu Kurumlar\u0131; \u00dcniversite TTO \u2018lar\u0131 Teknokentler, Giri\u015fimcilik<br \/>\nMerkezleri, Kosgeb, Kalk\u0131nma Ajanslar\u0131 vb ile i\u015fbirli\u011fi yapmak<\/td>\n<td align=\"left\">Bark\u0131n ARAK<br \/>\nBirkan PABU\u00c7CU<br \/>\nMelih MARAL<\/td>\n<td align=\"left\">barkin.arak@tugim.org<br \/>\nbirkan.pabuccu@tugim.org<br \/>\nmelih.maral@tugim.org<\/td>\n<\/tr>\n<tr>\n<td align=\"left\">\u0130\u015f Geli\u015ftirme \u2013<br \/>\n\u00d6zel Gir\u015fimcilik Gruplar\u0131<\/td>\n<td align=\"left\">Giri\u015fimcilik Eko sisteminde Giri\u015fimcilere destek veren \u00d6zel Sermaye ile<br \/>\nkurulan Kulu\u00e7ka Merkezleri ve Giri\u015fimcilik Platformlar\u0131 ile<br \/>\ni\u015f birli\u011fi yapmak<\/td>\n<td align=\"left\">Bark\u0131n ARAK<\/td>\n<td align=\"left\">barkin.arak@tugim.org<\/td>\n<\/tr>\n<tr>\n<td align=\"left\">Etkinlik &amp;<br \/>\nE\u011fitim Y\u00f6netim<br \/>\nGrubu<\/td>\n<td align=\"left\">T\u00dcG\u0130M mentorlar\u0131 taraf\u0131ndan verilen e\u011fitimler i\u00e7in portf\u00f6y olusturmak,<br \/>\nWebinar, Panel, etkinlik ve zirve vb orgizasyonlar\u0131 belirlemek, i\u00e7erik<br \/>\nsa\u011flamak i\u00e7in dernek \u00fcyeleri ile koordinasonu sa\u011flamak,<br \/>\nPlanlama yapmak.<\/td>\n<td align=\"left\">Dora SUNGUNAY<br \/>\nBirkan PABU\u00c7CU<\/td>\n<td align=\"left\">dora.sungunay@tugim.org<br \/>\nbirkan.pabuccu@tugim.org<\/td>\n<\/tr>\n<tr>\n<td align=\"left\">Web ve IT<\/td>\n<td align=\"left\">T\u00dcG\u0130M Web sitesini yeniden dizayn etmek ve g\u00fcncel tutmak; T\u00dcG\u0130M IT ve<br \/>\nsosyal medya ara\u00e7lar\u0131 aras\u0131nda koordinasyonu sa\u011flayacak d\u00fczenlemeler yapmak<\/td>\n<td align=\"left\">Dora SUNGUNAY<br \/>\nBark\u0131n ARAK<br \/>\nBirkan PABU\u00c7CU<\/td>\n<td align=\"left\">dora.sungunay@tugim.org<br \/>\nbarkin.arak@tugim.org<br \/>\nbirkan.pabuccu@tugim.org<\/td>\n<\/tr>\n<\/tbody>\n<\/table>\n<\/div>\n<\/div><style type=\"text\/css\">.fusion-body .fusion-builder-column-1{width:100% !important;margin-top : 0px;margin-bottom : 40px;}.fusion-builder-column-1 > .fusion-column-wrapper {padding-top : 4% !important;padding-right : 3% !important;margin-right : 1.92%;padding-bottom : 3% !important;padding-left : 3% !important;margin-left : 1.92%;}@media only screen and (max-width:1024px) {.fusion-body .fusion-builder-column-1{width:100% !important;order : 0;}.fusion-builder-column-1 > .fusion-column-wrapper {margin-right : 1.92%;padding-bottom : 16px !important;margin-left : 1.92%;}}@media only screen and (max-width:850px) {.fusion-body .fusion-builder-column-1{width:100% !important;order : 0;}.fusion-builder-column-1 > .fusion-column-wrapper {margin-right : 1.92%;margin-left : 1.92%;}}<\/style><\/div><\/div><style type=\"text\/css\">.fusion-body .fusion-flex-container.fusion-builder-row-1{ padding-top : 0px;margin-top : 0px;padding-right : 0px;padding-bottom : 0px;margin-bottom : 0px;padding-left : 0px;}@media only screen and (max-width:1024px) {.fusion-body .fusion-flex-container.fusion-builder-row-1{ padding-top : 72px;padding-bottom : 60px;}}@media only screen and (max-width:850px) {.fusion-body .fusion-flex-container.fusion-builder-row-1{ padding-bottom : 48px;}}<\/style><\/div>","protected":false},"excerpt":{"rendered":"","protected":false},"author":1,"featured_media":0,"parent":0,"menu_order":4,"comment_status":"closed","ping_status":"closed","template":"","meta":{"footnotes":""},"class_list":["post-3814","page","type-page","status-publish","hentry"],"yoast_head":"<!-- This site is optimized with the Yoast SEO plugin v26.7 - https:\/\/yoast.com\/wordpress\/plugins\/seo\/ -->\n<title>\u00c7al\u0131\u015fma Gruplar\u0131 | T\u00dcG\u0130M - T\u00fcm Giri\u015fimci ve \u0130\u015f Mentorlar\u0131 Derne\u011fi<\/title>\n<meta name=\"description\" content=\"Bir\u00e7ok farkl\u0131 alanda olu\u015fturulmu\u015f \u00e7al\u0131\u015fma gruplar\u0131 n\u0131, misyonlar\u0131n\u0131 ve bu gruplar\u0131n sponsorlar\u0131n\u0131 g\u00f6rmek i\u00e7in t\u0131klay\u0131n\u0131z. T\u00dcG\u0130M \u00c7al\u0131\u015fma Gruplar\u0131\" \/>\n<meta name=\"robots\" content=\"index, follow, max-snippet:-1, max-image-preview:large, max-video-preview:-1\" \/>\n<link rel=\"canonical\" href=\"https:\/\/www.tugim.org\/en\/calisma-gruplari\/\" \/>\n<meta property=\"og:locale\" content=\"en_US\" \/>\n<meta property=\"og:type\" content=\"article\" \/>\n<meta property=\"og:title\" content=\"\u00c7al\u0131\u015fma Gruplar\u0131 | T\u00dcG\u0130M - T\u00fcm Giri\u015fimci ve \u0130\u015f Mentorlar\u0131 Derne\u011fi\" \/>\n<meta property=\"og:description\" content=\"Bir\u00e7ok farkl\u0131 alanda olu\u015fturulmu\u015f \u00e7al\u0131\u015fma gruplar\u0131 n\u0131, misyonlar\u0131n\u0131 ve bu gruplar\u0131n sponsorlar\u0131n\u0131 g\u00f6rmek i\u00e7in t\u0131klay\u0131n\u0131z. T\u00dcG\u0130M \u00c7al\u0131\u015fma Gruplar\u0131\" \/>\n<meta property=\"og:url\" content=\"https:\/\/www.tugim.org\/en\/calisma-gruplari\/\" \/>\n<meta property=\"og:site_name\" content=\"T\u00dcG\u0130M\" \/>\n<meta property=\"article:modified_time\" content=\"2021-09-10T17:30:23+00:00\" \/>\n<meta property=\"og:image\" content=\"https:\/\/www.tugim.org\/wp-content\/uploads\/2020\/04\/tugim-kay\u0131t-2.jpg\" \/>\n\t<meta property=\"og:image:width\" content=\"1920\" \/>\n\t<meta property=\"og:image:height\" content=\"1080\" \/>\n\t<meta property=\"og:image:type\" content=\"image\/jpeg\" \/>\n<meta name=\"twitter:card\" content=\"summary_large_image\" \/>\n<meta name=\"twitter:label1\" content=\"Est. reading time\" \/>\n\t<meta name=\"twitter:data1\" content=\"7 minutes\" \/>\n<script type=\"application\/ld+json\" class=\"yoast-schema-graph\">{\"@context\":\"https:\/\/schema.org\",\"@graph\":[{\"@type\":\"WebPage\",\"@id\":\"https:\/\/www.tugim.org\/calisma-gruplari\/\",\"url\":\"https:\/\/www.tugim.org\/calisma-gruplari\/\",\"name\":\"\u00c7al\u0131\u015fma Gruplar\u0131 | T\u00dcG\u0130M - T\u00fcm Giri\u015fimci ve \u0130\u015f Mentorlar\u0131 Derne\u011fi\",\"isPartOf\":{\"@id\":\"https:\/\/www.tugim.org\/#website\"},\"datePublished\":\"2020-10-20T22:12:09+00:00\",\"dateModified\":\"2021-09-10T17:30:23+00:00\",\"description\":\"Bir\u00e7ok farkl\u0131 alanda olu\u015fturulmu\u015f \u00e7al\u0131\u015fma gruplar\u0131 n\u0131, misyonlar\u0131n\u0131 ve bu gruplar\u0131n sponsorlar\u0131n\u0131 g\u00f6rmek i\u00e7in t\u0131klay\u0131n\u0131z. T\u00dcG\u0130M \u00c7al\u0131\u015fma Gruplar\u0131\",\"breadcrumb\":{\"@id\":\"https:\/\/www.tugim.org\/calisma-gruplari\/#breadcrumb\"},\"inLanguage\":\"en-US\",\"potentialAction\":[{\"@type\":\"ReadAction\",\"target\":[\"https:\/\/www.tugim.org\/calisma-gruplari\/\"]}]},{\"@type\":\"BreadcrumbList\",\"@id\":\"https:\/\/www.tugim.org\/calisma-gruplari\/#breadcrumb\",\"itemListElement\":[{\"@type\":\"ListItem\",\"position\":1,\"name\":\"Ana sayfa\",\"item\":\"https:\/\/www.tugim.org\/\"},{\"@type\":\"ListItem\",\"position\":2,\"name\":\"\u00c7al\u0131\u015fma Gruplar\u0131\"}]},{\"@type\":\"WebSite\",\"@id\":\"https:\/\/www.tugim.org\/#website\",\"url\":\"https:\/\/www.tugim.org\/\",\"name\":\"T\u00dcG\u0130M\",\"description\":\"T\u00fcm Giri\u015fimci Ve \u0130\u015f Mentorlar\u0131 Derne\u011fi\",\"publisher\":{\"@id\":\"https:\/\/www.tugim.org\/#organization\"},\"potentialAction\":[{\"@type\":\"SearchAction\",\"target\":{\"@type\":\"EntryPoint\",\"urlTemplate\":\"https:\/\/www.tugim.org\/?s={search_term_string}\"},\"query-input\":{\"@type\":\"PropertyValueSpecification\",\"valueRequired\":true,\"valueName\":\"search_term_string\"}}],\"inLanguage\":\"en-US\"},{\"@type\":\"Organization\",\"@id\":\"https:\/\/www.tugim.org\/#organization\",\"name\":\"T\u00fcm Giri\u015fimci ve \u0130\u015f Mentorlar\u0131 Derne\u011fi\",\"url\":\"https:\/\/www.tugim.org\/\",\"logo\":{\"@type\":\"ImageObject\",\"inLanguage\":\"en-US\",\"@id\":\"https:\/\/www.tugim.org\/#\/schema\/logo\/image\/\",\"url\":\"https:\/\/www.tugim.org\/wp-content\/uploads\/2019\/02\/Tugim-girisimcilik-mentorluk-tubitak-mentoru-startup-e1584278111902.png\",\"contentUrl\":\"https:\/\/www.tugim.org\/wp-content\/uploads\/2019\/02\/Tugim-girisimcilik-mentorluk-tubitak-mentoru-startup-e1584278111902.png\",\"width\":150,\"height\":40,\"caption\":\"T\u00fcm Giri\u015fimci ve \u0130\u015f Mentorlar\u0131 Derne\u011fi\"},\"image\":{\"@id\":\"https:\/\/www.tugim.org\/#\/schema\/logo\/image\/\"},\"sameAs\":[\"https:\/\/www.linkedin.com\/company\/tugim-org\/\"]}]}<\/script>\n<!-- \/ Yoast SEO plugin. -->","yoast_head_json":{"title":"\u00c7al\u0131\u015fma Gruplar\u0131 | T\u00dcG\u0130M - T\u00fcm Giri\u015fimci ve \u0130\u015f Mentorlar\u0131 Derne\u011fi","description":"Bir\u00e7ok farkl\u0131 alanda olu\u015fturulmu\u015f \u00e7al\u0131\u015fma gruplar\u0131 n\u0131, misyonlar\u0131n\u0131 ve bu gruplar\u0131n sponsorlar\u0131n\u0131 g\u00f6rmek i\u00e7in t\u0131klay\u0131n\u0131z. T\u00dcG\u0130M \u00c7al\u0131\u015fma Gruplar\u0131","robots":{"index":"index","follow":"follow","max-snippet":"max-snippet:-1","max-image-preview":"max-image-preview:large","max-video-preview":"max-video-preview:-1"},"canonical":"https:\/\/www.tugim.org\/en\/calisma-gruplari\/","og_locale":"en_US","og_type":"article","og_title":"\u00c7al\u0131\u015fma Gruplar\u0131 | T\u00dcG\u0130M - T\u00fcm Giri\u015fimci ve \u0130\u015f Mentorlar\u0131 Derne\u011fi","og_description":"Bir\u00e7ok farkl\u0131 alanda olu\u015fturulmu\u015f \u00e7al\u0131\u015fma gruplar\u0131 n\u0131, misyonlar\u0131n\u0131 ve bu gruplar\u0131n sponsorlar\u0131n\u0131 g\u00f6rmek i\u00e7in t\u0131klay\u0131n\u0131z. T\u00dcG\u0130M \u00c7al\u0131\u015fma Gruplar\u0131","og_url":"https:\/\/www.tugim.org\/en\/calisma-gruplari\/","og_site_name":"T\u00dcG\u0130M","article_modified_time":"2021-09-10T17:30:23+00:00","og_image":[{"width":1920,"height":1080,"url":"https:\/\/www.tugim.org\/wp-content\/uploads\/2020\/04\/tugim-kay\u0131t-2.jpg","type":"image\/jpeg"}],"twitter_card":"summary_large_image","twitter_misc":{"Est. reading time":"7 minutes"},"schema":{"@context":"https:\/\/schema.org","@graph":[{"@type":"WebPage","@id":"https:\/\/www.tugim.org\/calisma-gruplari\/","url":"https:\/\/www.tugim.org\/calisma-gruplari\/","name":"\u00c7al\u0131\u015fma Gruplar\u0131 | T\u00dcG\u0130M - T\u00fcm Giri\u015fimci ve \u0130\u015f Mentorlar\u0131 Derne\u011fi","isPartOf":{"@id":"https:\/\/www.tugim.org\/#website"},"datePublished":"2020-10-20T22:12:09+00:00","dateModified":"2021-09-10T17:30:23+00:00","description":"Bir\u00e7ok farkl\u0131 alanda olu\u015fturulmu\u015f \u00e7al\u0131\u015fma gruplar\u0131 n\u0131, misyonlar\u0131n\u0131 ve bu gruplar\u0131n sponsorlar\u0131n\u0131 g\u00f6rmek i\u00e7in t\u0131klay\u0131n\u0131z. T\u00dcG\u0130M \u00c7al\u0131\u015fma Gruplar\u0131","breadcrumb":{"@id":"https:\/\/www.tugim.org\/calisma-gruplari\/#breadcrumb"},"inLanguage":"en-US","potentialAction":[{"@type":"ReadAction","target":["https:\/\/www.tugim.org\/calisma-gruplari\/"]}]},{"@type":"BreadcrumbList","@id":"https:\/\/www.tugim.org\/calisma-gruplari\/#breadcrumb","itemListElement":[{"@type":"ListItem","position":1,"name":"Ana sayfa","item":"https:\/\/www.tugim.org\/"},{"@type":"ListItem","position":2,"name":"\u00c7al\u0131\u015fma Gruplar\u0131"}]},{"@type":"WebSite","@id":"https:\/\/www.tugim.org\/#website","url":"https:\/\/www.tugim.org\/","name":"T\u00dcG\u0130M","description":"T\u00fcm Giri\u015fimci Ve \u0130\u015f Mentorlar\u0131 Derne\u011fi","publisher":{"@id":"https:\/\/www.tugim.org\/#organization"},"potentialAction":[{"@type":"SearchAction","target":{"@type":"EntryPoint","urlTemplate":"https:\/\/www.tugim.org\/?s={search_term_string}"},"query-input":{"@type":"PropertyValueSpecification","valueRequired":true,"valueName":"search_term_string"}}],"inLanguage":"en-US"},{"@type":"Organization","@id":"https:\/\/www.tugim.org\/#organization","name":"T\u00fcm Giri\u015fimci ve \u0130\u015f Mentorlar\u0131 Derne\u011fi","url":"https:\/\/www.tugim.org\/","logo":{"@type":"ImageObject","inLanguage":"en-US","@id":"https:\/\/www.tugim.org\/#\/schema\/logo\/image\/","url":"https:\/\/www.tugim.org\/wp-content\/uploads\/2019\/02\/Tugim-girisimcilik-mentorluk-tubitak-mentoru-startup-e1584278111902.png","contentUrl":"https:\/\/www.tugim.org\/wp-content\/uploads\/2019\/02\/Tugim-girisimcilik-mentorluk-tubitak-mentoru-startup-e1584278111902.png","width":150,"height":40,"caption":"T\u00fcm Giri\u015fimci ve \u0130\u015f Mentorlar\u0131 Derne\u011fi"},"image":{"@id":"https:\/\/www.tugim.org\/#\/schema\/logo\/image\/"},"sameAs":["https:\/\/www.linkedin.com\/company\/tugim-org\/"]}]}},"_links":{"self":[{"href":"https:\/\/www.tugim.org\/en\/wp-json\/wp\/v2\/pages\/3814","targetHints":{"allow":["GET"]}}],"collection":[{"href":"https:\/\/www.tugim.org\/en\/wp-json\/wp\/v2\/pages"}],"about":[{"href":"https:\/\/www.tugim.org\/en\/wp-json\/wp\/v2\/types\/page"}],"author":[{"embeddable":true,"href":"https:\/\/www.tugim.org\/en\/wp-json\/wp\/v2\/users\/1"}],"replies":[{"embeddable":true,"href":"https:\/\/www.tugim.org\/en\/wp-json\/wp\/v2\/comments?post=3814"}],"version-history":[{"count":0,"href":"https:\/\/www.tugim.org\/en\/wp-json\/wp\/v2\/pages\/3814\/revisions"}],"wp:attachment":[{"href":"https:\/\/www.tugim.org\/en\/wp-json\/wp\/v2\/media?parent=3814"}],"curies":[{"name":"wp","href":"https:\/\/api.w.org\/{rel}","templated":true}]}}