{"id":4454,"date":"2021-07-07T15:38:21","date_gmt":"2021-07-07T12:38:21","guid":{"rendered":"https:\/\/www.tugim.org\/?page_id=4454"},"modified":"2021-09-08T21:51:04","modified_gmt":"2021-09-08T18:51:04","slug":"is-fikrinle-fark-yarat","status":"publish","type":"page","link":"https:\/\/www.tugim.org\/en\/is-fikrinle-fark-yarat\/","title":{"rendered":"\u0130\u015f Fikrinle Fark Yarat"},"content":{"rendered":"<p>[vc_row][vc_column][vc_single_image image=&#8221;4456&#8243; img_size=&#8221;full&#8221;][\/vc_column][\/vc_row][vc_row][vc_column][vc_column_text]<strong>\u0130\u015e F\u0130KR\u0130NLE FARK YARAT !<\/strong><\/p>\n<p><strong>Ticaret Kulu\u00e7ka Merkezi<\/strong> \u200b\u200b\u00f6zel sekt\u00f6r\u00fcn \u00f6nde gelen \u015firketleri ile i\u015fbirliklerine devam ediyor. Yeni d\u00f6nemde <strong>Vak\u0131f Kat\u0131l\u0131m <\/strong>ile i\u015fbirli\u011fi yaparak finansal teknoloji alan\u0131nda sekt\u00f6r\u00fcn inovasyonla geli\u015fmesine ve b\u00fcy\u00fcmesine katk\u0131 sa\u011flamak \u00fczere yeni bir program haz\u0131rlayarak yola \u00e7\u0131k\u0131ld\u0131.<\/p>\n<p>Ticaret Kulu\u00e7ka-Vak\u0131f Kat\u0131l\u0131m Bankas\u0131 Giri\u015fimcilik Program\u0131nda finansal teknoloji alan\u0131nda i\u015f fikrine sahip giri\u015fimciler sekiz hafta boyunca var olan i\u015f fikirlerini deneyimli mentorlar arac\u0131l\u0131\u011f\u0131yla geli\u015ftirecek ve yat\u0131r\u0131mc\u0131 kar\u015f\u0131s\u0131na \u00e7\u0131kmaya haz\u0131rlanacaklar. Ayr\u0131ca program\u0131 bitiren giri\u015fimciler yap\u0131lan de\u011ferlendirmeler sonucunda toplam <strong>60.000 TL<\/strong> para \u00f6d\u00fcl\u00fcne de sahip olacaklar. Bunlar\u0131n yan\u0131 s\u0131ra giri\u015fimciler, Vak\u0131f Kat\u0131l\u0131m ve orta\u011f\u0131 olan portf\u00f6y \u015firketleri taraf\u0131ndan da <strong>yat\u0131r\u0131m alma f\u0131rsat\u0131n\u0131<\/strong> yakalayacaklar.<\/p>\n<p>\u0130\u015f fikrinin yeni nesil teknolijileri kullanarak; <strong>Mobil Bankac\u0131l\u0131k Uygulamalar\u0131, Mobil Sigorta Uygulamalar\u0131, On-Line M\u00fc\u015fteri Edinme \u00c7\u00f6z\u00fcmleri, E-Devlet, E-\u0130mza Entegrasyon \u00c7\u00f6z\u00fcmleri, Data Warehouse \u00c7\u00f6z\u00fcmleri, \u0130nternet \u015eubesi M\u00fc\u015fteri Deneyimi \u00c7\u00f6z\u00fcmleri, Mobil \u00d6deme \u00c7\u00f6z\u00fcmleri, Siber G\u00fcvenlik \u00c7\u00f6z\u00fcmleri, M\u00fc\u015fteri Veri Analizi (CRM) \u00c7\u00f6z\u00fcmleri, Sigorta \u00dcr\u00fcnleri Sat\u0131\u015f Sonras\u0131 Destek \u00c7\u00f6z\u00fcmleri, Yat\u0131r\u0131m Robotu \u00c7\u00f6z\u00fcmleri, Z Ku\u015fa\u011f\u0131 \u0130\u00e7in Bankac\u0131l\u0131k, Sigorta Ve Yat\u0131r\u0131m Uygulamalar\u0131<\/strong> gibi alanlarda finans sekt\u00f6r\u00fcne yenilik kataca\u011f\u0131n\u0131 d\u00fc\u015f\u00fcn\u00fcyorsan hemen Ticaret Kulu\u00e7ka-Vak\u0131f Kat\u0131l\u0131m Fintech Program\u0131na ba\u015fvur!<\/p>\n<p><span style=\"vertical-align: inherit;\"><span style=\"vertical-align: inherit;\">[maxbutton id=&#8221;1&#8243; url=&#8221;http:\/\/tto.ticaret.edu.tr\/&#8221; text=&#8221;Hemen Ba\u015fvur&#8221; ][\/vc_column_text][\/vc_column][\/vc_row]<\/span><\/span><\/p>","protected":false},"excerpt":{"rendered":"<p>[vc_row][vc_column][vc_single_image image=&#8221;4456&#8243; img_size=&#8221;full&#8221;][\/vc_column][\/vc_row][vc_row][vc_column][vc_column_text]\u0130\u015e F\u0130KR\u0130NLE FARK YARAT ! Ticaret Kulu\u00e7ka Merkezi \u200b\u200b\u00f6zel sekt\u00f6r\u00fcn \u00f6nde gelen \u015firketleri ile i\u015fbirliklerine devam ediyor. Yeni d\u00f6nemde Vak\u0131f Kat\u0131l\u0131m ile i\u015fbirli\u011fi yaparak finansal teknoloji alan\u0131nda sekt\u00f6r\u00fcn inovasyonla geli\u015fmesine ve b\u00fcy\u00fcmesine katk\u0131 sa\u011flamak \u00fczere yeni bir program haz\u0131rlayarak yola \u00e7\u0131k\u0131ld\u0131. Ticaret Kulu\u00e7ka-Vak\u0131f Kat\u0131l\u0131m Bankas\u0131 Giri\u015fimcilik Program\u0131nda finansal teknoloji alan\u0131nda i\u015f fikrine sahip [&hellip;]<\/p>","protected":false},"author":1,"featured_media":0,"parent":0,"menu_order":0,"comment_status":"closed","ping_status":"closed","template":"","meta":{"footnotes":""},"class_list":["post-4454","page","type-page","status-publish","hentry"],"yoast_head":"<!-- This site is optimized with the Yoast SEO plugin v26.7 - https:\/\/yoast.com\/wordpress\/plugins\/seo\/ -->\n<title>\u0130\u015f Fikrinle Fark Yarat! - Hemen Ba\u015fvur! - T\u00dcG\u0130M<\/title>\n<meta name=\"description\" content=\"I\u015f Fikrinle Fark Yarat! Fikir Senden Yat\u0131r\u0131m Bizden! \u00d6d\u00fcll\u00fc Fintech Program\u0131 Vak\u0131f Kat\u0131l\u0131m i\u015f birli\u011fi ile ba\u015fl\u0131yor. Hemen Ba\u015fvur!\" \/>\n<meta name=\"robots\" content=\"index, follow, max-snippet:-1, max-image-preview:large, max-video-preview:-1\" \/>\n<link rel=\"canonical\" href=\"https:\/\/www.tugim.org\/en\/is-fikrinle-fark-yarat\/\" \/>\n<meta property=\"og:locale\" content=\"en_US\" \/>\n<meta property=\"og:type\" content=\"article\" \/>\n<meta property=\"og:title\" content=\"\u0130\u015f Fikrinle Fark Yarat! - Hemen Ba\u015fvur! - T\u00dcG\u0130M\" \/>\n<meta property=\"og:description\" content=\"I\u015f Fikrinle Fark Yarat! Fikir Senden Yat\u0131r\u0131m Bizden! \u00d6d\u00fcll\u00fc Fintech Program\u0131 Vak\u0131f Kat\u0131l\u0131m i\u015f birli\u011fi ile ba\u015fl\u0131yor. Hemen Ba\u015fvur!\" \/>\n<meta property=\"og:url\" content=\"https:\/\/www.tugim.org\/en\/is-fikrinle-fark-yarat\/\" \/>\n<meta property=\"og:site_name\" content=\"T\u00dcG\u0130M\" \/>\n<meta property=\"article:modified_time\" content=\"2021-09-08T18:51:04+00:00\" \/>\n<meta property=\"og:image\" content=\"https:\/\/www.tugim.org\/wp-content\/uploads\/2020\/04\/tugim-kay\u0131t-2.jpg\" \/>\n\t<meta property=\"og:image:width\" content=\"1920\" \/>\n\t<meta property=\"og:image:height\" content=\"1080\" \/>\n\t<meta property=\"og:image:type\" content=\"image\/jpeg\" \/>\n<meta name=\"twitter:card\" content=\"summary_large_image\" \/>\n<meta name=\"twitter:label1\" content=\"Est. reading time\" \/>\n\t<meta name=\"twitter:data1\" content=\"1 minute\" \/>\n<script type=\"application\/ld+json\" class=\"yoast-schema-graph\">{\"@context\":\"https:\/\/schema.org\",\"@graph\":[{\"@type\":\"WebPage\",\"@id\":\"https:\/\/www.tugim.org\/is-fikrinle-fark-yarat\/\",\"url\":\"https:\/\/www.tugim.org\/is-fikrinle-fark-yarat\/\",\"name\":\"\u0130\u015f Fikrinle Fark Yarat! - Hemen Ba\u015fvur! - T\u00dcG\u0130M\",\"isPartOf\":{\"@id\":\"https:\/\/www.tugim.org\/#website\"},\"datePublished\":\"2021-07-07T12:38:21+00:00\",\"dateModified\":\"2021-09-08T18:51:04+00:00\",\"description\":\"I\u015f Fikrinle Fark Yarat! Fikir Senden Yat\u0131r\u0131m Bizden! \u00d6d\u00fcll\u00fc Fintech Program\u0131 Vak\u0131f Kat\u0131l\u0131m i\u015f birli\u011fi ile ba\u015fl\u0131yor. Hemen Ba\u015fvur!\",\"breadcrumb\":{\"@id\":\"https:\/\/www.tugim.org\/is-fikrinle-fark-yarat\/#breadcrumb\"},\"inLanguage\":\"en-US\",\"potentialAction\":[{\"@type\":\"ReadAction\",\"target\":[\"https:\/\/www.tugim.org\/is-fikrinle-fark-yarat\/\"]}]},{\"@type\":\"BreadcrumbList\",\"@id\":\"https:\/\/www.tugim.org\/is-fikrinle-fark-yarat\/#breadcrumb\",\"itemListElement\":[{\"@type\":\"ListItem\",\"position\":1,\"name\":\"Ana sayfa\",\"item\":\"https:\/\/www.tugim.org\/\"},{\"@type\":\"ListItem\",\"position\":2,\"name\":\"\u0130\u015f Fikrinle Fark Yarat\"}]},{\"@type\":\"WebSite\",\"@id\":\"https:\/\/www.tugim.org\/#website\",\"url\":\"https:\/\/www.tugim.org\/\",\"name\":\"T\u00dcG\u0130M\",\"description\":\"T\u00fcm Giri\u015fimci Ve \u0130\u015f Mentorlar\u0131 Derne\u011fi\",\"publisher\":{\"@id\":\"https:\/\/www.tugim.org\/#organization\"},\"potentialAction\":[{\"@type\":\"SearchAction\",\"target\":{\"@type\":\"EntryPoint\",\"urlTemplate\":\"https:\/\/www.tugim.org\/?s={search_term_string}\"},\"query-input\":{\"@type\":\"PropertyValueSpecification\",\"valueRequired\":true,\"valueName\":\"search_term_string\"}}],\"inLanguage\":\"en-US\"},{\"@type\":\"Organization\",\"@id\":\"https:\/\/www.tugim.org\/#organization\",\"name\":\"T\u00fcm Giri\u015fimci ve \u0130\u015f Mentorlar\u0131 Derne\u011fi\",\"url\":\"https:\/\/www.tugim.org\/\",\"logo\":{\"@type\":\"ImageObject\",\"inLanguage\":\"en-US\",\"@id\":\"https:\/\/www.tugim.org\/#\/schema\/logo\/image\/\",\"url\":\"https:\/\/www.tugim.org\/wp-content\/uploads\/2019\/02\/Tugim-girisimcilik-mentorluk-tubitak-mentoru-startup-e1584278111902.png\",\"contentUrl\":\"https:\/\/www.tugim.org\/wp-content\/uploads\/2019\/02\/Tugim-girisimcilik-mentorluk-tubitak-mentoru-startup-e1584278111902.png\",\"width\":150,\"height\":40,\"caption\":\"T\u00fcm Giri\u015fimci ve \u0130\u015f Mentorlar\u0131 Derne\u011fi\"},\"image\":{\"@id\":\"https:\/\/www.tugim.org\/#\/schema\/logo\/image\/\"},\"sameAs\":[\"https:\/\/www.linkedin.com\/company\/tugim-org\/\"]}]}<\/script>\n<!-- \/ Yoast SEO plugin. -->","yoast_head_json":{"title":"\u0130\u015f Fikrinle Fark Yarat! - Hemen Ba\u015fvur! - T\u00dcG\u0130M","description":"I\u015f Fikrinle Fark Yarat! Fikir Senden Yat\u0131r\u0131m Bizden! \u00d6d\u00fcll\u00fc Fintech Program\u0131 Vak\u0131f Kat\u0131l\u0131m i\u015f birli\u011fi ile ba\u015fl\u0131yor. Hemen Ba\u015fvur!","robots":{"index":"index","follow":"follow","max-snippet":"max-snippet:-1","max-image-preview":"max-image-preview:large","max-video-preview":"max-video-preview:-1"},"canonical":"https:\/\/www.tugim.org\/en\/is-fikrinle-fark-yarat\/","og_locale":"en_US","og_type":"article","og_title":"\u0130\u015f Fikrinle Fark Yarat! - Hemen Ba\u015fvur! - T\u00dcG\u0130M","og_description":"I\u015f Fikrinle Fark Yarat! Fikir Senden Yat\u0131r\u0131m Bizden! \u00d6d\u00fcll\u00fc Fintech Program\u0131 Vak\u0131f Kat\u0131l\u0131m i\u015f birli\u011fi ile ba\u015fl\u0131yor. Hemen Ba\u015fvur!","og_url":"https:\/\/www.tugim.org\/en\/is-fikrinle-fark-yarat\/","og_site_name":"T\u00dcG\u0130M","article_modified_time":"2021-09-08T18:51:04+00:00","og_image":[{"width":1920,"height":1080,"url":"https:\/\/www.tugim.org\/wp-content\/uploads\/2020\/04\/tugim-kay\u0131t-2.jpg","type":"image\/jpeg"}],"twitter_card":"summary_large_image","twitter_misc":{"Est. reading time":"1 minute"},"schema":{"@context":"https:\/\/schema.org","@graph":[{"@type":"WebPage","@id":"https:\/\/www.tugim.org\/is-fikrinle-fark-yarat\/","url":"https:\/\/www.tugim.org\/is-fikrinle-fark-yarat\/","name":"\u0130\u015f Fikrinle Fark Yarat! - Hemen Ba\u015fvur! - T\u00dcG\u0130M","isPartOf":{"@id":"https:\/\/www.tugim.org\/#website"},"datePublished":"2021-07-07T12:38:21+00:00","dateModified":"2021-09-08T18:51:04+00:00","description":"I\u015f Fikrinle Fark Yarat! Fikir Senden Yat\u0131r\u0131m Bizden! \u00d6d\u00fcll\u00fc Fintech Program\u0131 Vak\u0131f Kat\u0131l\u0131m i\u015f birli\u011fi ile ba\u015fl\u0131yor. Hemen Ba\u015fvur!","breadcrumb":{"@id":"https:\/\/www.tugim.org\/is-fikrinle-fark-yarat\/#breadcrumb"},"inLanguage":"en-US","potentialAction":[{"@type":"ReadAction","target":["https:\/\/www.tugim.org\/is-fikrinle-fark-yarat\/"]}]},{"@type":"BreadcrumbList","@id":"https:\/\/www.tugim.org\/is-fikrinle-fark-yarat\/#breadcrumb","itemListElement":[{"@type":"ListItem","position":1,"name":"Ana sayfa","item":"https:\/\/www.tugim.org\/"},{"@type":"ListItem","position":2,"name":"\u0130\u015f Fikrinle Fark Yarat"}]},{"@type":"WebSite","@id":"https:\/\/www.tugim.org\/#website","url":"https:\/\/www.tugim.org\/","name":"T\u00dcG\u0130M","description":"T\u00fcm Giri\u015fimci Ve \u0130\u015f Mentorlar\u0131 Derne\u011fi","publisher":{"@id":"https:\/\/www.tugim.org\/#organization"},"potentialAction":[{"@type":"SearchAction","target":{"@type":"EntryPoint","urlTemplate":"https:\/\/www.tugim.org\/?s={search_term_string}"},"query-input":{"@type":"PropertyValueSpecification","valueRequired":true,"valueName":"search_term_string"}}],"inLanguage":"en-US"},{"@type":"Organization","@id":"https:\/\/www.tugim.org\/#organization","name":"T\u00fcm Giri\u015fimci ve \u0130\u015f Mentorlar\u0131 Derne\u011fi","url":"https:\/\/www.tugim.org\/","logo":{"@type":"ImageObject","inLanguage":"en-US","@id":"https:\/\/www.tugim.org\/#\/schema\/logo\/image\/","url":"https:\/\/www.tugim.org\/wp-content\/uploads\/2019\/02\/Tugim-girisimcilik-mentorluk-tubitak-mentoru-startup-e1584278111902.png","contentUrl":"https:\/\/www.tugim.org\/wp-content\/uploads\/2019\/02\/Tugim-girisimcilik-mentorluk-tubitak-mentoru-startup-e1584278111902.png","width":150,"height":40,"caption":"T\u00fcm Giri\u015fimci ve \u0130\u015f Mentorlar\u0131 Derne\u011fi"},"image":{"@id":"https:\/\/www.tugim.org\/#\/schema\/logo\/image\/"},"sameAs":["https:\/\/www.linkedin.com\/company\/tugim-org\/"]}]}},"_links":{"self":[{"href":"https:\/\/www.tugim.org\/en\/wp-json\/wp\/v2\/pages\/4454","targetHints":{"allow":["GET"]}}],"collection":[{"href":"https:\/\/www.tugim.org\/en\/wp-json\/wp\/v2\/pages"}],"about":[{"href":"https:\/\/www.tugim.org\/en\/wp-json\/wp\/v2\/types\/page"}],"author":[{"embeddable":true,"href":"https:\/\/www.tugim.org\/en\/wp-json\/wp\/v2\/users\/1"}],"replies":[{"embeddable":true,"href":"https:\/\/www.tugim.org\/en\/wp-json\/wp\/v2\/comments?post=4454"}],"version-history":[{"count":0,"href":"https:\/\/www.tugim.org\/en\/wp-json\/wp\/v2\/pages\/4454\/revisions"}],"wp:attachment":[{"href":"https:\/\/www.tugim.org\/en\/wp-json\/wp\/v2\/media?parent=4454"}],"curies":[{"name":"wp","href":"https:\/\/api.w.org\/{rel}","templated":true}]}}