{"id":4520,"date":"2021-10-28T18:05:59","date_gmt":"2021-10-28T15:05:59","guid":{"rendered":"https:\/\/www.tugim.org\/odeme-2\/"},"modified":"2024-02-15T16:11:15","modified_gmt":"2024-02-15T13:11:15","slug":"odeme","status":"publish","type":"page","link":"https:\/\/www.tugim.org\/en\/odeme\/","title":{"rendered":"\u00d6deme"},"content":{"rendered":"<div class=\"fusion-fullwidth fullwidth-box fusion-builder-row-1 fusion-flex-container nonhundred-percent-fullwidth non-hundred-percent-height-scrolling\" style=\"background-color: #ffffff;background-position: left top;background-repeat: no-repeat;border-width: 1px 0px 1px 0px;border-color:#e2e2e2;border-style:solid;\" ><div class=\"fusion-builder-row fusion-row fusion-flex-align-items-flex-start\" style=\"max-width:1216.8px;margin-left: calc(-4% \/ 2 );margin-right: calc(-4% \/ 2 );\"><div class=\"fusion-layout-column fusion_builder_column fusion-builder-column-0 fusion_builder_column_1_2 1_2 fusion-flex-column\"><div class=\"fusion-column-wrapper fusion-flex-justify-content-flex-start fusion-content-layout-block\" style=\"background-position:left top;background-repeat:no-repeat;-webkit-background-size:cover;-moz-background-size:cover;-o-background-size:cover;background-size:cover;padding: 0px 0px 35px 0px;\"><div class=\"fusion-text fusion-text-1 fusion-text-no-margin\" style=\"margin-right:1%;margin-bottom:1%;margin-left:1%;\"><h2 style=\"text-align: center;\">HAVALE \/ EFT<\/h2>\n<h3 style=\"text-align: center;\">Aidat \u00f6demelerinizi a\u015fa\u011f\u0131daki banka bilgilerine havale yapabilirsiniz.<\/h3>\n<h3>\u00a0<\/h3>\n<h2 style=\"text-align: center;\"><img decoding=\"async\" class=\"alignnone  wp-image-5098\" style=\"font-size: 16px;\" src=\"https:\/\/www.tugim.org\/wp-content\/uploads\/2023\/12\/Garanti-Symbol-300x169.png\" alt=\"\" width=\"62\" height=\"35\" srcset=\"https:\/\/www.tugim.org\/wp-content\/uploads\/2023\/12\/Garanti-Symbol-18x10.png 18w, https:\/\/www.tugim.org\/wp-content\/uploads\/2023\/12\/Garanti-Symbol-200x113.png 200w, https:\/\/www.tugim.org\/wp-content\/uploads\/2023\/12\/Garanti-Symbol-300x169.png 300w, https:\/\/www.tugim.org\/wp-content\/uploads\/2023\/12\/Garanti-Symbol-400x225.png 400w, https:\/\/www.tugim.org\/wp-content\/uploads\/2023\/12\/Garanti-Symbol-600x338.png 600w, https:\/\/www.tugim.org\/wp-content\/uploads\/2023\/12\/Garanti-Symbol-768x432.png 768w, https:\/\/www.tugim.org\/wp-content\/uploads\/2023\/12\/Garanti-Symbol-800x450.png 800w, https:\/\/www.tugim.org\/wp-content\/uploads\/2023\/12\/Garanti-Symbol-1024x576.png 1024w, https:\/\/www.tugim.org\/wp-content\/uploads\/2023\/12\/Garanti-Symbol-1200x675.png 1200w, https:\/\/www.tugim.org\/wp-content\/uploads\/2023\/12\/Garanti-Symbol-1536x864.png 1536w\" sizes=\"(max-width: 62px) 100vw, 62px\" \/>Garanti Bankas\u0131<\/h2>\n<h2 style=\"text-align: center;\">Selami\u00e7e\u015fme \u015eubesi:<\/h2>\n<h2 style=\"text-align: center;\">IBAN:<\/h2>\n<h2 style=\"text-align: center;\">TR39 0006 2000 8460 0006 2937 08<\/h2>\n<\/div><div class=\"fusion-separator fusion-no-small-visibility fusion-no-medium-visibility fusion-full-width-sep\" style=\"align-self: center;margin-left: auto;margin-right: auto;margin-top:0px;margin-bottom:0px;width:100%;\"><div class=\"fusion-separator-border sep-single sep-solid\" style=\"border-color:#0e4290;border-top-width:5px;\"><\/div><\/div><\/div><style type=\"text\/css\">.fusion-body .fusion-builder-column-0{width:50% !important;margin-top : 0px;margin-bottom : 9px;}.fusion-builder-column-0 > .fusion-column-wrapper {padding-top : 0px !important;padding-right : 0px !important;margin-right : 3.84%;padding-bottom : 35px !important;padding-left : 0px !important;margin-left : 3.84%;}@media only screen and (max-width:1024px) {.fusion-body .fusion-builder-column-0{width:100% !important;order : 0;}.fusion-builder-column-0 > .fusion-column-wrapper {margin-right : 1.92%;margin-left : 1.92%;}}@media only screen and (max-width:850px) {.fusion-body .fusion-builder-column-0{width:100% !important;order : 0;}.fusion-builder-column-0 > .fusion-column-wrapper {margin-right : 1.92%;margin-left : 1.92%;}}<\/style><\/div><div class=\"fusion-layout-column fusion_builder_column fusion-builder-column-1 fusion_builder_column_1_2 1_2 fusion-flex-column\"><div class=\"fusion-column-wrapper fusion-flex-justify-content-flex-start fusion-content-layout-block\" style=\"background-position:left top;background-repeat:no-repeat;-webkit-background-size:cover;-moz-background-size:cover;-o-background-size:cover;background-size:cover;padding: 0px 0px 0px 0px;\"><div class=\"fusion-text fusion-text-2 fusion-text-no-margin\" style=\"margin-right:1%;margin-bottom:1%;margin-left:1%;\"><h2 style=\"text-align: center;\">KRED\u0130 KARTI<\/h2>\n<h3 style=\"text-align: center;\"><strong>Kredi Kart\u0131 \u00d6demesi \u0130\u00e7in QR Kodu Okutabilir veya \u00fcst\u00fcne t\u0131klayabilirsiniz.<\/strong><\/h3>\n<p><a href=\"https:\/\/www.paytr.com\/link\/vmuET6n\"><img decoding=\"async\" class=\"size-medium wp-image-5103 aligncenter\" src=\"https:\/\/www.tugim.org\/wp-content\/uploads\/2024\/02\/PayTR-Odeme-Linki-vmuET6n-300x300.png\" alt=\"\" width=\"300\" height=\"300\" srcset=\"https:\/\/www.tugim.org\/wp-content\/uploads\/2024\/02\/PayTR-Odeme-Linki-vmuET6n-12x12.png 12w, https:\/\/www.tugim.org\/wp-content\/uploads\/2024\/02\/PayTR-Odeme-Linki-vmuET6n-66x66.png 66w, https:\/\/www.tugim.org\/wp-content\/uploads\/2024\/02\/PayTR-Odeme-Linki-vmuET6n-150x150.png 150w, https:\/\/www.tugim.org\/wp-content\/uploads\/2024\/02\/PayTR-Odeme-Linki-vmuET6n-200x200.png 200w, https:\/\/www.tugim.org\/wp-content\/uploads\/2024\/02\/PayTR-Odeme-Linki-vmuET6n-300x300.png 300w, https:\/\/www.tugim.org\/wp-content\/uploads\/2024\/02\/PayTR-Odeme-Linki-vmuET6n-400x400.png 400w, https:\/\/www.tugim.org\/wp-content\/uploads\/2024\/02\/PayTR-Odeme-Linki-vmuET6n-600x600.png 600w, https:\/\/www.tugim.org\/wp-content\/uploads\/2024\/02\/PayTR-Odeme-Linki-vmuET6n.png 740w\" sizes=\"(max-width: 300px) 100vw, 300px\" \/><\/a><\/p>\n<\/div><div class=\"fusion-separator fusion-no-small-visibility fusion-no-medium-visibility fusion-full-width-sep\" style=\"align-self: center;margin-left: auto;margin-right: auto;margin-top:0px;margin-bottom:0px;width:100%;\"><div class=\"fusion-separator-border sep-single sep-solid\" style=\"border-color:#0e4290;border-top-width:5px;\"><\/div><\/div><\/div><style type=\"text\/css\">.fusion-body .fusion-builder-column-1{width:50% !important;margin-top : 0px;margin-bottom : 0px;}.fusion-builder-column-1 > .fusion-column-wrapper {padding-top : 0px !important;padding-right : 0px !important;margin-right : 3.84%;padding-bottom : 0px !important;padding-left : 0px !important;margin-left : 3.84%;}@media only screen and (max-width:1024px) {.fusion-body .fusion-builder-column-1{width:100% !important;order : 0;}.fusion-builder-column-1 > .fusion-column-wrapper {margin-right : 1.92%;margin-left : 1.92%;}}@media only screen and (max-width:850px) {.fusion-body .fusion-builder-column-1{width:100% !important;order : 0;}.fusion-builder-column-1 > .fusion-column-wrapper {margin-right : 1.92%;margin-left : 1.92%;}}<\/style><\/div><\/div><style type=\"text\/css\">.fusion-body .fusion-flex-container.fusion-builder-row-1{ padding-top : 10px;margin-top : 0px;padding-right : 10px;padding-bottom : 10px;margin-bottom : 0px;padding-left : 10px;}@media only screen and (max-width:1024px) {.fusion-body .fusion-flex-container.fusion-builder-row-1{ padding-top : 80px;padding-bottom : 80px;}}<\/style><\/div>","protected":false},"excerpt":{"rendered":"","protected":false},"author":1,"featured_media":0,"parent":0,"menu_order":0,"comment_status":"closed","ping_status":"closed","template":"","meta":{"footnotes":""},"class_list":["post-4520","page","type-page","status-publish","hentry"],"yoast_head":"<!-- This site is optimized with the Yoast SEO plugin v26.7 - https:\/\/yoast.com\/wordpress\/plugins\/seo\/ -->\n<title>\u00d6deme - T\u00dcG\u0130M<\/title>\n<meta name=\"robots\" content=\"noindex, follow\" \/>\n<meta property=\"og:locale\" content=\"en_US\" \/>\n<meta property=\"og:type\" content=\"article\" \/>\n<meta property=\"og:title\" content=\"\u00d6deme - T\u00dcG\u0130M\" \/>\n<meta property=\"og:url\" content=\"https:\/\/www.tugim.org\/en\/odeme\/\" \/>\n<meta property=\"og:site_name\" content=\"T\u00dcG\u0130M\" \/>\n<meta property=\"article:modified_time\" content=\"2024-02-15T13:11:15+00:00\" \/>\n<meta property=\"og:image\" content=\"https:\/\/www.tugim.org\/wp-content\/uploads\/2023\/12\/Garanti-Symbol-300x169.png\" \/>\n<meta name=\"twitter:card\" content=\"summary_large_image\" \/>\n<meta name=\"twitter:label1\" content=\"Est. reading time\" \/>\n\t<meta name=\"twitter:data1\" content=\"3 minutes\" \/>\n<script type=\"application\/ld+json\" class=\"yoast-schema-graph\">{\"@context\":\"https:\/\/schema.org\",\"@graph\":[{\"@type\":\"WebPage\",\"@id\":\"https:\/\/www.tugim.org\/odeme\/\",\"url\":\"https:\/\/www.tugim.org\/odeme\/\",\"name\":\"\u00d6deme - T\u00dcG\u0130M\",\"isPartOf\":{\"@id\":\"https:\/\/www.tugim.org\/#website\"},\"primaryImageOfPage\":{\"@id\":\"https:\/\/www.tugim.org\/odeme\/#primaryimage\"},\"image\":{\"@id\":\"https:\/\/www.tugim.org\/odeme\/#primaryimage\"},\"thumbnailUrl\":\"https:\/\/www.tugim.org\/wp-content\/uploads\/2023\/12\/Garanti-Symbol-300x169.png\",\"datePublished\":\"2021-10-28T15:05:59+00:00\",\"dateModified\":\"2024-02-15T13:11:15+00:00\",\"breadcrumb\":{\"@id\":\"https:\/\/www.tugim.org\/odeme\/#breadcrumb\"},\"inLanguage\":\"en-US\",\"potentialAction\":[{\"@type\":\"ReadAction\",\"target\":[\"https:\/\/www.tugim.org\/odeme\/\"]}]},{\"@type\":\"ImageObject\",\"inLanguage\":\"en-US\",\"@id\":\"https:\/\/www.tugim.org\/odeme\/#primaryimage\",\"url\":\"https:\/\/www.tugim.org\/wp-content\/uploads\/2023\/12\/Garanti-Symbol-300x169.png\",\"contentUrl\":\"https:\/\/www.tugim.org\/wp-content\/uploads\/2023\/12\/Garanti-Symbol-300x169.png\"},{\"@type\":\"BreadcrumbList\",\"@id\":\"https:\/\/www.tugim.org\/odeme\/#breadcrumb\",\"itemListElement\":[{\"@type\":\"ListItem\",\"position\":1,\"name\":\"Ana sayfa\",\"item\":\"https:\/\/www.tugim.org\/\"},{\"@type\":\"ListItem\",\"position\":2,\"name\":\"\u00d6deme\"}]},{\"@type\":\"WebSite\",\"@id\":\"https:\/\/www.tugim.org\/#website\",\"url\":\"https:\/\/www.tugim.org\/\",\"name\":\"T\u00dcG\u0130M\",\"description\":\"T\u00fcm Giri\u015fimci Ve \u0130\u015f Mentorlar\u0131 Derne\u011fi\",\"publisher\":{\"@id\":\"https:\/\/www.tugim.org\/#organization\"},\"potentialAction\":[{\"@type\":\"SearchAction\",\"target\":{\"@type\":\"EntryPoint\",\"urlTemplate\":\"https:\/\/www.tugim.org\/?s={search_term_string}\"},\"query-input\":{\"@type\":\"PropertyValueSpecification\",\"valueRequired\":true,\"valueName\":\"search_term_string\"}}],\"inLanguage\":\"en-US\"},{\"@type\":\"Organization\",\"@id\":\"https:\/\/www.tugim.org\/#organization\",\"name\":\"T\u00fcm Giri\u015fimci ve \u0130\u015f Mentorlar\u0131 Derne\u011fi\",\"url\":\"https:\/\/www.tugim.org\/\",\"logo\":{\"@type\":\"ImageObject\",\"inLanguage\":\"en-US\",\"@id\":\"https:\/\/www.tugim.org\/#\/schema\/logo\/image\/\",\"url\":\"https:\/\/www.tugim.org\/wp-content\/uploads\/2019\/02\/Tugim-girisimcilik-mentorluk-tubitak-mentoru-startup-e1584278111902.png\",\"contentUrl\":\"https:\/\/www.tugim.org\/wp-content\/uploads\/2019\/02\/Tugim-girisimcilik-mentorluk-tubitak-mentoru-startup-e1584278111902.png\",\"width\":150,\"height\":40,\"caption\":\"T\u00fcm Giri\u015fimci ve \u0130\u015f Mentorlar\u0131 Derne\u011fi\"},\"image\":{\"@id\":\"https:\/\/www.tugim.org\/#\/schema\/logo\/image\/\"},\"sameAs\":[\"https:\/\/www.linkedin.com\/company\/tugim-org\/\"]}]}<\/script>\n<!-- \/ Yoast SEO plugin. -->","yoast_head_json":{"title":"\u00d6deme - T\u00dcG\u0130M","robots":{"index":"noindex","follow":"follow"},"og_locale":"en_US","og_type":"article","og_title":"\u00d6deme - T\u00dcG\u0130M","og_url":"https:\/\/www.tugim.org\/en\/odeme\/","og_site_name":"T\u00dcG\u0130M","article_modified_time":"2024-02-15T13:11:15+00:00","og_image":[{"url":"https:\/\/www.tugim.org\/wp-content\/uploads\/2023\/12\/Garanti-Symbol-300x169.png","type":"","width":"","height":""}],"twitter_card":"summary_large_image","twitter_misc":{"Est. reading time":"3 minutes"},"schema":{"@context":"https:\/\/schema.org","@graph":[{"@type":"WebPage","@id":"https:\/\/www.tugim.org\/odeme\/","url":"https:\/\/www.tugim.org\/odeme\/","name":"\u00d6deme - T\u00dcG\u0130M","isPartOf":{"@id":"https:\/\/www.tugim.org\/#website"},"primaryImageOfPage":{"@id":"https:\/\/www.tugim.org\/odeme\/#primaryimage"},"image":{"@id":"https:\/\/www.tugim.org\/odeme\/#primaryimage"},"thumbnailUrl":"https:\/\/www.tugim.org\/wp-content\/uploads\/2023\/12\/Garanti-Symbol-300x169.png","datePublished":"2021-10-28T15:05:59+00:00","dateModified":"2024-02-15T13:11:15+00:00","breadcrumb":{"@id":"https:\/\/www.tugim.org\/odeme\/#breadcrumb"},"inLanguage":"en-US","potentialAction":[{"@type":"ReadAction","target":["https:\/\/www.tugim.org\/odeme\/"]}]},{"@type":"ImageObject","inLanguage":"en-US","@id":"https:\/\/www.tugim.org\/odeme\/#primaryimage","url":"https:\/\/www.tugim.org\/wp-content\/uploads\/2023\/12\/Garanti-Symbol-300x169.png","contentUrl":"https:\/\/www.tugim.org\/wp-content\/uploads\/2023\/12\/Garanti-Symbol-300x169.png"},{"@type":"BreadcrumbList","@id":"https:\/\/www.tugim.org\/odeme\/#breadcrumb","itemListElement":[{"@type":"ListItem","position":1,"name":"Ana sayfa","item":"https:\/\/www.tugim.org\/"},{"@type":"ListItem","position":2,"name":"\u00d6deme"}]},{"@type":"WebSite","@id":"https:\/\/www.tugim.org\/#website","url":"https:\/\/www.tugim.org\/","name":"T\u00dcG\u0130M","description":"T\u00fcm Giri\u015fimci Ve \u0130\u015f Mentorlar\u0131 Derne\u011fi","publisher":{"@id":"https:\/\/www.tugim.org\/#organization"},"potentialAction":[{"@type":"SearchAction","target":{"@type":"EntryPoint","urlTemplate":"https:\/\/www.tugim.org\/?s={search_term_string}"},"query-input":{"@type":"PropertyValueSpecification","valueRequired":true,"valueName":"search_term_string"}}],"inLanguage":"en-US"},{"@type":"Organization","@id":"https:\/\/www.tugim.org\/#organization","name":"T\u00fcm Giri\u015fimci ve \u0130\u015f Mentorlar\u0131 Derne\u011fi","url":"https:\/\/www.tugim.org\/","logo":{"@type":"ImageObject","inLanguage":"en-US","@id":"https:\/\/www.tugim.org\/#\/schema\/logo\/image\/","url":"https:\/\/www.tugim.org\/wp-content\/uploads\/2019\/02\/Tugim-girisimcilik-mentorluk-tubitak-mentoru-startup-e1584278111902.png","contentUrl":"https:\/\/www.tugim.org\/wp-content\/uploads\/2019\/02\/Tugim-girisimcilik-mentorluk-tubitak-mentoru-startup-e1584278111902.png","width":150,"height":40,"caption":"T\u00fcm Giri\u015fimci ve \u0130\u015f Mentorlar\u0131 Derne\u011fi"},"image":{"@id":"https:\/\/www.tugim.org\/#\/schema\/logo\/image\/"},"sameAs":["https:\/\/www.linkedin.com\/company\/tugim-org\/"]}]}},"_links":{"self":[{"href":"https:\/\/www.tugim.org\/en\/wp-json\/wp\/v2\/pages\/4520","targetHints":{"allow":["GET"]}}],"collection":[{"href":"https:\/\/www.tugim.org\/en\/wp-json\/wp\/v2\/pages"}],"about":[{"href":"https:\/\/www.tugim.org\/en\/wp-json\/wp\/v2\/types\/page"}],"author":[{"embeddable":true,"href":"https:\/\/www.tugim.org\/en\/wp-json\/wp\/v2\/users\/1"}],"replies":[{"embeddable":true,"href":"https:\/\/www.tugim.org\/en\/wp-json\/wp\/v2\/comments?post=4520"}],"version-history":[{"count":10,"href":"https:\/\/www.tugim.org\/en\/wp-json\/wp\/v2\/pages\/4520\/revisions"}],"predecessor-version":[{"id":5112,"href":"https:\/\/www.tugim.org\/en\/wp-json\/wp\/v2\/pages\/4520\/revisions\/5112"}],"wp:attachment":[{"href":"https:\/\/www.tugim.org\/en\/wp-json\/wp\/v2\/media?parent=4520"}],"curies":[{"name":"wp","href":"https:\/\/api.w.org\/{rel}","templated":true}]}}