{"id":4925,"date":"2023-08-17T11:55:41","date_gmt":"2023-08-17T08:55:41","guid":{"rendered":"https:\/\/www.tugim.org\/?page_id=4925"},"modified":"2023-08-31T11:46:39","modified_gmt":"2023-08-31T08:46:39","slug":"referans-projelerimiz","status":"publish","type":"page","link":"https:\/\/www.tugim.org\/en\/referans-projelerimiz\/","title":{"rendered":"Referans Projelerimiz"},"content":{"rendered":"<div class=\"fusion-fullwidth fullwidth-box fusion-builder-row-1 fusion-flex-container nonhundred-percent-fullwidth non-hundred-percent-height-scrolling\" style=\"background-color: rgba(255,255,255,0);background-position: left top;background-repeat: no-repeat;border-width: 0px 0px 0px 0px;border-color:#eae9e9;border-style:solid;\" ><div class=\"fusion-builder-row fusion-row fusion-flex-align-items-flex-start\" style=\"max-width:1216.8px;margin-left: calc(-4% \/ 2 );margin-right: calc(-4% \/ 2 );\"><div class=\"fusion-layout-column fusion_builder_column fusion-builder-column-0 fusion_builder_column_1_1 1_1 fusion-flex-column fusion-flex-align-self-flex-start fusion-column-no-min-height\"><div class=\"fusion-column-wrapper fusion-flex-justify-content-flex-start fusion-content-layout-column\" style=\"background-position:left top;background-repeat:no-repeat;-webkit-background-size:cover;-moz-background-size:cover;-o-background-size:cover;background-size:cover;padding: 0px 0px 0px 0px;\"><style type=\"text\/css\">@media only screen and (max-width:1024px) {.fusion-title.fusion-title-1{margin-top:0px!important; margin-right:0px!important;margin-bottom:0px!important;margin-left:0px!important;}}@media only screen and (max-width:850px) {.fusion-title.fusion-title-1{margin-top:0px!important; margin-right:0px!important;margin-bottom:20px!important; margin-left:0px!important;}}<\/style><div class=\"fusion-title title fusion-title-1 fusion-title-center fusion-title-text fusion-title-size-two\" style=\"margin-top:0px;margin-right:0px;margin-bottom:0px;margin-left:0px;\"><div class=\"title-sep-container title-sep-container-left\"><div class=\"title-sep sep-single sep-solid\" style=\"border-color:#e0dede;\"><\/div><\/div><span class=\"awb-title-spacer\"><\/span><h2 class=\"title-heading-center\" style=\"margin:0;\">TAMAMLANMI\u015e PROJELER\u0130M\u0130Z<\/h2><span class=\"awb-title-spacer\"><\/span><div class=\"title-sep-container title-sep-container-right\"><div class=\"title-sep sep-single sep-solid\" style=\"border-color:#e0dede;\"><\/div><\/div><\/div><div class=\"fusion-separator fusion-full-width-sep\" style=\"align-self: center;margin-left: auto;margin-right: auto;margin-top:30px;margin-bottom:0px;width:100%;\"><div class=\"fusion-separator-border sep-single sep-solid\" style=\"border-color:#0e4290;border-top-width:5px;\"><\/div><\/div><\/div><style type=\"text\/css\">.fusion-body .fusion-builder-column-0{width:100% !important;margin-top : 0px;margin-bottom : 0px;}.fusion-builder-column-0 > .fusion-column-wrapper {padding-top : 0px !important;padding-right : 0px !important;margin-right : 1.92%;padding-bottom : 0px !important;padding-left : 0px !important;margin-left : 1.92%;}@media only screen and (max-width:1024px) {.fusion-body .fusion-builder-column-0{width:100% !important;}.fusion-builder-column-0 > .fusion-column-wrapper {margin-right : 1.92%;margin-left : 1.92%;}}@media only screen and (max-width:850px) {.fusion-body .fusion-builder-column-0{width:100% !important;}.fusion-builder-column-0 > .fusion-column-wrapper {margin-right : 1.92%;margin-left : 1.92%;}}<\/style><\/div><div class=\"fusion-layout-column fusion_builder_column fusion-builder-column-1 fusion_builder_column_1_1 1_1 fusion-flex-column green-border rounded-border\"><div class=\"fusion-column-wrapper fusion-flex-justify-content-flex-start fusion-content-layout-column\" style=\"background-position:left top;background-repeat:no-repeat;-webkit-background-size:cover;-moz-background-size:cover;-o-background-size:cover;background-size:cover;background-color:#ffffff;border-width: 1px 1px 1px 1px;border-color:#e2e2e2;border-style:solid;padding: 4% 6% 3% 6%;\">\n<div class=\"table-1\">\n<table width=\"100%\">\n<thead>\n<tr>\n<th align=\"left\">Tarih<\/th>\n<th align=\"left\">Projenin Ad\u0131<\/th>\n<th align=\"left\">Projenin \u0130\u00e7eri\u011fi<\/th>\n<\/tr>\n<\/thead>\n<tbody>\n<tr>\n<td align=\"left\">2017-2020<\/td>\n<td align=\"left\">GARANT\u0130 BBVA PARTNERS HIZLANDIRMA PROGRAMI<\/td>\n<td align=\"left\">T\u00dcG\u0130M olarak, 2017 y\u0131l\u0131ndan itibaren Garanti BBVA Partners Giri\u015fim \u00dcss\u00fc taraf\u0131ndan y\u00fcr\u00fct\u00fclen Garanti BBVA Partners H\u0131zland\u0131rma Program\u0131 kapsam\u0131nda mentorluk hizmeti vermekteyiz. Proje kapsam\u0131nda programa al\u0131nacak giri\u015fimlerin se\u00e7imi, giri\u015fimlerin ihtiya\u00e7 analizi , 4 mod\u00fclden olu\u015fan model kapsam\u0131nda mentorluk verilmesi ve geli\u015fimlerinin izlenmesi hizmetleri verilmektedir.<\/td>\n<\/tr>\n<tr>\n<td align=\"left\">2017-2020<\/td>\n<td align=\"left\">\u0130T\u00dc \u00c7EK\u0130RDEK<\/td>\n<td align=\"left\">\u00c7e\u015fitli konulardaki 150\u2019den fazla yurt i\u00e7i ve d\u0131\u015f\u0131ndaki start-up\u2019lara ment\u00f6rl\u00fck deste\u011fi verilmi\u015f ve verilmektedir.<\/td>\n<\/tr>\n<tr>\n<td align=\"left\">2-13 Temmuz 2018<\/td>\n<td align=\"left\">STARCAMP 3. HIZLANDIRMA PROGRAMI<\/td>\n<td align=\"left\">START\u00dcRK Uluslararas\u0131 Kulu\u00e7ka Merkezinin H\u0131zland\u0131rma program\u0131nda giri\u015fimlere mentorluk deste\u011fi sa\u011flanm\u0131\u015ft\u0131r. Derne\u011fimizi Meltem \u00c7ora, Dora Sungunay, Salin Birkan Pabu\u00e7cu ve Murat \u00dcnver temsil etmi\u015ftir.<\/td>\n<\/tr>\n<tr>\n<td align=\"left\">7 Aral\u0131k 2018<\/td>\n<td align=\"left\">G-FAST 18<\/td>\n<td align=\"left\">Sakarya Teknokent Teknoloji Transfer Ofisi Giri\u015fimcilik, \u015eirketle\u015fme ve Ticarile\u015fme Birimi, Giri\u015fim At\u00f6lyesi olarak i\u015f fikri sahibi giri\u015fimci adaylara G-FAST ad\u0131nda Giri\u015fimci H\u0131zland\u0131rma Program\u0131 sunmu\u015ftur. Program kapsam\u0131nda, T\u00fcm Giri\u015fimci ve Ment\u00f6rler Derne\u011fi ni temsilen Murat \u00dcnver giri\u015fimcilere etkili sunum yapma ve motivasyon konu\u015fmas\u0131n\u0131 ger\u00e7ekle\u015ftirmi\u015ftir. G-FAST\u201918 sponsorlar\u0131ndan olan T\u00dcG\u0130M\u2019i temsilen Murat \u00dcnver, Melih Maral, \u00d6zg\u00fcr Gencer, Atilla Akarsu, Naz Esra Elikara, Salim Birkan Pabu\u00e7\u00e7u ve Meltem \u00c7ora\u2019dan olu\u015fan heyet, sahne ekiplerine birebir ment\u00f6rl\u00fck deste\u011fi vererek etkili sunum yapma, pazarlama teknikleri ve sahne \u00f6ncesi motive edici e\u011fitim konusunda k\u0131sa bilgilendirmede bulunmu\u015ftur.<\/td>\n<\/tr>\n<tr>\n<td align=\"left\">2018-2020<\/td>\n<td align=\"left\">DREAMB\u0130GG PROGRAMI<\/td>\n<td align=\"left\">Bo\u011fazi\u00e7i \u00fcniversitesi dreambigg program\u0131nda T\u00dcG\u0130M olarak mentorluk ve e\u011fitim deste\u011fi verilmi\u015ftir<\/td>\n<\/tr>\n<tr>\n<td align=\"left\">2018-2020<\/td>\n<td align=\"left\">\u0130ELEV L\u0130SES\u0130 G\u0130R\u0130\u015e\u0130MC\u0130L\u0130K KUL\u00dcB\u00dc<\/td>\n<td align=\"left\">Derne\u011fimiz mentorlar\u0131, 2019 y\u0131l\u0131nda kul\u00fcp \u00f6\u011frencilerinin davetiyle d\u00fczenlenen Giri\u015fimcilik paneline kat\u0131l\u0131m sa\u011flam\u0131\u015ft\u0131r.<br \/>\n2019-2020 e\u011fitim \u00f6\u011fretim y\u0131l\u0131nda kul\u00fcp \u00f6\u011frencileri haz\u0131rlad\u0131klar\u0131 projelerle farkl\u0131 kurumlarda d\u00fczenlenen yar\u0131\u015fmalara kat\u0131lan kul\u00fcp \u00f6\u011frencilerine g\u00f6n\u00fcll\u00fc mentorluk ve e\u011fitim deste\u011fi verilmi\u015ftir<\/td>\n<\/tr>\n<tr>\n<td align=\"left\">2018-2020<\/td>\n<td align=\"left\">\u0130zmir Y\u00fcksek Teknoloji TEKNOPARK<\/td>\n<td align=\"left\">Teknopark b\u00fcnyesindeki \u00e7e\u015fitli konulardaki 130\u2019dan fazla giri\u015fimlerin projelerinde derne\u011fimizi temsilen Ahmet Hadi Ertu\u011frul taraf\u0131ndan hakemlik yap\u0131lm\u0131\u015f ve yap\u0131lmaktad\u0131r.<\/td>\n<\/tr>\n<tr>\n<td align=\"left\">2018-2020<\/td>\n<td align=\"left\">Hasan Kalyoncu \u00dcniversitesi<\/td>\n<td align=\"left\">Hasan Kalyoncu \u00dcniversitesi TTO taraf\u0131ndan y\u00fcr\u00fct\u00fclen Bigg 1512 kapsam\u0131nda Murat Nuri Avc\u0131 ve Melih Maral derne\u011fimizi temsilen mentorluk ve e\u011fitim deste\u011fi vermi\u015ftir.<\/td>\n<\/tr>\n<tr>\n<td align=\"left\">23-24 Mart 2019<\/td>\n<td align=\"left\">ODT\u00dc \u0130\u015eLETME TOPLULU\u011eU &#8211; G\u0130R\u0130\u015e\u0130MC\u0130L\u0130K VE TEKNOLOJ\u0130 Z\u0130RVES\u0130<\/td>\n<td align=\"left\">\u00dcniversite \u00f6\u011frencilerine y\u00f6nelik dijital giri\u015fimcilik yar\u0131\u015fmas\u0131 ve giri\u015fimcilik ekosisteminin devlerinin bulu\u015ftu\u011fu oturum ve panellerden olu\u015fan giri\u015fimcilik \u015f\u00f6leni i\u00e7in Gen\u00e7 giri\u015fimlere g\u00f6n\u00fcll\u00fc mentorluk deste\u011fi verdik.<\/td>\n<\/tr>\n<tr>\n<td align=\"left\">5 May\u0131s 2019<\/td>\n<td align=\"left\">Hacettepe \u00dcniversitesi Mezunlar Derne\u011fi<\/td>\n<td align=\"left\">Covid 19 Ortak Ak\u0131l Platformunda giri\u015fimcilere mentor deste\u011fi verilmi\u015ftir. Bu \u00e7al\u0131\u015fmaya katk\u0131 verilmesi nedeniyle Hacettepe \u00dcniversitesi Mezunlar Orman\u0131na T\u00dcG\u0130M ment\u00f6rleri ad\u0131na fidan dikilmi\u015ftir.<\/td>\n<\/tr>\n<tr>\n<td align=\"left\">11-12 May\u0131s 2019<\/td>\n<td align=\"left\">Recep Tayyip Erdo\u011fan \u00dcniversitesi<\/td>\n<td align=\"left\">Do\u011fu Karadeniz Kalk\u0131nma Ajans\u0131destekli Recep Tayyip Erdo\u011fan \u00dcniversitesi taraf\u0131ndan y\u00fcr\u00fct\u00fclen \u0130\u015f Plan\u0131 ve Ticarile\u015fme Projesi kapsam\u0131nda 50 adet Giri\u015fimci ve Giri\u015fimci Aday\u0131na 2 tam g\u00fcn \u0130\u015f Fikri olu\u015fturma, Pazar Analizi,\u015eirket Kurma ve \u015eirket Y\u00f6netimi konular\u0131nda T\u00dcG\u0130M\u2019i temsilen Murat \u00dcnver taraf\u0131ndan e\u011fitim verilmi\u015ftir.<\/td>\n<\/tr>\n<tr>\n<td align=\"left\">18 May\u0131s 2019<\/td>\n<td align=\"left\">Entrepreneurship Vertex&amp;Case Speech<\/td>\n<td align=\"left\">Bu etkinlik ilham veren oturumlar ve giri\u015fimcilik vaka yar\u0131\u015fmas\u0131 i\u00e7ermekteydi. Finale kalan 10 tak\u0131m j\u00fcri kar\u015f\u0131s\u0131na \u00e7\u0131kt\u0131. T\u00dcG\u0130M mentorleri taraf\u0131ndan bu etkinlikte mentorluk deste\u011fi verildi ve mentorlerimiz j\u00fcride yer ald\u0131.<\/td>\n<\/tr>\n<tr>\n<td align=\"left\">A\u011fustos 2019- \u015eubat 2020<\/td>\n<td align=\"left\">Galatasaray \u00dcniversitesi<\/td>\n<td align=\"left\">T\u0130KAD taraf\u0131ndan y\u00fcr\u00fct\u00fclen \u0130STKA destekli Gikamer Kad\u0131n Giri\u015fimcilik program\u0131nda derne\u011fimizi temsilen Meltem \u00c7ora, Murat Nuri Avc\u0131,Dora Sungunay,Melih Maral ve Murat \u00dcnver e\u011fitim ve mentorluk deste\u011fi vermi\u015ftir.<\/td>\n<\/tr>\n<tr>\n<td align=\"left\">2019-2020<\/td>\n<td align=\"left\">\u0130STANBUL T\u0130CARET \u00dcN\u0130VERS\u0130TES\u0130 TEKNOLOJ\u0130 TRANSFER OF\u0130S\u0130<\/td>\n<td align=\"left\">T\u00dcG\u0130M olarak, \u0130stanbul Ticaret \u00dcniversitesi Teknoloji Transfer Ofisi\u2019nin \u0130STKA destekli \u201cTicaret Kulu\u00e7ka\u2019da Teknolojik Giri\u015fimcili\u011fin Geli\u015ftirilmesi\u201d projesi kapsam\u0131nda 14 giri\u015fimci i\u00e7in ihtiya\u00e7 analizi yap\u0131larak, giri\u015fimci \u00f6zelinde uygun mentorluk ve e\u011fitim hizmetleri verilmi\u015ftir. Projenin son a\u015famas\u0131 olan Giri\u015fimciler ile yat\u0131r\u0131mc\u0131lar\u0131n bulu\u015ftu\u011fu \u201cThe Big Day\u201d i\u00e7in t\u00fcm giri\u015fimcilere yat\u0131r\u0131mc\u0131 sunumuna haz\u0131rl\u0131k deste\u011fi verilmi\u015ftir.. S\u00fcre\u00e7 i\u00e7inde farkl\u0131 bir program olan \u201cYenilik\u00e7i Tasar\u0131mlar Yar\u0131\u015fmas\u0131 \u201c kapsam\u0131nda juri kat\u0131l\u0131m\u0131 sa\u011flanm\u0131\u015ft\u0131r.<\/td>\n<\/tr>\n<tr>\n<td align=\"left\">21-22 Mart 2020<\/td>\n<td align=\"left\">ODT\u00dc \u0130\u015eLETME TOPLULU\u011eU &#8211; G\u0130R\u0130\u015e\u0130MC\u0130L\u0130K VE TEKNOLOJ\u0130 Z\u0130RVES\u0130<\/td>\n<td align=\"left\">\u00dcniversite \u00f6\u011frencilerine y\u00f6nelik dijital giri\u015fimcilik yar\u0131\u015fmas\u0131 ve giri\u015fimcilik ekosisteminin devlerinin bulu\u015ftu\u011fu oturum ve panellerden olu\u015fan giri\u015fimcilik \u015f\u00f6leni i\u00e7in Gen\u00e7 giri\u015fimlere g\u00f6n\u00fcll\u00fc mentorluk deste\u011fi verdik.<\/td>\n<\/tr>\n<tr>\n<td align=\"left\">28-30 A\u011fustos 2020<\/td>\n<td align=\"left\">Healthech Hackathon<\/td>\n<td align=\"left\">ISTKA destekli Healthech Hackathon kapsam\u0131nda 43 giri\u015fime 48 saat boyunca mentorluk deste\u011fi verildi. Mentorluk deste\u011fi verdi\u011fimiz bir\u00e7ok giri\u015fim \u00f6d\u00fcl ald\u0131. 35 \u00f6d\u00fclden 23\u2019\u00fcn\u00fc T\u00dcG\u0130M ment\u00f6rlerinin destek verdi\u011fi giri\u015fimler alm\u0131\u015ft\u0131r.<\/td>\n<\/tr>\n<tr>\n<td align=\"left\">2019-2020<\/td>\n<td align=\"left\">Turkonfed DDM &#8211; Digital D\u00f6n\u00fc\u015f\u00fcm Merkezi<\/td>\n<td align=\"left\">Turkonfed ve \u0130\u015f Bankas\u0131 liderli\u011finde y\u00fcr\u00fct\u00fclen Kobilerin Digital D\u00f6n\u00fc\u015f\u00fcm\u00fc sa\u011flamay\u0131 ama\u00e7layan projede T\u00dcG\u0130M olarak mentorluk deste\u011fi sa\u011flad\u0131k.<\/td>\n<\/tr>\n<tr>\n<td align=\"left\">2021-2023<\/td>\n<td align=\"left\">DreamB\u0130GG Program\u0131<\/td>\n<td align=\"left\">2021-2023 d\u00f6neminde B\u0130GG1512 Uygulay\u0131c\u0131 Kurulu\u015f onay\u0131 alan Bo\u011fazi\u00e7i \u00dcniversitesi DreamB\u0130GG Program\u0131nda T\u00dcG\u0130M olarak mentorluk ve e\u011fitim deste\u011fi vermek i\u00e7in \u00fcniversite ile i\u015fbirli\u011fimiz devam etmektedir.<\/td>\n<\/tr>\n<tr>\n<td align=\"left\">2020-2021<\/td>\n<td align=\"left\">B\u0130GGPlus Tekno Kobi Program\u0131<\/td>\n<td align=\"left\">House of Human uygulay\u0131c\u0131 kurulu\u015fu taraf\u0131ndan y\u00f6netilen programa, T\u00dcG\u0130M mentorlar\u0131 ile destek verilmektedir. Programa dahil olan Tekno Kobiler, mentorlerimiz \u00e7al\u0131\u015fmalar\u0131na ba\u015flam\u0131\u015ft\u0131r.<\/td>\n<\/tr>\n<tr>\n<td align=\"left\">2020-2021<\/td>\n<td align=\"left\">Y\u0131ld\u0131z Teknik \u00dcniversitesi TTO<\/td>\n<td align=\"left\">Y\u0131ld\u0131z Teknopark b\u00fcnyesinde startup ve scaleup seviyesinde faaliyet g\u00f6steren giri\u015fimlerin do\u011fru yat\u0131r\u0131mc\u0131ya do\u011fru ad\u0131mlar ile ula\u015fmas\u0131 i\u00e7in mentor deste\u011fi verilecektir.<\/td>\n<\/tr>\n<tr>\n<td align=\"left\">2020 &#8211; Devam ediyor<\/td>\n<td align=\"left\">\u0130ELEV L\u0130SES\u0130 G\u0130R\u0130\u015e\u0130MC\u0130L\u0130K KUL\u00dcB\u00dc<\/td>\n<td align=\"left\">Derne\u011fimiz mentorlar\u0131, \u00f6\u011frencilere g\u00f6n\u00fcll\u00fc mentorluk ve e\u011fitim deste\u011fi verilmektedir.<\/td>\n<\/tr>\n<\/tbody>\n<\/table>\n<\/div>\n<\/div><style type=\"text\/css\">.fusion-body .fusion-builder-column-1{width:100% !important;margin-top : 0px;margin-bottom : 40px;}.fusion-builder-column-1 > .fusion-column-wrapper {padding-top : 4% !important;padding-right : 6% !important;margin-right : 1.92%;padding-bottom : 3% !important;padding-left : 6% !important;margin-left : 1.92%;}@media only screen and (max-width:1024px) {.fusion-body .fusion-builder-column-1{width:100% !important;order : 0;}.fusion-builder-column-1 > .fusion-column-wrapper {margin-right : 1.92%;padding-bottom : 16px !important;margin-left : 1.92%;}}@media only screen and (max-width:850px) {.fusion-body .fusion-builder-column-1{width:100% !important;order : 0;}.fusion-builder-column-1 > .fusion-column-wrapper {margin-right : 1.92%;margin-left : 1.92%;}}<\/style><\/div><\/div><style type=\"text\/css\">.fusion-body .fusion-flex-container.fusion-builder-row-1{ padding-top : 0px;margin-top : 0px;padding-right : 0px;padding-bottom : 0px;margin-bottom : 0px;padding-left : 0px;}@media only screen and (max-width:1024px) {.fusion-body .fusion-flex-container.fusion-builder-row-1{ padding-top : 72px;padding-bottom : 60px;}}@media only screen and (max-width:850px) {.fusion-body .fusion-flex-container.fusion-builder-row-1{ padding-bottom : 48px;}}<\/style><\/div>","protected":false},"excerpt":{"rendered":"","protected":false},"author":65,"featured_media":0,"parent":0,"menu_order":0,"comment_status":"closed","ping_status":"closed","template":"","meta":{"footnotes":""},"class_list":["post-4925","page","type-page","status-publish","hentry"],"yoast_head":"<!-- This site is optimized with the Yoast SEO plugin v26.7 - https:\/\/yoast.com\/wordpress\/plugins\/seo\/ -->\n<title>Referans Projelerimiz - T\u00dcG\u0130M<\/title>\n<meta name=\"robots\" content=\"index, follow, max-snippet:-1, max-image-preview:large, max-video-preview:-1\" \/>\n<link rel=\"canonical\" href=\"https:\/\/www.tugim.org\/en\/referans-projelerimiz\/\" \/>\n<meta property=\"og:locale\" content=\"en_US\" \/>\n<meta property=\"og:type\" content=\"article\" \/>\n<meta property=\"og:title\" content=\"Referans Projelerimiz - T\u00dcG\u0130M\" \/>\n<meta property=\"og:url\" content=\"https:\/\/www.tugim.org\/en\/referans-projelerimiz\/\" \/>\n<meta property=\"og:site_name\" content=\"T\u00dcG\u0130M\" \/>\n<meta property=\"article:modified_time\" content=\"2023-08-31T08:46:39+00:00\" \/>\n<meta property=\"og:image\" content=\"https:\/\/www.tugim.org\/wp-content\/uploads\/2020\/04\/tugim-kay\u0131t-2.jpg\" \/>\n\t<meta property=\"og:image:width\" content=\"1920\" \/>\n\t<meta property=\"og:image:height\" content=\"1080\" \/>\n\t<meta property=\"og:image:type\" content=\"image\/jpeg\" \/>\n<meta name=\"twitter:card\" content=\"summary_large_image\" \/>\n<meta name=\"twitter:label1\" content=\"Est. reading time\" \/>\n\t<meta name=\"twitter:data1\" content=\"7 minutes\" \/>\n<script type=\"application\/ld+json\" class=\"yoast-schema-graph\">{\"@context\":\"https:\/\/schema.org\",\"@graph\":[{\"@type\":\"WebPage\",\"@id\":\"https:\/\/www.tugim.org\/referans-projelerimiz\/\",\"url\":\"https:\/\/www.tugim.org\/referans-projelerimiz\/\",\"name\":\"Referans Projelerimiz - T\u00dcG\u0130M\",\"isPartOf\":{\"@id\":\"https:\/\/www.tugim.org\/#website\"},\"datePublished\":\"2023-08-17T08:55:41+00:00\",\"dateModified\":\"2023-08-31T08:46:39+00:00\",\"breadcrumb\":{\"@id\":\"https:\/\/www.tugim.org\/referans-projelerimiz\/#breadcrumb\"},\"inLanguage\":\"en-US\",\"potentialAction\":[{\"@type\":\"ReadAction\",\"target\":[\"https:\/\/www.tugim.org\/referans-projelerimiz\/\"]}]},{\"@type\":\"BreadcrumbList\",\"@id\":\"https:\/\/www.tugim.org\/referans-projelerimiz\/#breadcrumb\",\"itemListElement\":[{\"@type\":\"ListItem\",\"position\":1,\"name\":\"Ana sayfa\",\"item\":\"https:\/\/www.tugim.org\/\"},{\"@type\":\"ListItem\",\"position\":2,\"name\":\"Referans Projelerimiz\"}]},{\"@type\":\"WebSite\",\"@id\":\"https:\/\/www.tugim.org\/#website\",\"url\":\"https:\/\/www.tugim.org\/\",\"name\":\"T\u00dcG\u0130M\",\"description\":\"T\u00fcm Giri\u015fimci Ve \u0130\u015f Mentorlar\u0131 Derne\u011fi\",\"publisher\":{\"@id\":\"https:\/\/www.tugim.org\/#organization\"},\"potentialAction\":[{\"@type\":\"SearchAction\",\"target\":{\"@type\":\"EntryPoint\",\"urlTemplate\":\"https:\/\/www.tugim.org\/?s={search_term_string}\"},\"query-input\":{\"@type\":\"PropertyValueSpecification\",\"valueRequired\":true,\"valueName\":\"search_term_string\"}}],\"inLanguage\":\"en-US\"},{\"@type\":\"Organization\",\"@id\":\"https:\/\/www.tugim.org\/#organization\",\"name\":\"T\u00fcm Giri\u015fimci ve \u0130\u015f Mentorlar\u0131 Derne\u011fi\",\"url\":\"https:\/\/www.tugim.org\/\",\"logo\":{\"@type\":\"ImageObject\",\"inLanguage\":\"en-US\",\"@id\":\"https:\/\/www.tugim.org\/#\/schema\/logo\/image\/\",\"url\":\"https:\/\/www.tugim.org\/wp-content\/uploads\/2019\/02\/Tugim-girisimcilik-mentorluk-tubitak-mentoru-startup-e1584278111902.png\",\"contentUrl\":\"https:\/\/www.tugim.org\/wp-content\/uploads\/2019\/02\/Tugim-girisimcilik-mentorluk-tubitak-mentoru-startup-e1584278111902.png\",\"width\":150,\"height\":40,\"caption\":\"T\u00fcm Giri\u015fimci ve \u0130\u015f Mentorlar\u0131 Derne\u011fi\"},\"image\":{\"@id\":\"https:\/\/www.tugim.org\/#\/schema\/logo\/image\/\"},\"sameAs\":[\"https:\/\/www.linkedin.com\/company\/tugim-org\/\"]}]}<\/script>\n<!-- \/ Yoast SEO plugin. -->","yoast_head_json":{"title":"Referans Projelerimiz - T\u00dcG\u0130M","robots":{"index":"index","follow":"follow","max-snippet":"max-snippet:-1","max-image-preview":"max-image-preview:large","max-video-preview":"max-video-preview:-1"},"canonical":"https:\/\/www.tugim.org\/en\/referans-projelerimiz\/","og_locale":"en_US","og_type":"article","og_title":"Referans Projelerimiz - T\u00dcG\u0130M","og_url":"https:\/\/www.tugim.org\/en\/referans-projelerimiz\/","og_site_name":"T\u00dcG\u0130M","article_modified_time":"2023-08-31T08:46:39+00:00","og_image":[{"width":1920,"height":1080,"url":"https:\/\/www.tugim.org\/wp-content\/uploads\/2020\/04\/tugim-kay\u0131t-2.jpg","type":"image\/jpeg"}],"twitter_card":"summary_large_image","twitter_misc":{"Est. reading time":"7 minutes"},"schema":{"@context":"https:\/\/schema.org","@graph":[{"@type":"WebPage","@id":"https:\/\/www.tugim.org\/referans-projelerimiz\/","url":"https:\/\/www.tugim.org\/referans-projelerimiz\/","name":"Referans Projelerimiz - T\u00dcG\u0130M","isPartOf":{"@id":"https:\/\/www.tugim.org\/#website"},"datePublished":"2023-08-17T08:55:41+00:00","dateModified":"2023-08-31T08:46:39+00:00","breadcrumb":{"@id":"https:\/\/www.tugim.org\/referans-projelerimiz\/#breadcrumb"},"inLanguage":"en-US","potentialAction":[{"@type":"ReadAction","target":["https:\/\/www.tugim.org\/referans-projelerimiz\/"]}]},{"@type":"BreadcrumbList","@id":"https:\/\/www.tugim.org\/referans-projelerimiz\/#breadcrumb","itemListElement":[{"@type":"ListItem","position":1,"name":"Ana sayfa","item":"https:\/\/www.tugim.org\/"},{"@type":"ListItem","position":2,"name":"Referans Projelerimiz"}]},{"@type":"WebSite","@id":"https:\/\/www.tugim.org\/#website","url":"https:\/\/www.tugim.org\/","name":"T\u00dcG\u0130M","description":"T\u00fcm Giri\u015fimci Ve \u0130\u015f Mentorlar\u0131 Derne\u011fi","publisher":{"@id":"https:\/\/www.tugim.org\/#organization"},"potentialAction":[{"@type":"SearchAction","target":{"@type":"EntryPoint","urlTemplate":"https:\/\/www.tugim.org\/?s={search_term_string}"},"query-input":{"@type":"PropertyValueSpecification","valueRequired":true,"valueName":"search_term_string"}}],"inLanguage":"en-US"},{"@type":"Organization","@id":"https:\/\/www.tugim.org\/#organization","name":"T\u00fcm Giri\u015fimci ve \u0130\u015f Mentorlar\u0131 Derne\u011fi","url":"https:\/\/www.tugim.org\/","logo":{"@type":"ImageObject","inLanguage":"en-US","@id":"https:\/\/www.tugim.org\/#\/schema\/logo\/image\/","url":"https:\/\/www.tugim.org\/wp-content\/uploads\/2019\/02\/Tugim-girisimcilik-mentorluk-tubitak-mentoru-startup-e1584278111902.png","contentUrl":"https:\/\/www.tugim.org\/wp-content\/uploads\/2019\/02\/Tugim-girisimcilik-mentorluk-tubitak-mentoru-startup-e1584278111902.png","width":150,"height":40,"caption":"T\u00fcm Giri\u015fimci ve \u0130\u015f Mentorlar\u0131 Derne\u011fi"},"image":{"@id":"https:\/\/www.tugim.org\/#\/schema\/logo\/image\/"},"sameAs":["https:\/\/www.linkedin.com\/company\/tugim-org\/"]}]}},"_links":{"self":[{"href":"https:\/\/www.tugim.org\/en\/wp-json\/wp\/v2\/pages\/4925","targetHints":{"allow":["GET"]}}],"collection":[{"href":"https:\/\/www.tugim.org\/en\/wp-json\/wp\/v2\/pages"}],"about":[{"href":"https:\/\/www.tugim.org\/en\/wp-json\/wp\/v2\/types\/page"}],"author":[{"embeddable":true,"href":"https:\/\/www.tugim.org\/en\/wp-json\/wp\/v2\/users\/65"}],"replies":[{"embeddable":true,"href":"https:\/\/www.tugim.org\/en\/wp-json\/wp\/v2\/comments?post=4925"}],"version-history":[{"count":0,"href":"https:\/\/www.tugim.org\/en\/wp-json\/wp\/v2\/pages\/4925\/revisions"}],"wp:attachment":[{"href":"https:\/\/www.tugim.org\/en\/wp-json\/wp\/v2\/media?parent=4925"}],"curies":[{"name":"wp","href":"https:\/\/api.w.org\/{rel}","templated":true}]}}