{"id":4936,"date":"2023-08-17T12:55:39","date_gmt":"2023-08-17T09:55:39","guid":{"rendered":"https:\/\/www.tugim.org\/?page_id=4936"},"modified":"2023-10-04T23:34:51","modified_gmt":"2023-10-04T20:34:51","slug":"myk","status":"publish","type":"page","link":"https:\/\/www.tugim.org\/en\/myk\/","title":{"rendered":"MYK"},"content":{"rendered":"<div class=\"fusion-fullwidth fullwidth-box fusion-builder-row-1 fusion-flex-container hundred-percent-fullwidth non-hundred-percent-height-scrolling\" style=\"background-color: #ffffff;background-position: left top;background-repeat: no-repeat;border-width: 0px 0px 0px 0px;border-color:#e8e8e8;border-style:solid;\" ><div class=\"fusion-builder-row fusion-row fusion-flex-align-items-center\" style=\"width:calc( 100% + 0px ) !important;max-width:calc( 100% + 0px ) !important;margin-left: calc(-0px \/ 2 );margin-right: calc(-0px \/ 2 );\"><div class=\"fusion-layout-column fusion_builder_column fusion-builder-column-0 fusion_builder_column_1_3 1_3 fusion-flex-column fusion-flex-align-self-center fusion-column-no-min-height\"><div class=\"fusion-column-wrapper fusion-flex-justify-content-center fusion-content-layout-column\" style=\"background-position:left top;background-repeat:no-repeat;-webkit-background-size:cover;-moz-background-size:cover;-o-background-size:cover;background-size:cover;background-color:#ffffff;padding: 20px 10px 20px 10px;\"><div style=\"text-align:center;\"><span class=\"fusion-imageframe imageframe-none imageframe-1 hover-type-none\"><a class=\"fusion-no-lightbox\" href=\"https:\/\/www.tugim.org\/en\/etkinlik-takvimi\/\" target=\"_self\" aria-label=\"tugim-banner-2-2\"><img decoding=\"async\" width=\"473\" height=\"737\" src=\"https:\/\/www.tugim.org\/wp-content\/uploads\/2022\/06\/tugim-banner-2-2.jpg\" alt class=\"img-responsive wp-image-4798\" srcset=\"https:\/\/www.tugim.org\/wp-content\/uploads\/2022\/06\/tugim-banner-2-2-200x312.jpg 200w, https:\/\/www.tugim.org\/wp-content\/uploads\/2022\/06\/tugim-banner-2-2-400x623.jpg 400w, https:\/\/www.tugim.org\/wp-content\/uploads\/2022\/06\/tugim-banner-2-2.jpg 473w\" sizes=\"(max-width: 1024px) 100vw, (max-width: 850px) 100vw, 400px\" \/><\/a><\/span><\/div><div class=\"fusion-separator\" style=\"align-self: center;margin-left: auto;margin-right: auto;margin-top:10px;margin-bottom:10px;width:100%;max-width:30px;\"><div class=\"fusion-separator-border sep-single sep-solid\" style=\"border-color:#e0dede;border-top-width:1px;\"><\/div><\/div><\/div><style type=\"text\/css\">.fusion-body .fusion-builder-column-0{width:33.333333333333% !important;margin-top : 0px;margin-bottom : 0px;}.fusion-builder-column-0 > .fusion-column-wrapper {padding-top : 20px !important;padding-right : 10px !important;margin-right : calc( 0.06 * calc( 100% - 0px ) );padding-bottom : 20px !important;padding-left : 10px !important;margin-left : calc( 0.06 * calc( 100% - 0px ) );}@media only screen and (max-width:1024px) {.fusion-body .fusion-builder-column-0{width:100% !important;order : 0;}.fusion-builder-column-0 > .fusion-column-wrapper {margin-right : 0px;margin-left : 0px;}}@media only screen and (max-width:850px) {.fusion-body .fusion-builder-column-0{width:100% !important;order : 0;}.fusion-builder-column-0 > .fusion-column-wrapper {margin-right : 0px;margin-left : 0px;}}<\/style><\/div><div class=\"fusion-layout-column fusion_builder_column fusion-builder-column-1 fusion_builder_column_2_3 2_3 fusion-flex-column fusion-flex-align-self-flex-start fusion-column-no-min-height\"><div class=\"fusion-column-wrapper fusion-flex-justify-content-flex-start fusion-content-layout-column\" style=\"background-position:left top;background-repeat:no-repeat;-webkit-background-size:cover;-moz-background-size:cover;-o-background-size:cover;background-size:cover;background-color:#ffffff;padding: 20px 10px 20px 10px;\"><div class=\"fusion-text fusion-text-1\"><p>2021 y\u0131l\u0131 itibar\u0131yla Mentor Derne\u011fi (MENTORDER) ve T\u00fcm Giri\u015fimci ve \u0130\u015f Mentorlar\u0131 Derne\u011fi (T\u00dcG\u0130M) olarak \u00e7al\u0131\u015fmalar\u0131na ba\u015flad\u0131\u011f\u0131m\u0131z Mentorluk Mesle\u011finin Ulusal Meslek Standartlar\u0131 (UMS) ve Ulusal Yeterlilik (UY) haz\u0131rl\u0131k \u00e7al\u0131\u015fmalar\u0131 kapsam\u0131nda,<\/p>\n<p>Mesleki Yeterlilik Kurumu (MYK) ile Kas\u0131m 2021 tarihinde\u00a0<strong>\u201cMentorluk Mesle\u011fi Seviye 6\u201d<\/strong>\u00a0UMS ve UY taslaklar\u0131n\u0131n haz\u0131rlanmas\u0131 i\u00e7in yetkilendirildi\u011fimiz protokol\u00fcm\u00fcz\u00fc imzalad\u0131k.<\/p>\n<p><strong>14 May\u0131s 2022<\/strong>\u00a0tarihi itibar\u0131yla taslak \u00e7al\u0131\u015fmalar\u0131n\u0131 tamamlam\u0131\u015f oldu\u011fumuz UMS ve UY dok\u00fcmanlar\u0131n\u0131 de\u011ferlendirilmesi, ilgili payda\u015flar\u0131m\u0131zdan g\u00f6r\u00fc\u015f al\u0131nmas\u0131 ve s\u00fcre\u00e7lerin ba\u015flat\u0131lmas\u0131 i\u00e7in Mesleki Yeterlilik Kurumu\u2019na resmi olarak ilettik.<\/p>\n<p>Mesleki Yeterlilik Kurumuna iletti\u011fimiz UMS ve UY taslak dok\u00fcmanlar\u0131n t\u00fcm payda\u015flar\u0131m\u0131z taraf\u0131ndan incelenmesi ve g\u00f6r\u00fc\u015f sunmalar\u0131 sonras\u0131;<\/p>\n<p><strong>\u201cMentor (Seviye 6) Ulusal Meslek Standard\u0131\u201d 8 May\u0131s 2023 itibari ile Resmi Gazete\u2019de yay\u0131nlanarak y\u00fcr\u00fcrl\u00fc\u011fe girmi\u015ftir.<\/strong><\/p>\n<\/div><div class=\"fusion-builder-row fusion-builder-row-inner fusion-row fusion-flex-align-items-center\" style=\"width:calc( 100% + 0px ) !important;max-width:calc( 100% + 0px ) !important;margin-left: calc(-0px \/ 2 );margin-right: calc(-0px \/ 2 );\"><div class=\"fusion-layout-column fusion_builder_column_inner fusion-builder-nested-column-0 fusion_builder_column_inner_1_1 1_1 fusion-flex-column\"><div class=\"fusion-column-wrapper fusion-flex-justify-content-flex-start fusion-content-layout-column\" style=\"background-position:left top;background-repeat:no-repeat;-webkit-background-size:cover;-moz-background-size:cover;-o-background-size:cover;background-size:cover;padding: 0px 0px 0px 0px;\"><div style=\"text-align:center;\"><style>.fusion-button.button-1{border-radius:2px 2px 2px 2px;}<\/style><a class=\"fusion-button button-flat button-medium button-default button-1 fusion-button-default-span\" target=\"_blank\" rel=\"noopener noreferrer\" href=\"https:\/\/www.tugim.org\/wp-content\/uploads\/2023\/08\/Mentor-Seviye-6-Meslek-Standardi.pdf\"><span class=\"fusion-button-text\">Mentor (Seviye 6) Meslek Standard\u0131<\/span><\/a><\/div><div style=\"text-align:center;\"><style>.fusion-button.button-2{border-radius:2px 2px 2px 2px;}<\/style><a class=\"fusion-button button-flat button-medium button-default button-2 fusion-button-default-span\" target=\"_blank\" rel=\"noopener noreferrer\" href=\"https:\/\/www.tugim.org\/wp-content\/uploads\/2023\/10\/23UY0557-6-Rev-00-Mentor.pdf\"><span class=\"fusion-button-text\">MENTOR (SEV\u0130YE 6) ULUSAL YETERL\u0130L\u0130K<\/span><\/a><\/div><\/div><style type=\"text\/css\">.fusion-body .fusion-builder-nested-column-0{width:100% !important;margin-top : 0px;margin-bottom : 20px;}.fusion-builder-nested-column-0 > .fusion-column-wrapper {padding-top : 0px !important;padding-right : 0px !important;margin-right : 0px;padding-bottom : 0px !important;padding-left : 0px !important;margin-left : 0px;}@media only screen and (max-width:1024px) {.fusion-body .fusion-builder-nested-column-0{width:100% !important;order : 0;}.fusion-builder-nested-column-0 > .fusion-column-wrapper {margin-right : 0px;margin-left : 0px;}}@media only screen and (max-width:850px) {.fusion-body .fusion-builder-nested-column-0{width:100% !important;order : 0;}.fusion-builder-nested-column-0 > .fusion-column-wrapper {margin-right : 0px;margin-left : 0px;}}<\/style><\/div><\/div><div class=\"fusion-text fusion-text-2\"><p><strong>Mentorluk Mesle\u011fi Seviye 6<\/strong> \u201cUMS G\u00fcncelleme Talep Formu\u201d ve \u201cUY G\u00fcncelleme Talep Formu\u201d \u2018lar\u0131n\u0131n g\u00f6nderimi i\u00e7in e-posta adresi:<br \/>\n<strong>meslekiyeterlilik@tugim.org<\/strong><\/p>\n<\/div><div class=\"fusion-separator fusion-full-width-sep\" style=\"align-self: center;margin-left: auto;margin-right: auto;width:100%;\"><div class=\"fusion-separator-border sep-double\" style=\"border-color:#e0dede;border-top-width:1px;border-bottom-width:1px;\"><\/div><\/div><style type=\"text\/css\">@media only screen and (max-width:1024px) {.fusion-title.fusion-title-1{margin-top:30px!important; margin-right:0px!important;margin-bottom:0px!important;margin-left:0px!important;}}@media only screen and (max-width:850px) {.fusion-title.fusion-title-1{margin-top:0px!important; margin-right:0px!important;margin-bottom:20px!important; margin-left:0px!important;}}<\/style><div class=\"fusion-title title fusion-title-1 fusion-title-center fusion-title-text fusion-title-size-one\" style=\"margin-top:30px;margin-right:0px;margin-bottom:0px;margin-left:0px;\"><div class=\"title-sep-container title-sep-container-left\"><div class=\"title-sep sep-\" style=\"border-color:#e0dede;\"><\/div><\/div><span class=\"awb-title-spacer\"><\/span><h1 class=\"title-heading-center\" style=\"margin:0;\">Te\u015fekk\u00fcr Ederiz!<\/h1><span class=\"awb-title-spacer\"><\/span><div class=\"title-sep-container title-sep-container-right\"><div class=\"title-sep sep-\" style=\"border-color:#e0dede;\"><\/div><\/div><\/div><div class=\"fusion-text fusion-text-3\"><p>Ekosistemimize de\u011fer katacak \u00f6nemli bir \u00e7al\u0131\u015fma olan UMS ve UY taslak dok\u00fcmanlar\u0131n\u0131n haz\u0131rlanmas\u0131 s\u00fcrecinde;<\/p>\n<ul>\n<li>\u00c7al\u0131\u015fmalar\u0131m\u0131zda bizleri destekleyen, de\u011ferli katk\u0131lar\u0131 ile s\u00fcreci y\u00f6nlendiren MYK yetkilileri ile Sn. S\u00fcleyman Ar\u0131kbo\u011fa\u2019ya,<\/li>\n<li>De\u011ferli zamanlar\u0131n\u0131 ay\u0131rarak \u00e7al\u0131\u015fmalara katk\u0131 sunan \u00c7al\u0131\u015fma Grubu \u00fcyelerimiz Sn. Onur Lenk, Sn. Naz Esra Elikara Emet, Sn. Murat Avc\u0131, Meltem \u00c7ora, Sn. \u0130lker Erg\u00fcn, Sn. Hale Umul, Sn. Fatma Akp\u0131nar, Sn. Ahmet Yasagan, Sn. Ayten Ezelta\u015f, Sn. Ayfer Ad\u0131g\u00fczel<\/li>\n<li>Dan\u0131\u015fmanl\u0131k deste\u011fi sa\u011flayan EDUSER E\u011fitim Dan\u0131\u015fmanl\u0131k ve Uzmanl\u0131k Ltd. \u015eti. temsilcileri Sn. Selcen Avc\u0131 ve Sn. \u015eule \u015eeyma Y\u0131ld\u0131z\u2019a<\/li>\n<\/ul>\n<p>de\u011ferli katk\u0131lar\u0131 ve disiplinli \u00e7al\u0131\u015fmalar\u0131ndan dolay\u0131 te\u015fekk\u00fcr ederiz.<\/p>\n<\/div><\/div><style type=\"text\/css\">.fusion-body .fusion-builder-column-1{width:66.666666666667% !important;margin-top : 0px;margin-bottom : 0px;}.fusion-builder-column-1 > .fusion-column-wrapper {padding-top : 20px !important;padding-right : 10px !important;margin-right : calc( 0.03 * calc( 100% - 0px ) );padding-bottom : 20px !important;padding-left : 10px !important;margin-left : calc( 0.03 * calc( 100% - 0px ) );}@media only screen and (max-width:1024px) {.fusion-body .fusion-builder-column-1{width:100% !important;order : 0;}.fusion-builder-column-1 > .fusion-column-wrapper {margin-right : 0px;margin-left : 0px;}}@media only screen and (max-width:850px) {.fusion-body .fusion-builder-column-1{width:100% !important;order : 0;}.fusion-builder-column-1 > .fusion-column-wrapper {margin-right : 0px;margin-left : 0px;}}<\/style><\/div><\/div><style type=\"text\/css\">.fusion-body .fusion-flex-container.fusion-builder-row-1{ padding-top : 30px;margin-top : 0px;padding-right : 0px;padding-bottom : 30px;margin-bottom : 0px;padding-left : 0px;}@media only screen and (max-width:1024px) {.fusion-body .fusion-flex-container.fusion-builder-row-1{ padding-top : 72px;padding-bottom : 56px;}}@media only screen and (max-width:850px) {.fusion-body .fusion-flex-container.fusion-builder-row-1{ padding-top : -30px;}}<\/style><\/div>","protected":false},"excerpt":{"rendered":"","protected":false},"author":65,"featured_media":0,"parent":0,"menu_order":0,"comment_status":"closed","ping_status":"closed","template":"","meta":{"footnotes":""},"class_list":["post-4936","page","type-page","status-publish","hentry"],"yoast_head":"<!-- This site is optimized with the Yoast SEO plugin v26.7 - https:\/\/yoast.com\/wordpress\/plugins\/seo\/ -->\n<title>MYK - T\u00dcG\u0130M<\/title>\n<meta name=\"robots\" content=\"index, follow, max-snippet:-1, max-image-preview:large, max-video-preview:-1\" \/>\n<link rel=\"canonical\" href=\"https:\/\/www.tugim.org\/en\/myk\/\" \/>\n<meta property=\"og:locale\" content=\"en_US\" \/>\n<meta property=\"og:type\" content=\"article\" \/>\n<meta property=\"og:title\" content=\"MYK - T\u00dcG\u0130M\" \/>\n<meta property=\"og:url\" content=\"https:\/\/www.tugim.org\/en\/myk\/\" \/>\n<meta property=\"og:site_name\" content=\"T\u00dcG\u0130M\" \/>\n<meta property=\"article:modified_time\" content=\"2023-10-04T20:34:51+00:00\" \/>\n<meta property=\"og:image\" content=\"https:\/\/www.tugim.org\/wp-content\/uploads\/2020\/04\/tugim-kay\u0131t-2.jpg\" \/>\n\t<meta property=\"og:image:width\" content=\"1920\" \/>\n\t<meta property=\"og:image:height\" content=\"1080\" \/>\n\t<meta property=\"og:image:type\" content=\"image\/jpeg\" \/>\n<meta name=\"twitter:card\" content=\"summary_large_image\" \/>\n<meta name=\"twitter:label1\" content=\"Est. reading time\" \/>\n\t<meta name=\"twitter:data1\" content=\"6 minutes\" \/>\n<script type=\"application\/ld+json\" class=\"yoast-schema-graph\">{\"@context\":\"https:\/\/schema.org\",\"@graph\":[{\"@type\":\"WebPage\",\"@id\":\"https:\/\/www.tugim.org\/myk\/\",\"url\":\"https:\/\/www.tugim.org\/myk\/\",\"name\":\"MYK - T\u00dcG\u0130M\",\"isPartOf\":{\"@id\":\"https:\/\/www.tugim.org\/#website\"},\"datePublished\":\"2023-08-17T09:55:39+00:00\",\"dateModified\":\"2023-10-04T20:34:51+00:00\",\"breadcrumb\":{\"@id\":\"https:\/\/www.tugim.org\/myk\/#breadcrumb\"},\"inLanguage\":\"en-US\",\"potentialAction\":[{\"@type\":\"ReadAction\",\"target\":[\"https:\/\/www.tugim.org\/myk\/\"]}]},{\"@type\":\"BreadcrumbList\",\"@id\":\"https:\/\/www.tugim.org\/myk\/#breadcrumb\",\"itemListElement\":[{\"@type\":\"ListItem\",\"position\":1,\"name\":\"Ana sayfa\",\"item\":\"https:\/\/www.tugim.org\/\"},{\"@type\":\"ListItem\",\"position\":2,\"name\":\"MYK\"}]},{\"@type\":\"WebSite\",\"@id\":\"https:\/\/www.tugim.org\/#website\",\"url\":\"https:\/\/www.tugim.org\/\",\"name\":\"T\u00dcG\u0130M\",\"description\":\"T\u00fcm Giri\u015fimci Ve \u0130\u015f Mentorlar\u0131 Derne\u011fi\",\"publisher\":{\"@id\":\"https:\/\/www.tugim.org\/#organization\"},\"potentialAction\":[{\"@type\":\"SearchAction\",\"target\":{\"@type\":\"EntryPoint\",\"urlTemplate\":\"https:\/\/www.tugim.org\/?s={search_term_string}\"},\"query-input\":{\"@type\":\"PropertyValueSpecification\",\"valueRequired\":true,\"valueName\":\"search_term_string\"}}],\"inLanguage\":\"en-US\"},{\"@type\":\"Organization\",\"@id\":\"https:\/\/www.tugim.org\/#organization\",\"name\":\"T\u00fcm Giri\u015fimci ve \u0130\u015f Mentorlar\u0131 Derne\u011fi\",\"url\":\"https:\/\/www.tugim.org\/\",\"logo\":{\"@type\":\"ImageObject\",\"inLanguage\":\"en-US\",\"@id\":\"https:\/\/www.tugim.org\/#\/schema\/logo\/image\/\",\"url\":\"https:\/\/www.tugim.org\/wp-content\/uploads\/2019\/02\/Tugim-girisimcilik-mentorluk-tubitak-mentoru-startup-e1584278111902.png\",\"contentUrl\":\"https:\/\/www.tugim.org\/wp-content\/uploads\/2019\/02\/Tugim-girisimcilik-mentorluk-tubitak-mentoru-startup-e1584278111902.png\",\"width\":150,\"height\":40,\"caption\":\"T\u00fcm Giri\u015fimci ve \u0130\u015f Mentorlar\u0131 Derne\u011fi\"},\"image\":{\"@id\":\"https:\/\/www.tugim.org\/#\/schema\/logo\/image\/\"},\"sameAs\":[\"https:\/\/www.linkedin.com\/company\/tugim-org\/\"]}]}<\/script>\n<!-- \/ Yoast SEO plugin. -->","yoast_head_json":{"title":"MYK - T\u00dcG\u0130M","robots":{"index":"index","follow":"follow","max-snippet":"max-snippet:-1","max-image-preview":"max-image-preview:large","max-video-preview":"max-video-preview:-1"},"canonical":"https:\/\/www.tugim.org\/en\/myk\/","og_locale":"en_US","og_type":"article","og_title":"MYK - T\u00dcG\u0130M","og_url":"https:\/\/www.tugim.org\/en\/myk\/","og_site_name":"T\u00dcG\u0130M","article_modified_time":"2023-10-04T20:34:51+00:00","og_image":[{"width":1920,"height":1080,"url":"https:\/\/www.tugim.org\/wp-content\/uploads\/2020\/04\/tugim-kay\u0131t-2.jpg","type":"image\/jpeg"}],"twitter_card":"summary_large_image","twitter_misc":{"Est. reading time":"6 minutes"},"schema":{"@context":"https:\/\/schema.org","@graph":[{"@type":"WebPage","@id":"https:\/\/www.tugim.org\/myk\/","url":"https:\/\/www.tugim.org\/myk\/","name":"MYK - T\u00dcG\u0130M","isPartOf":{"@id":"https:\/\/www.tugim.org\/#website"},"datePublished":"2023-08-17T09:55:39+00:00","dateModified":"2023-10-04T20:34:51+00:00","breadcrumb":{"@id":"https:\/\/www.tugim.org\/myk\/#breadcrumb"},"inLanguage":"en-US","potentialAction":[{"@type":"ReadAction","target":["https:\/\/www.tugim.org\/myk\/"]}]},{"@type":"BreadcrumbList","@id":"https:\/\/www.tugim.org\/myk\/#breadcrumb","itemListElement":[{"@type":"ListItem","position":1,"name":"Ana sayfa","item":"https:\/\/www.tugim.org\/"},{"@type":"ListItem","position":2,"name":"MYK"}]},{"@type":"WebSite","@id":"https:\/\/www.tugim.org\/#website","url":"https:\/\/www.tugim.org\/","name":"T\u00dcG\u0130M","description":"T\u00fcm Giri\u015fimci Ve \u0130\u015f Mentorlar\u0131 Derne\u011fi","publisher":{"@id":"https:\/\/www.tugim.org\/#organization"},"potentialAction":[{"@type":"SearchAction","target":{"@type":"EntryPoint","urlTemplate":"https:\/\/www.tugim.org\/?s={search_term_string}"},"query-input":{"@type":"PropertyValueSpecification","valueRequired":true,"valueName":"search_term_string"}}],"inLanguage":"en-US"},{"@type":"Organization","@id":"https:\/\/www.tugim.org\/#organization","name":"T\u00fcm Giri\u015fimci ve \u0130\u015f Mentorlar\u0131 Derne\u011fi","url":"https:\/\/www.tugim.org\/","logo":{"@type":"ImageObject","inLanguage":"en-US","@id":"https:\/\/www.tugim.org\/#\/schema\/logo\/image\/","url":"https:\/\/www.tugim.org\/wp-content\/uploads\/2019\/02\/Tugim-girisimcilik-mentorluk-tubitak-mentoru-startup-e1584278111902.png","contentUrl":"https:\/\/www.tugim.org\/wp-content\/uploads\/2019\/02\/Tugim-girisimcilik-mentorluk-tubitak-mentoru-startup-e1584278111902.png","width":150,"height":40,"caption":"T\u00fcm Giri\u015fimci ve \u0130\u015f Mentorlar\u0131 Derne\u011fi"},"image":{"@id":"https:\/\/www.tugim.org\/#\/schema\/logo\/image\/"},"sameAs":["https:\/\/www.linkedin.com\/company\/tugim-org\/"]}]}},"_links":{"self":[{"href":"https:\/\/www.tugim.org\/en\/wp-json\/wp\/v2\/pages\/4936","targetHints":{"allow":["GET"]}}],"collection":[{"href":"https:\/\/www.tugim.org\/en\/wp-json\/wp\/v2\/pages"}],"about":[{"href":"https:\/\/www.tugim.org\/en\/wp-json\/wp\/v2\/types\/page"}],"author":[{"embeddable":true,"href":"https:\/\/www.tugim.org\/en\/wp-json\/wp\/v2\/users\/65"}],"replies":[{"embeddable":true,"href":"https:\/\/www.tugim.org\/en\/wp-json\/wp\/v2\/comments?post=4936"}],"version-history":[{"count":2,"href":"https:\/\/www.tugim.org\/en\/wp-json\/wp\/v2\/pages\/4936\/revisions"}],"predecessor-version":[{"id":5088,"href":"https:\/\/www.tugim.org\/en\/wp-json\/wp\/v2\/pages\/4936\/revisions\/5088"}],"wp:attachment":[{"href":"https:\/\/www.tugim.org\/en\/wp-json\/wp\/v2\/media?parent=4936"}],"curies":[{"name":"wp","href":"https:\/\/api.w.org\/{rel}","templated":true}]}}